{"id":1462,"date":"2024-09-22T11:39:57","date_gmt":"2024-09-22T11:39:57","guid":{"rendered":"https:\/\/guenner.maklertemplate.de\/?page_id=1462"},"modified":"2024-09-22T11:39:57","modified_gmt":"2024-09-22T11:39:57","slug":"potsdam","status":"publish","type":"page","link":"https:\/\/guenner-immobilien.de\/en\/catchment-areas\/potsdam\/","title":{"rendered":"Potsdam"},"content":{"rendered":"<section class=\"l-section wpb_row us_custom_53e02437 height_auto width_full\" id=\"bannerSubpage\"><div class=\"l-section-h i-cf\"><div class=\"g-cols vc_row via_flex valign_top type_default stacking_default\"><div class=\"vc_col-sm-12 wpb_column vc_column_container\"><div class=\"vc_column-inner\"><div class=\"wpb_wrapper\">\n\t<div class=\"wpb_raw_code wpb_raw_html wpb_content_element us_custom_909b2fd0\" >\n\t\t<div class=\"wpb_wrapper\">\n\t\t\t<div class=\"HeadlineWapper\"><h1><span>Potsdam<\/span><\/h1><\/div>\n\t\t<\/div>\n\t<\/div>\n<\/div><\/div><\/div><\/div><\/div><\/section><section class=\"l-section wpb_row height_medium\"><div class=\"l-section-h i-cf\"><div class=\"g-cols vc_row via_flex valign_top type_default stacking_default\"><div class=\"vc_col-sm-8 wpb_column vc_column_container\"><div class=\"vc_column-inner\"><div class=\"wpb_wrapper\"><div class=\"wpb_text_column\"><div class=\"wpb_wrapper\"><h2>Your real estate expert for Potsdam<\/h2>\n<p>Trust in our expertise when it comes to the Kauf or Verkauf of your property in Potsdam. We offer you an all-round service that allows you to make the entire process stress-free. Your only effort? Going to the notary and signing the contracts. Thanks to our tailor-made marketing strategy, we do everything we can to achieve the optimal Verkauf price for your property. While inexperienced agents often incur unwanted costs, experienced professionals like us create real added value. Our dedicated team is at your side from the first viewing to the handover of the keys - and we&#039;ll be there for you afterwards too. Do you need support from tradesmen, architects, financing experts or energy consultants? Thanks to our strong network of trustworthy professionals, we can offer you the ideal support at every stage.<\/p>\n<\/div><\/div><\/div><\/div><\/div><div class=\"vc_col-sm-4 wpb_column vc_column_container\"><div class=\"vc_column-inner\"><div class=\"wpb_wrapper\"><div class=\"w-image align_none\"><div class=\"w-image-h\"><img decoding=\"async\" width=\"629\" height=\"629\" src=\"https:\/\/guenner-immobilien.de\/wp-content\/uploads\/2024\/09\/home_reg_experte_h.cf421dc5.jpg\" class=\"attachment-large size-large\" alt=\"portrait of david g\u00fcnner\" loading=\"lazy\" srcset=\"https:\/\/guenner-immobilien.de\/wp-content\/uploads\/2024\/09\/home_reg_experte_h.cf421dc5.jpg 629w, https:\/\/guenner-immobilien.de\/wp-content\/uploads\/2024\/09\/home_reg_experte_h.cf421dc5-300x300.jpg 300w, https:\/\/guenner-immobilien.de\/wp-content\/uploads\/2024\/09\/home_reg_experte_h.cf421dc5-150x150.jpg 150w, https:\/\/guenner-immobilien.de\/wp-content\/uploads\/2024\/09\/home_reg_experte_h.cf421dc5-600x600.jpg 600w\" sizes=\"auto, (max-width: 629px) 100vw, 629px\" \/><\/div><\/div><\/div><\/div><\/div><\/div><\/div><\/section><section class=\"l-section wpb_row us_custom_08af5949 height_medium\"><div class=\"l-section-h i-cf\"><div class=\"g-cols vc_row via_flex valign_top type_default stacking_default\"><div class=\"vc_col-sm-12 wpb_column vc_column_container\"><div class=\"vc_column-inner\"><div class=\"wpb_wrapper\"><div class=\"wpb_text_column\"><div class=\"wpb_wrapper\"><h2>Your real estate agent in Potsdam \u2013 competence and trust<\/h2>\n<p>Potsdam, the beautiful capital of Brandenburg, is known for its impressive mix of culture, history and modern urbanity. Surrounded by picturesque lakes and extensive parks such as the famous Sanssouci Park, the city offers both a historical flair and a vibrant quality of life. Whether you are interested in a property in the historic city center or in the quieter surrounding area - Potsdam has something for everyone.<\/p>\n<p>As a real estate agent for Berlin, Potsdam and the surrounding area, we support you in finding your new home or successfully selling your property. Thanks to our comprehensive market knowledge and our large network, we can offer you a wide range of <a title=\"To all real estate offers in Potsdam\" href=\"\/en\/all-properties\/\">real estate offers in Potsdam<\/a> present \u2013 from charming old buildings to modern new building projects.<\/p>\n<h2>Our services \u2013 your advantage<\/h2>\n<p>We offer you an all-round service that covers all aspects of real estate and property management. From the <a title=\"Valuation of your property in Potsdam\" href=\"\/en\/evaluate-property\/\">real estate valuation<\/a> From personal advice to the handling of the transaction \u2013 we are at your side as a reliable partner. Our <a title=\"references and customer reviews\" href=\"\/en\/references\/\">credentials<\/a> speak for our many years of expertise and the success of our work.<\/p>\n<p>Are you looking for your dream property in Potsdam? Simply create a <a title=\"Create search profile for properties in Potsdam\" href=\"\/en\/create-a-search-profile\/\">search profile<\/a>so that we can inform you about suitable properties. Our team will also be happy to help you find your <a title=\"Find out more about us as real estate agents in Potsdam\" href=\"\/en\/about-us\/\">dream object<\/a> to find or market your property in the best possible way.<\/p>\n<p>Thanks to our deep roots in the region, we can also advise you on the various <a title=\"Explore our catchment areas around Potsdam\" href=\"\/en\/catchment-areas\/\">catchment areas around Potsdam<\/a> Contact us and find out how we can help you successfully sell or sell your property.<\/p>\n<\/div><\/div><\/div><\/div><\/div><\/div><\/div><\/section><section class=\"l-section wpb_row us_custom_c70c97eb contentBorder height_medium\"><div class=\"l-section-h i-cf\"><div class=\"g-cols vc_row via_flex valign_top type_default stacking_default\"><div class=\"vc_col-sm-12 wpb_column vc_column_container\"><div class=\"vc_column-inner\"><div class=\"wpb_wrapper\">\n\t<div class=\"wpb_raw_code wpb_raw_html wpb_content_element us_custom_909b2fd0\" >\n\t\t<div class=\"wpb_wrapper\">\n\t\t\t<script src=\"https:\/\/static.elfsight.com\/platform\/platform.js\" data-use-service-core defer><\/script>\n<div class=\"elfsight-app-4affd119-c130-4a1d-824e-4b06cd228cf0\" data-elfsight-app-lazy><\/div>\n\t\t<\/div>\n\t<\/div>\n<\/div><\/div><\/div><\/div><\/div><\/section><section class=\"l-section wpb_row us_custom_08af5949 height_medium\"><div class=\"l-section-h i-cf\"><div class=\"g-cols vc_row via_flex valign_top type_default stacking_default\"><div class=\"vc_col-sm-12 wpb_column vc_column_container\"><div class=\"vc_column-inner\"><div class=\"wpb_wrapper\"><div class=\"wpb_text_column\"><div class=\"wpb_wrapper\"><h2>Real estate market in Berlin-Kladow: Close to nature and sought after<\/h2>\n<p>The real estate market in Berlin-Kladow is enjoying increasing popularity, especially among families and people who appreciate a quiet, natural environment. The mix of an idyllic location on the water, spacious green areas and at the same time good connections to Berlin&#039;s city center makes Kladow an attractive location. The range of real estate is diverse and ranges from charming single-family homes to modern new buildings and exclusive villas. As demand is constantly increasing, prices in Kladow are stable and at a high level, which makes the place particularly interesting for long-term investments.<\/p>\n<h3>Easily accessible and conveniently connected<\/h3>\n<p>Although Kladow offers a village-like and relaxed atmosphere, it has excellent transport links. The ferry takes you quickly to Wannsee, and numerous bus connections make it easy to get to Spandau or Berlin&#039;s S-Bahn stations. Drivers benefit from the proximity to the B5 and A100, which offer a direct connection to both the city center and the surrounding area of Berlin. Kladow thus combines the best of both worlds: living close to nature and quick access to urban centers.<\/p>\n<p>Thanks to its high quality of life and excellent infrastructure, Kladow is attractive to anyone looking for peace and quiet but who still doesn&#039;t want to miss out on the benefits of a city. Whether you are looking for a property or want to sell your own property - the real estate market in Kladow offers a wide range of options.<\/p>\n<\/div><\/div><\/div><\/div><\/div><\/div><\/div><\/section><section class=\"l-section wpb_row contentBorder height_medium\"><div class=\"l-section-h i-cf\"><div class=\"g-cols vc_row via_flex valign_top type_default stacking_default\"><div class=\"vc_col-sm-6 wpb_column vc_column_container\"><div class=\"vc_column-inner\"><div class=\"wpb_wrapper\"><div class=\"wpb_text_column\"><div class=\"wpb_wrapper\"><h2 class=\"gold\">Facts about Berlin-Kladow<\/h2>\n<h2 class=\"goldSubline\">The most important figures and data<\/h2>\n<\/div><\/div><\/div><\/div><\/div><div class=\"vc_col-sm-6 wpb_column vc_column_container\"><div class=\"vc_column-inner\"><div class=\"wpb_wrapper\"><div class=\"wpb_text_column\"><div class=\"wpb_wrapper\"><ul>\n<li>187,119 inhabitants<\/li>\n<li>188.24 km\u00b2<\/li>\n<li>Surrounding towns: Zehlendorf, Kleinmachnow, Teltow<\/li>\n<\/ul>\n<\/div><\/div><\/div><\/div><\/div><\/div><\/div><\/section><section class=\"l-section wpb_row us_custom_08af5949 height_medium\"><div class=\"l-section-h i-cf\"><div class=\"g-cols vc_row via_flex valign_top type_default stacking_default\"><div class=\"vc_col-sm-12 wpb_column vc_column_container\"><div class=\"vc_column-inner\"><div class=\"wpb_wrapper\"><div class=\"wpb_text_column\"><div class=\"wpb_wrapper\"><h2>The real estate market in Potsdam \u2013 A highly competitive terrain<\/h2>\n<p>Potsdam has become an extremely attractive place to live in recent years, particularly due to its close proximity to Berlin. This location attracts not only families and professionals, but also investors who recognize the market&#039;s potential. Demand for real estate in Potsdam has risen sharply, making the market highly competitive. Apartments and houses are often snapped up quickly, and it is not unusual for offers to attract numerous interested parties within a few days of being published.<\/p>\n<p>In such an environment, the support of an experienced real estate agent is particularly important. An agent knows the local market inside and out and can set realistic prices to achieve the best possible sale price. In addition, an agent has access to an extensive network and can develop targeted marketing strategies to present the property in the best possible way.<\/p>\n<p>A professional broker also takes over all the necessary steps in the sales process - from creating attractive expos\u00e9s to organizing viewing appointments and negotiating with potential buyers. This takes a lot of pressure off the seller and ensures that the entire process runs smoothly. Especially in a market as dynamic as Potsdam, it is crucial not to miss out on valuable opportunities and to benefit from the expertise of a professional.<\/p>\n<p>Overall, the real estate market in Potsdam is an exciting and challenging environment that presents both opportunities and risks. However, with the right support from a competent agent, sellers can ensure they make the best decisions and get the maximum benefit from their property holdings.<\/p>\n<\/div><\/div><\/div><\/div><\/div><\/div><\/div><\/section><section class=\"l-section wpb_row contentBorder height_auto width_full\"><div class=\"l-section-h i-cf\"><div class=\"g-cols vc_row via_flex valign_top type_default stacking_default\"><div class=\"vc_col-sm-12 wpb_column vc_column_container\"><div class=\"vc_column-inner\"><div class=\"wpb_wrapper\"><section class=\"l-section wpb_row guennerASP height_medium full_height valign_center with_img\"><div class=\"l-section-img\" role=\"img\" aria-label=\"Image\" data-img-width=\"2048\" data-img-height=\"1365\" style=\"background-image: url(https:\/\/guenner-immobilien.de\/wp-content\/uploads\/2024\/07\/guenner.jpg);background-position: center right;\"><\/div><div class=\"l-section-h i-cf\"><div class=\"g-cols vc_row via_flex valign_top type_default stacking_default\"><div class=\"vc_col-sm-6 wpb_column vc_column_container\"><div class=\"vc_column-inner\"><div class=\"wpb_wrapper\"><div class=\"wpb_text_column us_custom_c23a66ad\"><div class=\"wpb_wrapper\"><h2 class=\"gold\">HAVE WE CONVINCED YOU?<\/h2>\n<h2 class=\"goldSubline\">Arrange a free consultation now<\/h2>\n<\/div><\/div><div class=\"w-btn-wrapper align_none\"><a class=\"w-btn us-btn-style_1\" title=\"Get in touch!\" href=\"\/en\/contact\/\"><span class=\"w-btn-label\">Make an appointment for a consultation<\/span><\/a><\/div><\/div><\/div><\/div><div class=\"vc_col-sm-6 wpb_column vc_column_container\"><div class=\"vc_column-inner\"><div class=\"wpb_wrapper\"><div class=\"w-grid type_grid layout_blog_1 hidden cols_2\" id=\"us_grid_1\" style=\"--columns:2;--gap:1.5rem;\"><style>@media (max-width:900px){#us_grid_1{--columns:1!important}}.layout_blog_1 .w-grid-item-h{}.layout_blog_1 .usg_post_image_1{margin-bottom:0.5rem!important}.layout_blog_1 .usg_post_title_1{font-size:1rem!important}<\/style><div class=\"w-grid-list\"><\/div><div class=\"w-grid-preloader\">\t<div class=\"g-preloader type_1\">\r\n\t\t<div><\/div>\r\n\t<\/div>\r\n\t<\/div>\t<div class=\"w-grid-json hidden\" onclick='return {&quot;action&quot;:&quot;us_ajax_grid&quot;,&quot;infinite_scroll&quot;:0,&quot;max_num_pages&quot;:0,&quot;pagination&quot;:&quot;none&quot;,&quot;template_vars&quot;:{&quot;columns&quot;:&quot;2&quot;,&quot;exclude_items&quot;:&quot;none&quot;,&quot;img_size&quot;:&quot;default&quot;,&quot;ignore_items_size&quot;:0,&quot;items_layout&quot;:&quot;blog_1&quot;,&quot;items_offset&quot;:&quot;1&quot;,&quot;load_animation&quot;:&quot;none&quot;,&quot;overriding_link&quot;:&quot;{\\&quot;url\\&quot;:\\&quot;\\&quot;}&quot;,&quot;post_id&quot;:1380,&quot;query_args&quot;:{&quot;posts_per_page&quot;:&quot;10&quot;},&quot;orderby_query_args&quot;:{&quot;orderby&quot;:{&quot;date&quot;:&quot;DESC&quot;}},&quot;type&quot;:&quot;grid&quot;,&quot;us_grid_post_type&quot;:&quot;ids_terms&quot;,&quot;us_grid_ajax_index&quot;:1,&quot;us_grid_filter_query_string&quot;:null,&quot;us_grid_index&quot;:1,&quot;page_args&quot;:[]}}'><\/div>\r\n\t<\/div><\/div><\/div><\/div><\/div><\/div><\/section>\n<\/div><\/div><\/div><\/div><\/div><\/section>","protected":false},"excerpt":{"rendered":"Potsdam Ihr Immobilienexperte f\u00fcr Potsdam Vertrauen Sie auf unsere Expertise, wenn es um den Kauf oder Verkauf Ihrer Immobilie in Potsdam geht. Wir bieten Ihnen einen Rundum-Service, der es Ihnen erm\u00f6glicht, den gesamten Prozess stressfrei zu gestalten. Ihr einziger Aufwand? Der Gang zum Notar und die Unterschrift der Vertr\u00e4ge. Dank unserer ma\u00dfgeschneiderten Marketingstrategie setzen wir...","protected":false},"author":4,"featured_media":1464,"parent":1375,"menu_order":0,"comment_status":"closed","ping_status":"closed","template":"object-list.php","meta":{"footnotes":""},"class_list":["post-1462","page","type-page","status-publish","has-post-thumbnail","hentry"],"yoast_head":"<!-- This site is optimized with the Yoast SEO plugin v26.0 - https:\/\/yoast.com\/wordpress\/plugins\/seo\/ -->\n<title>Ihr erfahrener Makler f\u00fcr Immobilien in Potsdam | Guenner Immobilien<\/title>\n<meta name=\"description\" content=\"Vertrauen Sie auf unsere Expertise beim Kauf, Verkauf und der Bewertung von Immobilien in Potsdam. Jetzt Traumimmobilie finden oder Immobilie bewerten lassen!\" \/>\n<meta name=\"robots\" content=\"index, follow, max-snippet:-1, max-image-preview:large, max-video-preview:-1\" \/>\n<link rel=\"canonical\" href=\"https:\/\/www.guenner-immobilien.de\/einzugsgebiete\/potsdam\" \/>\n<meta property=\"og:locale\" content=\"en_US\" \/>\n<meta property=\"og:type\" content=\"article\" \/>\n<meta property=\"og:title\" content=\"Ihr erfahrener Makler f\u00fcr Immobilien in Potsdam | Guenner Immobilien\" \/>\n<meta property=\"og:description\" content=\"Vertrauen Sie auf unsere Expertise beim Kauf, Verkauf und der Bewertung von Immobilien in Potsdam. Jetzt Traumimmobilie finden oder Immobilie bewerten lassen!\" \/>\n<meta property=\"og:url\" content=\"https:\/\/www.guenner-immobilien.de\/einzugsgebiete\/potsdam\" \/>\n<meta property=\"og:site_name\" content=\"Guenner Immobilien\" \/>\n<meta property=\"og:image\" content=\"https:\/\/guenner-immobilien.de\/wp-content\/uploads\/2024\/09\/potsdam-parlament.jpg\" \/>\n\t<meta property=\"og:image:width\" content=\"1225\" \/>\n\t<meta property=\"og:image:height\" content=\"856\" \/>\n\t<meta property=\"og:image:type\" content=\"image\/jpeg\" \/>\n<meta name=\"twitter:card\" content=\"summary_large_image\" \/>\n<meta name=\"twitter:label1\" content=\"Est. reading time\" \/>\n\t<meta name=\"twitter:data1\" content=\"6 minutes\" \/>\n<script type=\"application\/ld+json\" class=\"yoast-schema-graph\">{\"@context\":\"https:\/\/schema.org\",\"@graph\":[{\"@type\":\"WebPage\",\"@id\":\"https:\/\/guenner-immobilien.de\/einzugsgebiete\/potsdam\/\",\"url\":\"https:\/\/www.guenner-immobilien.de\/einzugsgebiete\/potsdam\",\"name\":\"Ihr erfahrener Makler f\u00fcr Immobilien in Potsdam | Guenner Immobilien\",\"isPartOf\":{\"@id\":\"https:\/\/guenner-immobilien.de\/#website\"},\"primaryImageOfPage\":{\"@id\":\"https:\/\/www.guenner-immobilien.de\/einzugsgebiete\/potsdam#primaryimage\"},\"image\":{\"@id\":\"https:\/\/www.guenner-immobilien.de\/einzugsgebiete\/potsdam#primaryimage\"},\"thumbnailUrl\":\"https:\/\/guenner-immobilien.de\/wp-content\/uploads\/2024\/09\/potsdam-parlament.jpg\",\"datePublished\":\"2024-09-22T11:39:57+00:00\",\"description\":\"Vertrauen Sie auf unsere Expertise beim Kauf, Verkauf und der Bewertung von Immobilien in Potsdam. Jetzt Traumimmobilie finden oder Immobilie bewerten lassen!\",\"breadcrumb\":{\"@id\":\"https:\/\/www.guenner-immobilien.de\/einzugsgebiete\/potsdam#breadcrumb\"},\"inLanguage\":\"en-US\",\"potentialAction\":[{\"@type\":\"ReadAction\",\"target\":[\"https:\/\/www.guenner-immobilien.de\/einzugsgebiete\/potsdam\"]}]},{\"@type\":\"ImageObject\",\"inLanguage\":\"en-US\",\"@id\":\"https:\/\/www.guenner-immobilien.de\/einzugsgebiete\/potsdam#primaryimage\",\"url\":\"https:\/\/guenner-immobilien.de\/wp-content\/uploads\/2024\/09\/potsdam-parlament.jpg\",\"contentUrl\":\"https:\/\/guenner-immobilien.de\/wp-content\/uploads\/2024\/09\/potsdam-parlament.jpg\",\"width\":1225,\"height\":856,\"caption\":\"Wir sorgen f\u00fcr zuverl\u00e4ssige Immobiliengesch\u00e4fte in Potsdam!\"},{\"@type\":\"BreadcrumbList\",\"@id\":\"https:\/\/www.guenner-immobilien.de\/einzugsgebiete\/potsdam#breadcrumb\",\"itemListElement\":[{\"@type\":\"ListItem\",\"position\":1,\"name\":\"Startseite\",\"item\":\"https:\/\/guenner-immobilien.de\/\"},{\"@type\":\"ListItem\",\"position\":2,\"name\":\"Einzugsgebiete\",\"item\":\"https:\/\/guenner-immobilien.de\/einzugsgebiete\/\"},{\"@type\":\"ListItem\",\"position\":3,\"name\":\"Potsdam\"}]},{\"@type\":\"WebSite\",\"@id\":\"https:\/\/guenner-immobilien.de\/#website\",\"url\":\"https:\/\/guenner-immobilien.de\/\",\"name\":\"Guenner Immobilien\",\"description\":\"Immobilienmakler und Immobilien in Berlin und Umgebung\",\"potentialAction\":[{\"@type\":\"SearchAction\",\"target\":{\"@type\":\"EntryPoint\",\"urlTemplate\":\"https:\/\/guenner-immobilien.de\/?s={search_term_string}\"},\"query-input\":{\"@type\":\"PropertyValueSpecification\",\"valueRequired\":true,\"valueName\":\"search_term_string\"}}],\"inLanguage\":\"en-US\"}]}<\/script>\n<!-- \/ Yoast SEO plugin. -->","yoast_head_json":{"title":"Your experienced real estate agent in Potsdam | Guenner Immobilien","description":"Trust in our expertise in Kauf, Verkauf and the valuation of properties in Potsdam. Find your dream property now or have it valued!","robots":{"index":"index","follow":"follow","max-snippet":"max-snippet:-1","max-image-preview":"max-image-preview:large","max-video-preview":"max-video-preview:-1"},"canonical":"https:\/\/www.guenner-immobilien.de\/einzugsgebiete\/potsdam","og_locale":"en_US","og_type":"article","og_title":"Ihr erfahrener Makler f\u00fcr Immobilien in Potsdam | Guenner Immobilien","og_description":"Vertrauen Sie auf unsere Expertise beim Kauf, Verkauf und der Bewertung von Immobilien in Potsdam. Jetzt Traumimmobilie finden oder Immobilie bewerten lassen!","og_url":"https:\/\/www.guenner-immobilien.de\/einzugsgebiete\/potsdam","og_site_name":"Guenner Immobilien","og_image":[{"width":1225,"height":856,"url":"https:\/\/guenner-immobilien.de\/wp-content\/uploads\/2024\/09\/potsdam-parlament.jpg","type":"image\/jpeg"}],"twitter_card":"summary_large_image","twitter_misc":{"Est. reading time":"6 minutes"},"schema":{"@context":"https:\/\/schema.org","@graph":[{"@type":"WebPage","@id":"https:\/\/guenner-immobilien.de\/einzugsgebiete\/potsdam\/","url":"https:\/\/www.guenner-immobilien.de\/einzugsgebiete\/potsdam","name":"Your experienced real estate agent in Potsdam | Guenner Immobilien","isPartOf":{"@id":"https:\/\/guenner-immobilien.de\/#website"},"primaryImageOfPage":{"@id":"https:\/\/www.guenner-immobilien.de\/einzugsgebiete\/potsdam#primaryimage"},"image":{"@id":"https:\/\/www.guenner-immobilien.de\/einzugsgebiete\/potsdam#primaryimage"},"thumbnailUrl":"https:\/\/guenner-immobilien.de\/wp-content\/uploads\/2024\/09\/potsdam-parlament.jpg","datePublished":"2024-09-22T11:39:57+00:00","description":"Trust in our expertise in Kauf, Verkauf and the valuation of properties in Potsdam. Find your dream property now or have it valued!","breadcrumb":{"@id":"https:\/\/www.guenner-immobilien.de\/einzugsgebiete\/potsdam#breadcrumb"},"inLanguage":"en-US","potentialAction":[{"@type":"ReadAction","target":["https:\/\/www.guenner-immobilien.de\/einzugsgebiete\/potsdam"]}]},{"@type":"ImageObject","inLanguage":"en-US","@id":"https:\/\/www.guenner-immobilien.de\/einzugsgebiete\/potsdam#primaryimage","url":"https:\/\/guenner-immobilien.de\/wp-content\/uploads\/2024\/09\/potsdam-parlament.jpg","contentUrl":"https:\/\/guenner-immobilien.de\/wp-content\/uploads\/2024\/09\/potsdam-parlament.jpg","width":1225,"height":856,"caption":"Wir sorgen f\u00fcr zuverl\u00e4ssige Immobiliengesch\u00e4fte in Potsdam!"},{"@type":"BreadcrumbList","@id":"https:\/\/www.guenner-immobilien.de\/einzugsgebiete\/potsdam#breadcrumb","itemListElement":[{"@type":"ListItem","position":1,"name":"Startseite","item":"https:\/\/guenner-immobilien.de\/"},{"@type":"ListItem","position":2,"name":"Einzugsgebiete","item":"https:\/\/guenner-immobilien.de\/einzugsgebiete\/"},{"@type":"ListItem","position":3,"name":"Potsdam"}]},{"@type":"WebSite","@id":"https:\/\/guenner-immobilien.de\/#website","url":"https:\/\/guenner-immobilien.de\/","name":"Guenner Immobilien","description":"Real estate agents and properties in Berlin and the surrounding area","potentialAction":[{"@type":"SearchAction","target":{"@type":"EntryPoint","urlTemplate":"https:\/\/guenner-immobilien.de\/?s={search_term_string}"},"query-input":{"@type":"PropertyValueSpecification","valueRequired":true,"valueName":"search_term_string"}}],"inLanguage":"en-US"}]}},"_links":{"self":[{"href":"https:\/\/guenner-immobilien.de\/en\/wp-json\/wp\/v2\/pages\/1462","targetHints":{"allow":["GET"]}}],"collection":[{"href":"https:\/\/guenner-immobilien.de\/en\/wp-json\/wp\/v2\/pages"}],"about":[{"href":"https:\/\/guenner-immobilien.de\/en\/wp-json\/wp\/v2\/types\/page"}],"author":[{"embeddable":true,"href":"https:\/\/guenner-immobilien.de\/en\/wp-json\/wp\/v2\/users\/4"}],"replies":[{"embeddable":true,"href":"https:\/\/guenner-immobilien.de\/en\/wp-json\/wp\/v2\/comments?post=1462"}],"version-history":[{"count":7,"href":"https:\/\/guenner-immobilien.de\/en\/wp-json\/wp\/v2\/pages\/1462\/revisions"}],"predecessor-version":[{"id":1489,"href":"https:\/\/guenner-immobilien.de\/en\/wp-json\/wp\/v2\/pages\/1462\/revisions\/1489"}],"up":[{"embeddable":true,"href":"https:\/\/guenner-immobilien.de\/en\/wp-json\/wp\/v2\/pages\/1375"}],"wp:featuredmedia":[{"embeddable":true,"href":"https:\/\/guenner-immobilien.de\/en\/wp-json\/wp\/v2\/media\/1464"}],"wp:attachment":[{"href":"https:\/\/guenner-immobilien.de\/en\/wp-json\/wp\/v2\/media?parent=1462"}],"curies":[{"name":"wp","href":"https:\/\/api.w.org\/{rel}","templated":true}]}}