{"id":1532,"date":"2024-09-24T05:20:45","date_gmt":"2024-09-24T05:20:45","guid":{"rendered":"https:\/\/guenner.maklertemplate.de\/?page_id=1532"},"modified":"2024-09-24T05:20:45","modified_gmt":"2024-09-24T05:20:45","slug":"werder-havel","status":"publish","type":"page","link":"https:\/\/guenner-immobilien.de\/en\/catchment-areas\/werder-havel\/","title":{"rendered":"Werder (Havel)"},"content":{"rendered":"<section class=\"l-section wpb_row us_custom_75c2e20d height_auto width_full\" id=\"bannerSubpage\"><div class=\"l-section-h i-cf\"><div class=\"g-cols vc_row via_flex valign_top type_default stacking_default\"><div class=\"vc_col-sm-12 wpb_column vc_column_container\"><div class=\"vc_column-inner\"><div class=\"wpb_wrapper\">\n\t<div class=\"wpb_raw_code wpb_raw_html wpb_content_element us_custom_909b2fd0\" >\n\t\t<div class=\"wpb_wrapper\">\n\t\t\t<div class=\"HeadlineWapper\"><h1><span>Werder<\/span><\/h1><\/div>\n\t\t<\/div>\n\t<\/div>\n<\/div><\/div><\/div><\/div><\/div><\/section><section class=\"l-section wpb_row height_medium\"><div class=\"l-section-h i-cf\"><div class=\"g-cols vc_row via_flex valign_top type_default stacking_default\"><div class=\"vc_col-sm-8 wpb_column vc_column_container\"><div class=\"vc_column-inner\"><div class=\"wpb_wrapper\"><div class=\"wpb_text_column\"><div class=\"wpb_wrapper\"><h2>All-round service for the best prices in Werder<\/h2>\n<p>As an experienced real estate agent for the greater Berlin area, especially for Werder in Brandenburg, I offer you a stress-free transaction process. From the first viewing to the signing of the contract, all you have to worry about is your signatures and notary appointments - I&#039;ll take care of the rest.<\/p>\n<p>My goal is to achieve the best possible price for your property. You benefit from professional marketing and seamless support right up to the sale. My broad network of tradesmen and experts ensures that all aspects of your property are well covered.<\/p>\n<p>I will be happy to provide you with advice and support beyond the transaction, because your satisfaction is important to me. Rely on my expertise and enjoy the security that your real estate transaction is in the best hands!<\/p>\n<\/div><\/div><\/div><\/div><\/div><div class=\"vc_col-sm-4 wpb_column vc_column_container\"><div class=\"vc_column-inner\"><div class=\"wpb_wrapper\"><div class=\"w-image align_none\"><div class=\"w-image-h\"><img decoding=\"async\" width=\"629\" height=\"629\" src=\"https:\/\/guenner-immobilien.de\/wp-content\/uploads\/2024\/09\/home_reg_experte_h.cf421dc5.jpg\" class=\"attachment-large size-large\" alt=\"portrait of david g\u00fcnner\" loading=\"lazy\" srcset=\"https:\/\/guenner-immobilien.de\/wp-content\/uploads\/2024\/09\/home_reg_experte_h.cf421dc5.jpg 629w, https:\/\/guenner-immobilien.de\/wp-content\/uploads\/2024\/09\/home_reg_experte_h.cf421dc5-300x300.jpg 300w, https:\/\/guenner-immobilien.de\/wp-content\/uploads\/2024\/09\/home_reg_experte_h.cf421dc5-150x150.jpg 150w, https:\/\/guenner-immobilien.de\/wp-content\/uploads\/2024\/09\/home_reg_experte_h.cf421dc5-600x600.jpg 600w\" sizes=\"auto, (max-width: 629px) 100vw, 629px\" \/><\/div><\/div><\/div><\/div><\/div><\/div><\/div><\/section><section class=\"l-section wpb_row us_custom_08af5949 height_medium\"><div class=\"l-section-h i-cf\"><div class=\"g-cols vc_row via_flex valign_top type_default stacking_default\"><div class=\"vc_col-sm-12 wpb_column vc_column_container\"><div class=\"vc_column-inner\"><div class=\"wpb_wrapper\"><div class=\"wpb_text_column\"><div class=\"wpb_wrapper\"><h2>Werder (Havel) \u2013 your local real estate agent<\/h2>\n<p>Werder (Havel) is a picturesque town in the heart of Brandenburg, which not only impresses with its idyllic location on the Havel waters, but also with its charming historic town center and popular fruit plantations. Whether you are selling a property or looking for a new home in this unique region - as your real estate agent for Werder, I am at your side with a comprehensive service. From the professional valuation of your property to targeted and market-oriented marketing to the complete processing of the sale, including a best price guarantee, you can rely completely on my many years of experience and my strong network.<\/p>\n<p>Find out more about our comprehensive services in the <a title=\"Discover catchment areas\" href=\"\/en\/catchment-areas\/\">catchment areas<\/a>, browse through <a title=\"All current real estate offers\" href=\"\/en\/all-properties\/\">all available properties<\/a> in the region, or take a look at our <a title=\"customer experiences\" href=\"\/en\/references\/\">credentials<\/a>to see what our previous customers say. Also find out <a title=\"About Us\" href=\"\/en\/about-us\/\">more about us<\/a> and our team, or have your property listed without obligation and free of charge <a title=\"Get your property valued for free\" href=\"\/en\/evaluate-property\/\">evaluate<\/a>. If you are looking for a new property, you can also <a title=\"Create search profile\" href=\"\/en\/create-a-search-profile\/\">Create search profile<\/a> \u2013 we are happy to support you in your search for your dream property!<\/p>\n<\/div><\/div><\/div><\/div><\/div><\/div><\/div><\/section><section class=\"l-section wpb_row us_custom_c70c97eb contentBorder height_medium\"><div class=\"l-section-h i-cf\"><div class=\"g-cols vc_row via_flex valign_top type_default stacking_default\"><div class=\"vc_col-sm-12 wpb_column vc_column_container\"><div class=\"vc_column-inner\"><div class=\"wpb_wrapper\">\n\t<div class=\"wpb_raw_code wpb_raw_html wpb_content_element us_custom_909b2fd0\" >\n\t\t<div class=\"wpb_wrapper\">\n\t\t\t<script src=\"https:\/\/static.elfsight.com\/platform\/platform.js\" data-use-service-core defer><\/script>\n<div class=\"elfsight-app-4affd119-c130-4a1d-824e-4b06cd228cf0\" data-elfsight-app-lazy><\/div>\n\t\t<\/div>\n\t<\/div>\n<\/div><\/div><\/div><\/div><\/div><\/section><section class=\"l-section wpb_row us_custom_08af5949 height_medium\"><div class=\"l-section-h i-cf\"><div class=\"g-cols vc_row via_flex valign_top type_default stacking_default\"><div class=\"vc_col-sm-12 wpb_column vc_column_container\"><div class=\"vc_column-inner\"><div class=\"wpb_wrapper\"><div class=\"wpb_text_column\"><div class=\"wpb_wrapper\"><h2>Werder (Havel) \u2013 A sought-after real estate market between idyll and proximity to the capital<\/h2>\n<p>Werder (Havel) has developed into one of the most sought-after real estate markets in Brandenburg in recent years. The idyllic location directly on the Havel waters, surrounded by nature, offers a high quality of life that is particularly appreciated by families, nature lovers and people looking for peace and quiet. The historic old town and the picturesque orchards contribute to the special charm of the region and make Werder a unique place to live.<\/p>\n<p>At the same time, Werder is only about 40 kilometers from Berlin and is connected to the capital by excellent transport links. Commuters enjoy the advantage of being able to reach the center of Berlin in just 30 minutes and still live in a quiet, natural environment. This combination of idyll and proximity to the big city makes Werder a sought-after location on the real estate market - both for buyers and investors.<\/p>\n<\/div><\/div><\/div><\/div><\/div><\/div><\/div><\/section><section class=\"l-section wpb_row contentBorder height_medium\"><div class=\"l-section-h i-cf\"><div class=\"g-cols vc_row via_flex valign_top type_default stacking_default\"><div class=\"vc_col-sm-6 wpb_column vc_column_container\"><div class=\"vc_column-inner\"><div class=\"wpb_wrapper\"><div class=\"wpb_text_column\"><div class=\"wpb_wrapper\"><h2 class=\"gold\">Werder in numbers<\/h2>\n<h2 class=\"goldSubline\">What makes this place special<\/h2>\n<\/div><\/div><\/div><\/div><\/div><div class=\"vc_col-sm-6 wpb_column vc_column_container\"><div class=\"vc_column-inner\"><div class=\"wpb_wrapper\"><div class=\"wpb_text_column\"><div class=\"wpb_wrapper\"><ul>\n<li>26,970 inhabitants<\/li>\n<li>117 km\u00b2<\/li>\n<li>Surrounding towns: Potsdam, Schwielow, Teltow<\/li>\n<\/ul>\n<\/div><\/div><\/div><\/div><\/div><\/div><\/div><\/section><section class=\"l-section wpb_row us_custom_08af5949 height_medium\"><div class=\"l-section-h i-cf\"><div class=\"g-cols vc_row via_flex valign_top type_default stacking_default\"><div class=\"vc_col-sm-12 wpb_column vc_column_container\"><div class=\"vc_column-inner\"><div class=\"wpb_wrapper\"><div class=\"wpb_text_column\"><div class=\"wpb_wrapper\"><h2>Werder \u2013 A sought-after real estate market between idyll and proximity to the capital<\/h2>\n<p>Werder (Havel) has developed into one of the most sought-after real estate markets in Brandenburg in recent years. The idyllic location directly on the Havel waters, surrounded by nature, offers a high quality of life that is particularly appreciated by families, nature lovers and people looking for peace and quiet. The historic old town and the picturesque orchards contribute to the special charm of the region and make Werder a unique place to live.<\/p>\n<p>At the same time, Werder is only about 40 kilometers from Berlin and is connected to the capital by excellent transport links. Commuters enjoy the advantage of being able to reach the center of Berlin in just 30 minutes and still live in a quiet, natural environment. This combination of idyll and proximity to the big city makes Werder a sought-after location on the real estate market - both for buyers and investors.<\/p>\n<\/div><\/div><\/div><\/div><\/div><\/div><\/div><\/section><section class=\"l-section wpb_row contentBorder height_auto width_full\"><div class=\"l-section-h i-cf\"><div class=\"g-cols vc_row via_flex valign_top type_default stacking_default\"><div class=\"vc_col-sm-12 wpb_column vc_column_container\"><div class=\"vc_column-inner\"><div class=\"wpb_wrapper\"><section class=\"l-section wpb_row guennerASP height_medium full_height valign_center with_img\"><div class=\"l-section-img\" role=\"img\" aria-label=\"Image\" data-img-width=\"2048\" data-img-height=\"1365\" style=\"background-image: url(https:\/\/guenner-immobilien.de\/wp-content\/uploads\/2024\/07\/guenner.jpg);background-position: center right;\"><\/div><div class=\"l-section-h i-cf\"><div class=\"g-cols vc_row via_flex valign_top type_default stacking_default\"><div class=\"vc_col-sm-6 wpb_column vc_column_container\"><div class=\"vc_column-inner\"><div class=\"wpb_wrapper\"><div class=\"wpb_text_column us_custom_c23a66ad\"><div class=\"wpb_wrapper\"><h2 class=\"gold\">HAVE WE CONVINCED YOU?<\/h2>\n<h2 class=\"goldSubline\">Arrange a free consultation now<\/h2>\n<\/div><\/div><div class=\"w-btn-wrapper align_none\"><a class=\"w-btn us-btn-style_1\" title=\"Get in touch!\" href=\"\/en\/contact\/\"><span class=\"w-btn-label\">Make an appointment for a consultation<\/span><\/a><\/div><\/div><\/div><\/div><div class=\"vc_col-sm-6 wpb_column vc_column_container\"><div class=\"vc_column-inner\"><div class=\"wpb_wrapper\"><div class=\"w-grid type_grid layout_blog_1 hidden cols_2\" id=\"us_grid_1\" style=\"--columns:2;--gap:1.5rem;\"><style>@media (max-width:900px){#us_grid_1{--columns:1!important}}.layout_blog_1 .w-grid-item-h{}.layout_blog_1 .usg_post_image_1{margin-bottom:0.5rem!important}.layout_blog_1 .usg_post_title_1{font-size:1rem!important}<\/style><div class=\"w-grid-list\"><\/div><div class=\"w-grid-preloader\">\t<div class=\"g-preloader type_1\">\r\n\t\t<div><\/div>\r\n\t<\/div>\r\n\t<\/div>\t<div class=\"w-grid-json hidden\" onclick='return {&quot;action&quot;:&quot;us_ajax_grid&quot;,&quot;infinite_scroll&quot;:0,&quot;max_num_pages&quot;:0,&quot;pagination&quot;:&quot;none&quot;,&quot;template_vars&quot;:{&quot;columns&quot;:&quot;2&quot;,&quot;exclude_items&quot;:&quot;none&quot;,&quot;img_size&quot;:&quot;default&quot;,&quot;ignore_items_size&quot;:0,&quot;items_layout&quot;:&quot;blog_1&quot;,&quot;items_offset&quot;:&quot;1&quot;,&quot;load_animation&quot;:&quot;none&quot;,&quot;overriding_link&quot;:&quot;{\\&quot;url\\&quot;:\\&quot;\\&quot;}&quot;,&quot;post_id&quot;:1380,&quot;query_args&quot;:{&quot;posts_per_page&quot;:&quot;10&quot;},&quot;orderby_query_args&quot;:{&quot;orderby&quot;:{&quot;date&quot;:&quot;DESC&quot;}},&quot;type&quot;:&quot;grid&quot;,&quot;us_grid_post_type&quot;:&quot;ids_terms&quot;,&quot;us_grid_ajax_index&quot;:1,&quot;us_grid_filter_query_string&quot;:null,&quot;us_grid_index&quot;:1,&quot;page_args&quot;:[]}}'><\/div>\r\n\t<\/div><\/div><\/div><\/div><\/div><\/div><\/section>\n<\/div><\/div><\/div><\/div><\/div><\/section>","protected":false},"excerpt":{"rendered":"Werder Rundum-Service f\u00fcr beste Preise in Werder Als erfahrener Immobilienmakler f\u00fcr den Gro\u00dfraum Berlin, speziell f\u00fcr Werder in Brandenburg, biete ich Ihnen einen stressfreien Verkaufsprozess. Von der ersten Besichtigung bis zur Vertragsunterzeichnung k\u00fcmmern Sie sich nur um Ihre Unterschriften und Notartermine \u2013 den Rest \u00fcbernehme ich. Mein Ziel ist es, den bestm\u00f6glichen Preis f\u00fcr Ihre...","protected":false},"author":4,"featured_media":1538,"parent":1375,"menu_order":0,"comment_status":"closed","ping_status":"closed","template":"object-list.php","meta":{"footnotes":""},"class_list":["post-1532","page","type-page","status-publish","has-post-thumbnail","hentry"],"yoast_head":"<!-- This site is optimized with the Yoast SEO plugin v26.0 - https:\/\/yoast.com\/wordpress\/plugins\/seo\/ -->\n<title>Ihr Partner f\u00fcr stressfreien Verkauf f\u00fcr Werder | Guenner Immobilien<\/title>\n<meta name=\"description\" content=\"Entdecken Sie den besten Immobilienservice in Werder an der Havel. Profitieren Sie von umfassender Betreuung, Bestpreis-Garantie und einem starken Netzwerk.\" \/>\n<meta name=\"robots\" content=\"index, follow, max-snippet:-1, max-image-preview:large, max-video-preview:-1\" \/>\n<link rel=\"canonical\" href=\"https:\/\/www.guenner-immobilien.de\/einzugsgebiete\/werder-havel\/\" \/>\n<meta property=\"og:locale\" content=\"en_US\" \/>\n<meta property=\"og:type\" content=\"article\" \/>\n<meta property=\"og:title\" content=\"Ihr Partner f\u00fcr stressfreien Verkauf f\u00fcr Werder | Guenner Immobilien\" \/>\n<meta property=\"og:description\" content=\"Entdecken Sie den besten Immobilienservice in Werder an der Havel. Profitieren Sie von umfassender Betreuung, Bestpreis-Garantie und einem starken Netzwerk.\" \/>\n<meta property=\"og:url\" content=\"https:\/\/www.guenner-immobilien.de\/einzugsgebiete\/werder-havel\/\" \/>\n<meta property=\"og:site_name\" content=\"Guenner Immobilien\" \/>\n<meta property=\"og:image\" content=\"https:\/\/guenner-immobilien.de\/wp-content\/uploads\/2024\/09\/werder.jpg\" \/>\n\t<meta property=\"og:image:width\" content=\"1254\" \/>\n\t<meta property=\"og:image:height\" content=\"836\" \/>\n\t<meta property=\"og:image:type\" content=\"image\/jpeg\" \/>\n<meta name=\"twitter:card\" content=\"summary_large_image\" \/>\n<meta name=\"twitter:label1\" content=\"Est. reading time\" \/>\n\t<meta name=\"twitter:data1\" content=\"4 minutes\" \/>\n<script type=\"application\/ld+json\" class=\"yoast-schema-graph\">{\"@context\":\"https:\/\/schema.org\",\"@graph\":[{\"@type\":\"WebPage\",\"@id\":\"https:\/\/guenner-immobilien.de\/einzugsgebiete\/werder-havel\/\",\"url\":\"https:\/\/www.guenner-immobilien.de\/einzugsgebiete\/werder-havel\/\",\"name\":\"Ihr Partner f\u00fcr stressfreien Verkauf f\u00fcr Werder | Guenner Immobilien\",\"isPartOf\":{\"@id\":\"https:\/\/guenner-immobilien.de\/#website\"},\"primaryImageOfPage\":{\"@id\":\"https:\/\/www.guenner-immobilien.de\/einzugsgebiete\/werder-havel\/#primaryimage\"},\"image\":{\"@id\":\"https:\/\/www.guenner-immobilien.de\/einzugsgebiete\/werder-havel\/#primaryimage\"},\"thumbnailUrl\":\"https:\/\/guenner-immobilien.de\/wp-content\/uploads\/2024\/09\/werder.jpg\",\"datePublished\":\"2024-09-24T05:20:45+00:00\",\"description\":\"Entdecken Sie den besten Immobilienservice in Werder an der Havel. Profitieren Sie von umfassender Betreuung, Bestpreis-Garantie und einem starken Netzwerk.\",\"breadcrumb\":{\"@id\":\"https:\/\/www.guenner-immobilien.de\/einzugsgebiete\/werder-havel\/#breadcrumb\"},\"inLanguage\":\"en-US\",\"potentialAction\":[{\"@type\":\"ReadAction\",\"target\":[\"https:\/\/www.guenner-immobilien.de\/einzugsgebiete\/werder-havel\/\"]}]},{\"@type\":\"ImageObject\",\"inLanguage\":\"en-US\",\"@id\":\"https:\/\/www.guenner-immobilien.de\/einzugsgebiete\/werder-havel\/#primaryimage\",\"url\":\"https:\/\/guenner-immobilien.de\/wp-content\/uploads\/2024\/09\/werder.jpg\",\"contentUrl\":\"https:\/\/guenner-immobilien.de\/wp-content\/uploads\/2024\/09\/werder.jpg\",\"width\":1254,\"height\":836,\"caption\":\"Wir sind Ihr starker Partner f\u00fcr Immobilien in Werder und den Gro\u00dfraum Berlin!\"},{\"@type\":\"BreadcrumbList\",\"@id\":\"https:\/\/www.guenner-immobilien.de\/einzugsgebiete\/werder-havel\/#breadcrumb\",\"itemListElement\":[{\"@type\":\"ListItem\",\"position\":1,\"name\":\"Startseite\",\"item\":\"https:\/\/guenner-immobilien.de\/\"},{\"@type\":\"ListItem\",\"position\":2,\"name\":\"Einzugsgebiete\",\"item\":\"https:\/\/guenner-immobilien.de\/einzugsgebiete\/\"},{\"@type\":\"ListItem\",\"position\":3,\"name\":\"Werder (Havel)\"}]},{\"@type\":\"WebSite\",\"@id\":\"https:\/\/guenner-immobilien.de\/#website\",\"url\":\"https:\/\/guenner-immobilien.de\/\",\"name\":\"Guenner Immobilien\",\"description\":\"Immobilienmakler und Immobilien in Berlin und Umgebung\",\"potentialAction\":[{\"@type\":\"SearchAction\",\"target\":{\"@type\":\"EntryPoint\",\"urlTemplate\":\"https:\/\/guenner-immobilien.de\/?s={search_term_string}\"},\"query-input\":{\"@type\":\"PropertyValueSpecification\",\"valueRequired\":true,\"valueName\":\"search_term_string\"}}],\"inLanguage\":\"en-US\"}]}<\/script>\n<!-- \/ Yoast SEO plugin. -->","yoast_head_json":{"title":"Your partner for stress-free Verkauf for Werder | Guenner Immobilien","description":"Discover the best real estate service in Werder an der Havel. Benefit from comprehensive support, a best price guarantee and a strong network.","robots":{"index":"index","follow":"follow","max-snippet":"max-snippet:-1","max-image-preview":"max-image-preview:large","max-video-preview":"max-video-preview:-1"},"canonical":"https:\/\/www.guenner-immobilien.de\/einzugsgebiete\/werder-havel\/","og_locale":"en_US","og_type":"article","og_title":"Ihr Partner f\u00fcr stressfreien Verkauf f\u00fcr Werder | Guenner Immobilien","og_description":"Entdecken Sie den besten Immobilienservice in Werder an der Havel. Profitieren Sie von umfassender Betreuung, Bestpreis-Garantie und einem starken Netzwerk.","og_url":"https:\/\/www.guenner-immobilien.de\/einzugsgebiete\/werder-havel\/","og_site_name":"Guenner Immobilien","og_image":[{"width":1254,"height":836,"url":"https:\/\/guenner-immobilien.de\/wp-content\/uploads\/2024\/09\/werder.jpg","type":"image\/jpeg"}],"twitter_card":"summary_large_image","twitter_misc":{"Est. reading time":"4 minutes"},"schema":{"@context":"https:\/\/schema.org","@graph":[{"@type":"WebPage","@id":"https:\/\/guenner-immobilien.de\/einzugsgebiete\/werder-havel\/","url":"https:\/\/www.guenner-immobilien.de\/einzugsgebiete\/werder-havel\/","name":"Your partner for stress-free Verkauf for Werder | Guenner Immobilien","isPartOf":{"@id":"https:\/\/guenner-immobilien.de\/#website"},"primaryImageOfPage":{"@id":"https:\/\/www.guenner-immobilien.de\/einzugsgebiete\/werder-havel\/#primaryimage"},"image":{"@id":"https:\/\/www.guenner-immobilien.de\/einzugsgebiete\/werder-havel\/#primaryimage"},"thumbnailUrl":"https:\/\/guenner-immobilien.de\/wp-content\/uploads\/2024\/09\/werder.jpg","datePublished":"2024-09-24T05:20:45+00:00","description":"Discover the best real estate service in Werder an der Havel. Benefit from comprehensive support, a best price guarantee and a strong network.","breadcrumb":{"@id":"https:\/\/www.guenner-immobilien.de\/einzugsgebiete\/werder-havel\/#breadcrumb"},"inLanguage":"en-US","potentialAction":[{"@type":"ReadAction","target":["https:\/\/www.guenner-immobilien.de\/einzugsgebiete\/werder-havel\/"]}]},{"@type":"ImageObject","inLanguage":"en-US","@id":"https:\/\/www.guenner-immobilien.de\/einzugsgebiete\/werder-havel\/#primaryimage","url":"https:\/\/guenner-immobilien.de\/wp-content\/uploads\/2024\/09\/werder.jpg","contentUrl":"https:\/\/guenner-immobilien.de\/wp-content\/uploads\/2024\/09\/werder.jpg","width":1254,"height":836,"caption":"Wir sind Ihr starker Partner f\u00fcr Immobilien in Werder und den Gro\u00dfraum Berlin!"},{"@type":"BreadcrumbList","@id":"https:\/\/www.guenner-immobilien.de\/einzugsgebiete\/werder-havel\/#breadcrumb","itemListElement":[{"@type":"ListItem","position":1,"name":"Startseite","item":"https:\/\/guenner-immobilien.de\/"},{"@type":"ListItem","position":2,"name":"Einzugsgebiete","item":"https:\/\/guenner-immobilien.de\/einzugsgebiete\/"},{"@type":"ListItem","position":3,"name":"Werder (Havel)"}]},{"@type":"WebSite","@id":"https:\/\/guenner-immobilien.de\/#website","url":"https:\/\/guenner-immobilien.de\/","name":"Guenner Immobilien","description":"Real estate agents and properties in Berlin and the surrounding area","potentialAction":[{"@type":"SearchAction","target":{"@type":"EntryPoint","urlTemplate":"https:\/\/guenner-immobilien.de\/?s={search_term_string}"},"query-input":{"@type":"PropertyValueSpecification","valueRequired":true,"valueName":"search_term_string"}}],"inLanguage":"en-US"}]}},"_links":{"self":[{"href":"https:\/\/guenner-immobilien.de\/en\/wp-json\/wp\/v2\/pages\/1532","targetHints":{"allow":["GET"]}}],"collection":[{"href":"https:\/\/guenner-immobilien.de\/en\/wp-json\/wp\/v2\/pages"}],"about":[{"href":"https:\/\/guenner-immobilien.de\/en\/wp-json\/wp\/v2\/types\/page"}],"author":[{"embeddable":true,"href":"https:\/\/guenner-immobilien.de\/en\/wp-json\/wp\/v2\/users\/4"}],"replies":[{"embeddable":true,"href":"https:\/\/guenner-immobilien.de\/en\/wp-json\/wp\/v2\/comments?post=1532"}],"version-history":[{"count":7,"href":"https:\/\/guenner-immobilien.de\/en\/wp-json\/wp\/v2\/pages\/1532\/revisions"}],"predecessor-version":[{"id":1540,"href":"https:\/\/guenner-immobilien.de\/en\/wp-json\/wp\/v2\/pages\/1532\/revisions\/1540"}],"up":[{"embeddable":true,"href":"https:\/\/guenner-immobilien.de\/en\/wp-json\/wp\/v2\/pages\/1375"}],"wp:featuredmedia":[{"embeddable":true,"href":"https:\/\/guenner-immobilien.de\/en\/wp-json\/wp\/v2\/media\/1538"}],"wp:attachment":[{"href":"https:\/\/guenner-immobilien.de\/en\/wp-json\/wp\/v2\/media?parent=1532"}],"curies":[{"name":"wp","href":"https:\/\/api.w.org\/{rel}","templated":true}]}}