{"id":1375,"date":"2024-09-19T05:29:11","date_gmt":"2024-09-19T05:29:11","guid":{"rendered":"https:\/\/guenner.maklertemplate.de\/?page_id=1375"},"modified":"2024-09-23T21:26:50","modified_gmt":"2024-09-23T21:26:50","slug":"zones-de-chalandise","status":"publish","type":"page","link":"https:\/\/guenner-immobilien.de\/fr\/zones-de-chalandise\/","title":{"rendered":"Zones de chalandise"},"content":{"rendered":"<section class=\"l-section wpb_row us_custom_defe1029 height_auto width_full\" id=\"bannerSubpage\"><div class=\"l-section-overlay\" style=\"background:var(--color-chrome-toolbar)\"><\/div><div class=\"l-section-h i-cf\"><div class=\"g-cols vc_row via_flex valign_top type_default stacking_default\"><div class=\"vc_col-sm-12 wpb_column vc_column_container\"><div class=\"vc_column-inner\"><div class=\"wpb_wrapper\">\n\t<div class=\"wpb_raw_code wpb_raw_html wpb_content_element us_custom_909b2fd0\" >\n\t\t<div class=\"wpb_wrapper\">\n\t\t\t<div class=\"HeadlineWapper\"><h1><span>Nos zones de chalandise<\/span><\/h1><\/div>\n\t\t<\/div>\n\t<\/div>\n<\/div><\/div><\/div><\/div><\/div><\/section><section class=\"l-section wpb_row height_medium\"><div class=\"l-section-h i-cf\"><div class=\"g-cols vc_row via_flex valign_top type_default stacking_default\"><div class=\"vc_col-sm-8 wpb_column vc_column_container\"><div class=\"vc_column-inner\"><div class=\"wpb_wrapper\"><div class=\"wpb_text_column\"><div class=\"wpb_wrapper\"><h2>Guenner Immobilien \u2013 votre partenaire au meilleur prix<\/h2>\n<p>En tant qu&#039;exp\u00e9riment\u00e9 <a title=\"En savoir plus sur nous\" href=\"\/fr\/a-propos-de-nous\/\">Courtiers dans la r\u00e9gion m\u00e9tropolitaine de Berlin<\/a> Je fais tout ce qui est en mon pouvoir pour vous assurer les meilleurs prix pour votre propri\u00e9t\u00e9, que ce soit \u00e0 l&#039;achat ou \u00e0 la vente. Gr\u00e2ce \u00e0 ma profonde compr\u00e9hension du march\u00e9 et \u00e0 un r\u00e9seau solide, je peux trouver la solution adapt\u00e9e pour vous rapidement et efficacement.<\/p>\n<p>De la vibrante capitale aux villes idylliques des environs : je connais les meilleurs endroits et je serai l\u00e0 pour vous <a title=\"Nos r\u00e9f\u00e9rences\" href=\"\/fr\/references\/\">Expertise et capacit\u00e9s de n\u00e9gociation<\/a> sur le c\u00f4t\u00e9. D\u00e9couvrez les diff\u00e9rentes r\u00e9gions et laissez-nous en profiter ensemble pour vous !<\/p>\n<\/div><\/div><\/div><\/div><\/div><div class=\"vc_col-sm-4 wpb_column vc_column_container\"><div class=\"vc_column-inner\"><div class=\"wpb_wrapper\"><div class=\"w-image align_none\"><div class=\"w-image-h\"><img decoding=\"async\" width=\"629\" height=\"629\" src=\"https:\/\/guenner-immobilien.de\/wp-content\/uploads\/2024\/09\/home_reg_experte_h.cf421dc5.jpg\" class=\"attachment-large size-large\" alt=\"Portrait de David Gunner\" loading=\"lazy\" srcset=\"https:\/\/guenner-immobilien.de\/wp-content\/uploads\/2024\/09\/home_reg_experte_h.cf421dc5.jpg 629w, https:\/\/guenner-immobilien.de\/wp-content\/uploads\/2024\/09\/home_reg_experte_h.cf421dc5-300x300.jpg 300w, https:\/\/guenner-immobilien.de\/wp-content\/uploads\/2024\/09\/home_reg_experte_h.cf421dc5-150x150.jpg 150w, https:\/\/guenner-immobilien.de\/wp-content\/uploads\/2024\/09\/home_reg_experte_h.cf421dc5-600x600.jpg 600w\" sizes=\"auto, (max-width: 629px) 100vw, 629px\" \/><\/div><\/div><\/div><\/div><\/div><\/div><\/div><\/section><section class=\"l-section wpb_row einzugsgebiete height_medium\"><div class=\"l-section-h i-cf\"><div class=\"g-cols vc_row via_flex valign_top type_default stacking_default\"><div class=\"vc_col-sm-12 wpb_column vc_column_container\"><div class=\"vc_column-inner\"><div class=\"wpb_wrapper\"><div class=\"w-grid type_grid layout_1076 cols_3 ratio_1x1\" id=\"us_grid_1\" style=\"--columns:3;--gap:1.5rem;--item-ratio:1;\" data-filterable=\"true\"><style>@media (max-width:1024px){#us_grid_1{--columns:2!important}}@media (max-width:900px){#us_grid_1{--columns:1!important}}.layout_1076 .w-grid-item-h{background:#333}.layout_1076 .usg_post_image_1{transition-duration:0.35s;transform-origin:50% 50%;transform:scale(1) translate(0%,0%)}.layout_1076 .w-grid-item-h:focus-within .usg_post_image_1,.layout_1076 .w-grid-item-h:hover .usg_post_image_1{transform:scale(1.1) translate(0%,0%);opacity:0.1;background:rgba(186,147,59,0.7)!important}.layout_1076 .usg_post_image_1{position:absolute!important;left:0!important;top:0!important;bottom:0!important;right:0!important}.layout_1076 .usg_vwrapper_1{position:absolute!important;left:0!important;bottom:0!important;right:0!important;background:linear-gradient(transparent,rgba(30,30,30,0.8))!important;padding:4rem 2rem 1.5rem 2rem!important}.layout_1076 .usg_post_title_1{color:#fff!important;font-size:1.2rem!important}<\/style><div class=\"w-grid-list\">\t<article class=\"w-grid-item size_1x1 post-1889 page type-page status-publish has-post-thumbnail hentry\" data-id=\"1889\">\r\n\t\t<div class=\"w-grid-item-h\">\r\n\t\t\t\t\t\t<div class=\"w-post-elm post_image usg_post_image_1 stretched\"><a href=\"https:\/\/guenner-immobilien.de\/fr\/evaluer-un-appartement-en-ligne\/\" aria-label=\"\u00c9valuez votre appartement en ligne\"><img loading=\"lazy\" decoding=\"async\" width=\"629\" height=\"629\" src=\"https:\/\/guenner-immobilien.de\/wp-content\/uploads\/2024\/09\/home_reg_experte_h.cf421dc5.jpg\" class=\"attachment-large size-large wp-post-image\" alt=\"Portrait de David Gunner\" srcset=\"https:\/\/guenner-immobilien.de\/wp-content\/uploads\/2024\/09\/home_reg_experte_h.cf421dc5.jpg 629w, https:\/\/guenner-immobilien.de\/wp-content\/uploads\/2024\/09\/home_reg_experte_h.cf421dc5-300x300.jpg 300w, https:\/\/guenner-immobilien.de\/wp-content\/uploads\/2024\/09\/home_reg_experte_h.cf421dc5-150x150.jpg 150w, https:\/\/guenner-immobilien.de\/wp-content\/uploads\/2024\/09\/home_reg_experte_h.cf421dc5-600x600.jpg 600w\" sizes=\"auto, (max-width: 629px) 100vw, 629px\" \/><\/a><\/div><div class=\"w-vwrapper usg_vwrapper_1 align_none valign_top\"><h2 class=\"w-post-elm post_title usg_post_title_1 has_text_color entry-title color_link_inherit\">\u00c9valuez votre appartement en ligne<\/h2><\/div>\t\t<\/div>\r\n\t\t\t<\/article>\r\n\t<article class=\"w-grid-item size_1x1 post-1887 page type-page status-publish has-post-thumbnail hentry\" data-id=\"1887\">\r\n\t\t<div class=\"w-grid-item-h\">\r\n\t\t\t\t\t\t<div class=\"w-post-elm post_image usg_post_image_1 stretched\"><a href=\"https:\/\/guenner-immobilien.de\/fr\/evaluer-une-maison-en-ligne\/\" aria-label=\"\u00c9valuez votre maison en ligne\"><img loading=\"lazy\" decoding=\"async\" width=\"629\" height=\"629\" src=\"https:\/\/guenner-immobilien.de\/wp-content\/uploads\/2024\/09\/home_reg_experte_h.cf421dc5.jpg\" class=\"attachment-large size-large wp-post-image\" alt=\"Portrait de David Gunner\" srcset=\"https:\/\/guenner-immobilien.de\/wp-content\/uploads\/2024\/09\/home_reg_experte_h.cf421dc5.jpg 629w, https:\/\/guenner-immobilien.de\/wp-content\/uploads\/2024\/09\/home_reg_experte_h.cf421dc5-300x300.jpg 300w, https:\/\/guenner-immobilien.de\/wp-content\/uploads\/2024\/09\/home_reg_experte_h.cf421dc5-150x150.jpg 150w, https:\/\/guenner-immobilien.de\/wp-content\/uploads\/2024\/09\/home_reg_experte_h.cf421dc5-600x600.jpg 600w\" sizes=\"auto, (max-width: 629px) 100vw, 629px\" \/><\/a><\/div><div class=\"w-vwrapper usg_vwrapper_1 align_none valign_top\"><h2 class=\"w-post-elm post_title usg_post_title_1 has_text_color entry-title color_link_inherit\">\u00c9valuez votre maison en ligne<\/h2><\/div>\t\t<\/div>\r\n\t\t\t<\/article>\r\n\t<article class=\"w-grid-item size_1x1 post-1880 page type-page status-publish has-post-thumbnail hentry\" data-id=\"1880\">\r\n\t\t<div class=\"w-grid-item-h\">\r\n\t\t\t\t\t\t<div class=\"w-post-elm post_image usg_post_image_1 stretched\"><a href=\"https:\/\/guenner-immobilien.de\/fr\/immobilie-online-bewerten\/\" aria-label=\"Immobilie online bewerten\"><img loading=\"lazy\" decoding=\"async\" width=\"629\" height=\"629\" src=\"https:\/\/guenner-immobilien.de\/wp-content\/uploads\/2024\/09\/home_reg_experte_h.cf421dc5.jpg\" class=\"attachment-large size-large wp-post-image\" alt=\"Portrait de David Gunner\" srcset=\"https:\/\/guenner-immobilien.de\/wp-content\/uploads\/2024\/09\/home_reg_experte_h.cf421dc5.jpg 629w, https:\/\/guenner-immobilien.de\/wp-content\/uploads\/2024\/09\/home_reg_experte_h.cf421dc5-300x300.jpg 300w, https:\/\/guenner-immobilien.de\/wp-content\/uploads\/2024\/09\/home_reg_experte_h.cf421dc5-150x150.jpg 150w, https:\/\/guenner-immobilien.de\/wp-content\/uploads\/2024\/09\/home_reg_experte_h.cf421dc5-600x600.jpg 600w\" sizes=\"auto, (max-width: 629px) 100vw, 629px\" \/><\/a><\/div><div class=\"w-vwrapper usg_vwrapper_1 align_none valign_top\"><h2 class=\"w-post-elm post_title usg_post_title_1 has_text_color entry-title color_link_inherit\">Immobilie online bewerten<\/h2><\/div>\t\t<\/div>\r\n\t\t\t<\/article>\r\n\t<article class=\"w-grid-item size_1x1 post-1375 page type-page status-publish has-post-thumbnail hentry\" data-id=\"1375\">\r\n\t\t<div class=\"w-grid-item-h\">\r\n\t\t\t\t\t\t<div class=\"w-post-elm post_image usg_post_image_1 stretched\"><a href=\"https:\/\/guenner-immobilien.de\/fr\/zones-de-chalandise\/\" aria-label=\"Zones de chalandise\"><img loading=\"lazy\" decoding=\"async\" width=\"1024\" height=\"288\" src=\"https:\/\/guenner-immobilien.de\/wp-content\/uploads\/2023\/02\/heus-weiss-gruen-1024x288.jpg\" class=\"attachment-large size-large wp-post-image\" alt=\"blick auf ein mehrfamilienhaus\" srcset=\"https:\/\/guenner-immobilien.de\/wp-content\/uploads\/2023\/02\/heus-weiss-gruen-1024x288.jpg 1024w, https:\/\/guenner-immobilien.de\/wp-content\/uploads\/2023\/02\/heus-weiss-gruen-300x84.jpg 300w\" sizes=\"auto, (max-width: 1024px) 100vw, 1024px\" \/><\/a><\/div><div class=\"w-vwrapper usg_vwrapper_1 align_none valign_top\"><h2 class=\"w-post-elm post_title usg_post_title_1 has_text_color entry-title color_link_inherit\">Zones de chalandise<\/h2><\/div>\t\t<\/div>\r\n\t\t\t<\/article>\r\n\t<article class=\"w-grid-item size_1x1 post-1349 page type-page status-publish has-post-thumbnail hentry\" data-id=\"1349\">\r\n\t\t<div class=\"w-grid-item-h\">\r\n\t\t\t\t\t\t<div class=\"w-post-elm post_image usg_post_image_1 stretched\"><a href=\"https:\/\/guenner-immobilien.de\/fr\/a-propos-de-nous\/\" aria-label=\"\u00c0 propos de nous\"><img loading=\"lazy\" decoding=\"async\" width=\"1024\" height=\"303\" src=\"https:\/\/guenner-immobilien.de\/wp-content\/uploads\/2024\/09\/skyline-berlin-1024x303.jpg\" class=\"attachment-large size-large wp-post-image\" alt=\"blick auf die berliner skyline\" srcset=\"https:\/\/guenner-immobilien.de\/wp-content\/uploads\/2024\/09\/skyline-berlin-1024x303.jpg 1024w, https:\/\/guenner-immobilien.de\/wp-content\/uploads\/2024\/09\/skyline-berlin-300x89.jpg 300w, https:\/\/guenner-immobilien.de\/wp-content\/uploads\/2024\/09\/skyline-berlin-600x178.jpg 600w, https:\/\/guenner-immobilien.de\/wp-content\/uploads\/2024\/09\/skyline-berlin-900x266.jpg 900w, https:\/\/guenner-immobilien.de\/wp-content\/uploads\/2024\/09\/skyline-berlin.jpg 2048w\" sizes=\"auto, (max-width: 1024px) 100vw, 1024px\" \/><\/a><\/div><div class=\"w-vwrapper usg_vwrapper_1 align_none valign_top\"><h2 class=\"w-post-elm post_title usg_post_title_1 has_text_color entry-title color_link_inherit\">\u00c0 propos de nous<\/h2><\/div>\t\t<\/div>\r\n\t\t\t<\/article>\r\n\t<article class=\"w-grid-item size_1x1 post-465 page type-page status-publish has-post-thumbnail hentry\" data-id=\"465\">\r\n\t\t<div class=\"w-grid-item-h\">\r\n\t\t\t\t\t\t<div class=\"w-post-elm post_image usg_post_image_1 stretched\"><a href=\"https:\/\/guenner-immobilien.de\/fr\/references\/\" aria-label=\"Toutes les r\u00e9f\u00e9rences\"><img loading=\"lazy\" decoding=\"async\" width=\"1024\" height=\"288\" src=\"https:\/\/guenner-immobilien.de\/wp-content\/uploads\/2023\/02\/heus-weiss-gruen-1024x288.jpg\" class=\"attachment-large size-large wp-post-image\" alt=\"blick auf ein mehrfamilienhaus\" srcset=\"https:\/\/guenner-immobilien.de\/wp-content\/uploads\/2023\/02\/heus-weiss-gruen-1024x288.jpg 1024w, https:\/\/guenner-immobilien.de\/wp-content\/uploads\/2023\/02\/heus-weiss-gruen-300x84.jpg 300w\" sizes=\"auto, (max-width: 1024px) 100vw, 1024px\" \/><\/a><\/div><div class=\"w-vwrapper usg_vwrapper_1 align_none valign_top\"><h2 class=\"w-post-elm post_title usg_post_title_1 has_text_color entry-title color_link_inherit\">Toutes les r\u00e9f\u00e9rences<\/h2><\/div>\t\t<\/div>\r\n\t\t\t<\/article>\r\n\t<article class=\"w-grid-item size_1x1 post-106 page type-page status-publish hentry\" data-id=\"106\">\r\n\t\t<div class=\"w-grid-item-h\">\r\n\t\t\t\t\t\t<div class=\"w-post-elm post_image usg_post_image_1 stretched with_placeholder\"><a href=\"https:\/\/guenner-immobilien.de\/fr\/vue-detaillee\/\" aria-label=\"Vue d\u00e9taill\u00e9e\"><img loading=\"lazy\" decoding=\"async\" class=\"g-placeholder\" src=\"https:\/\/guenner-immobilien.de\/wp-content\/plugins\/us-core\/assets\/images\/placeholder.svg\" width=\"1024\" height=\"1024\" alt><\/a><\/div><div class=\"w-vwrapper usg_vwrapper_1 align_none valign_top\"><h2 class=\"w-post-elm post_title usg_post_title_1 has_text_color entry-title color_link_inherit\">Vue d\u00e9taill\u00e9e<\/h2><\/div>\t\t<\/div>\r\n\t\t\t<\/article>\r\n\t<article class=\"w-grid-item size_1x1 post-93 page type-page status-publish hentry\" data-id=\"93\">\r\n\t\t<div class=\"w-grid-item-h\">\r\n\t\t\t\t\t\t<div class=\"w-post-elm post_image usg_post_image_1 stretched with_placeholder\"><a href=\"https:\/\/guenner-immobilien.de\/fr\/protection-des-donnees\/\" aria-label=\"Protection des donn\u00e9es\"><img loading=\"lazy\" decoding=\"async\" class=\"g-placeholder\" src=\"https:\/\/guenner-immobilien.de\/wp-content\/plugins\/us-core\/assets\/images\/placeholder.svg\" width=\"1024\" height=\"1024\" alt><\/a><\/div><div class=\"w-vwrapper usg_vwrapper_1 align_none valign_top\"><h2 class=\"w-post-elm post_title usg_post_title_1 has_text_color entry-title color_link_inherit\">Protection des donn\u00e9es<\/h2><\/div>\t\t<\/div>\r\n\t\t\t<\/article>\r\n\t<article class=\"w-grid-item size_1x1 post-91 page type-page status-publish hentry\" data-id=\"91\">\r\n\t\t<div class=\"w-grid-item-h\">\r\n\t\t\t\t\t\t<div class=\"w-post-elm post_image usg_post_image_1 stretched with_placeholder\"><a href=\"https:\/\/guenner-immobilien.de\/fr\/imprimer\/\" aria-label=\"imprimer\"><img loading=\"lazy\" decoding=\"async\" class=\"g-placeholder\" src=\"https:\/\/guenner-immobilien.de\/wp-content\/plugins\/us-core\/assets\/images\/placeholder.svg\" width=\"1024\" height=\"1024\" alt><\/a><\/div><div class=\"w-vwrapper usg_vwrapper_1 align_none valign_top\"><h2 class=\"w-post-elm post_title usg_post_title_1 has_text_color entry-title color_link_inherit\">imprimer<\/h2><\/div>\t\t<\/div>\r\n\t\t\t<\/article>\r\n\t<article class=\"w-grid-item size_1x1 post-45 page type-page status-publish has-post-thumbnail hentry\" data-id=\"45\">\r\n\t\t<div class=\"w-grid-item-h\">\r\n\t\t\t\t\t\t<div class=\"w-post-elm post_image usg_post_image_1 stretched\"><a href=\"https:\/\/guenner-immobilien.de\/fr\/evaluer-la-propriete\/\" aria-label=\"\u00c9valuer la propri\u00e9t\u00e9\"><img loading=\"lazy\" decoding=\"async\" width=\"629\" height=\"629\" src=\"https:\/\/guenner-immobilien.de\/wp-content\/uploads\/2024\/09\/home_reg_experte_h.cf421dc5.jpg\" class=\"attachment-large size-large wp-post-image\" alt=\"Portrait de David Gunner\" srcset=\"https:\/\/guenner-immobilien.de\/wp-content\/uploads\/2024\/09\/home_reg_experte_h.cf421dc5.jpg 629w, https:\/\/guenner-immobilien.de\/wp-content\/uploads\/2024\/09\/home_reg_experte_h.cf421dc5-300x300.jpg 300w, https:\/\/guenner-immobilien.de\/wp-content\/uploads\/2024\/09\/home_reg_experte_h.cf421dc5-150x150.jpg 150w, https:\/\/guenner-immobilien.de\/wp-content\/uploads\/2024\/09\/home_reg_experte_h.cf421dc5-600x600.jpg 600w\" sizes=\"auto, (max-width: 629px) 100vw, 629px\" \/><\/a><\/div><div class=\"w-vwrapper usg_vwrapper_1 align_none valign_top\"><h2 class=\"w-post-elm post_title usg_post_title_1 has_text_color entry-title color_link_inherit\">\u00c9valuer la propri\u00e9t\u00e9<\/h2><\/div>\t\t<\/div>\r\n\t\t\t<\/article>\r\n<\/div><div class=\"w-grid-preloader\">\t<div class=\"g-preloader type_1\">\r\n\t\t<div><\/div>\r\n\t<\/div>\r\n\t<\/div>\t<div class=\"w-grid-json hidden\" onclick='return {&quot;action&quot;:&quot;us_ajax_grid&quot;,&quot;infinite_scroll&quot;:0,&quot;max_num_pages&quot;:2,&quot;pagination&quot;:&quot;none&quot;,&quot;template_vars&quot;:{&quot;columns&quot;:&quot;3&quot;,&quot;exclude_items&quot;:&quot;none&quot;,&quot;img_size&quot;:&quot;default&quot;,&quot;ignore_items_size&quot;:0,&quot;items_layout&quot;:&quot;1076&quot;,&quot;items_offset&quot;:&quot;1&quot;,&quot;load_animation&quot;:&quot;none&quot;,&quot;overriding_link&quot;:&quot;%7B%22url%22%3A%22%22%7D&quot;,&quot;post_id&quot;:0,&quot;query_args&quot;:{&quot;post_parent&quot;:0,&quot;post_type&quot;:&quot;any&quot;,&quot;ignore_sticky_posts&quot;:1,&quot;posts_per_page&quot;:&quot;10&quot;},&quot;orderby_query_args&quot;:{&quot;orderby&quot;:{&quot;date&quot;:&quot;DESC&quot;}},&quot;type&quot;:&quot;grid&quot;,&quot;us_grid_post_type&quot;:&quot;current_child_pages&quot;,&quot;us_grid_ajax_index&quot;:1,&quot;us_grid_filter_query_string&quot;:null,&quot;us_grid_index&quot;:1,&quot;page_args&quot;:[]}}'><\/div>\r\n\t<\/div><\/div><\/div><\/div><\/div><\/div><\/section>","protected":false},"excerpt":{"rendered":"Ihr Spezialist f\u00fcr die kostenlose Bewertung Ihrer Immobilie. Schnell &amp; einfach Bewertung erstellen Pers\u00f6nliche Verkaufsberatung 100% Kostenfrei Sie \u00fcberlegen Ihre Immobilie zu verkaufen? Kostenlose Marktwert-Einsch\u00e4tzung! Nutzen Sie die M\u00f6glichkeit. Basierend auf aktuellen Grundbuchsdaten, dem Kaufvertragsspiegel und unter Ber\u00fccksichtigung der aktuellen Entwicklungen am Immobilienmarkt k\u00f6nnen Ihnen eine Einsch\u00e4tzung hinsichtlich eines m\u00f6glichen Marktwertes f\u00fcr Ihre Immobilie in...","protected":false},"author":4,"featured_media":161,"parent":0,"menu_order":0,"comment_status":"closed","ping_status":"closed","template":"","meta":{"footnotes":""},"class_list":["post-1375","page","type-page","status-publish","has-post-thumbnail","hentry"],"yoast_head":"<!-- This site is optimized with the Yoast SEO plugin v26.0 - https:\/\/yoast.com\/wordpress\/plugins\/seo\/ -->\n<title>Ihr Makler in Berlin &amp; Umland - Beste Preise | Guenner Immobilien<\/title>\n<meta name=\"description\" content=\"Sichern Sie sich die besten Preise f\u00fcr Ihre Immobilie in Berlin und Umgebung. Ihr Immobilienmakler mit starkem Netzwerk und umfassendem Service!\" \/>\n<meta name=\"robots\" content=\"index, follow, max-snippet:-1, max-image-preview:large, max-video-preview:-1\" \/>\n<link rel=\"canonical\" href=\"https:\/\/www.guenner-immobilien.de\/einzugsgebiete\" \/>\n<meta property=\"og:locale\" content=\"fr_FR\" \/>\n<meta property=\"og:type\" content=\"article\" \/>\n<meta property=\"og:title\" content=\"Ihr Makler in Berlin &amp; Umland - Beste Preise | Guenner Immobilien\" \/>\n<meta property=\"og:description\" content=\"Sichern Sie sich die besten Preise f\u00fcr Ihre Immobilie in Berlin und Umgebung. Ihr Immobilienmakler mit starkem Netzwerk und umfassendem Service!\" \/>\n<meta property=\"og:url\" content=\"https:\/\/www.guenner-immobilien.de\/einzugsgebiete\" \/>\n<meta property=\"og:site_name\" content=\"Guenner Immobilien\" \/>\n<meta property=\"article:modified_time\" content=\"2024-09-23T21:26:50+00:00\" \/>\n<meta property=\"og:image\" content=\"https:\/\/guenner-immobilien.de\/wp-content\/uploads\/2023\/02\/heus-weiss-gruen.jpg\" \/>\n\t<meta property=\"og:image:width\" content=\"2396\" \/>\n\t<meta property=\"og:image:height\" content=\"673\" \/>\n\t<meta property=\"og:image:type\" content=\"image\/jpeg\" \/>\n<meta name=\"twitter:card\" content=\"summary_large_image\" \/>\n<meta name=\"twitter:label1\" content=\"Dur\u00e9e de lecture estim\u00e9e\" \/>\n\t<meta name=\"twitter:data1\" content=\"1 minute\" \/>\n<script type=\"application\/ld+json\" class=\"yoast-schema-graph\">{\"@context\":\"https:\/\/schema.org\",\"@graph\":[{\"@type\":\"WebPage\",\"@id\":\"https:\/\/guenner-immobilien.de\/einzugsgebiete\/\",\"url\":\"https:\/\/www.guenner-immobilien.de\/einzugsgebiete\",\"name\":\"Ihr Makler in Berlin & Umland - Beste Preise | Guenner Immobilien\",\"isPartOf\":{\"@id\":\"https:\/\/guenner-immobilien.de\/#website\"},\"primaryImageOfPage\":{\"@id\":\"https:\/\/www.guenner-immobilien.de\/einzugsgebiete#primaryimage\"},\"image\":{\"@id\":\"https:\/\/www.guenner-immobilien.de\/einzugsgebiete#primaryimage\"},\"thumbnailUrl\":\"https:\/\/guenner-immobilien.de\/wp-content\/uploads\/2023\/02\/heus-weiss-gruen.jpg\",\"datePublished\":\"2024-09-19T05:29:11+00:00\",\"dateModified\":\"2024-09-23T21:26:50+00:00\",\"description\":\"Sichern Sie sich die besten Preise f\u00fcr Ihre Immobilie in Berlin und Umgebung. Ihr Immobilienmakler mit starkem Netzwerk und umfassendem Service!\",\"breadcrumb\":{\"@id\":\"https:\/\/www.guenner-immobilien.de\/einzugsgebiete#breadcrumb\"},\"inLanguage\":\"fr-FR\",\"potentialAction\":[{\"@type\":\"ReadAction\",\"target\":[\"https:\/\/www.guenner-immobilien.de\/einzugsgebiete\"]}]},{\"@type\":\"ImageObject\",\"inLanguage\":\"fr-FR\",\"@id\":\"https:\/\/www.guenner-immobilien.de\/einzugsgebiete#primaryimage\",\"url\":\"https:\/\/guenner-immobilien.de\/wp-content\/uploads\/2023\/02\/heus-weiss-gruen.jpg\",\"contentUrl\":\"https:\/\/guenner-immobilien.de\/wp-content\/uploads\/2023\/02\/heus-weiss-gruen.jpg\",\"width\":2396,\"height\":673,\"caption\":\"Wir sorgen f\u00fcr Ihre Wohntr\u00e4ume in Berlin und Umgebung!\"},{\"@type\":\"BreadcrumbList\",\"@id\":\"https:\/\/www.guenner-immobilien.de\/einzugsgebiete#breadcrumb\",\"itemListElement\":[{\"@type\":\"ListItem\",\"position\":1,\"name\":\"Startseite\",\"item\":\"https:\/\/guenner-immobilien.de\/\"},{\"@type\":\"ListItem\",\"position\":2,\"name\":\"Einzugsgebiete\"}]},{\"@type\":\"WebSite\",\"@id\":\"https:\/\/guenner-immobilien.de\/#website\",\"url\":\"https:\/\/guenner-immobilien.de\/\",\"name\":\"Guenner Immobilien\",\"description\":\"Immobilienmakler und Immobilien in Berlin und Umgebung\",\"potentialAction\":[{\"@type\":\"SearchAction\",\"target\":{\"@type\":\"EntryPoint\",\"urlTemplate\":\"https:\/\/guenner-immobilien.de\/?s={search_term_string}\"},\"query-input\":{\"@type\":\"PropertyValueSpecification\",\"valueRequired\":true,\"valueName\":\"search_term_string\"}}],\"inLanguage\":\"fr-FR\"}]}<\/script>\n<!-- \/ Yoast SEO plugin. -->","yoast_head_json":{"title":"Votre agent immobilier \u00e0 Berlin et ses environs - Meilleurs prix | Guenner Immobilier","description":"Obtenez les meilleurs prix pour votre propri\u00e9t\u00e9 \u00e0 Berlin et dans ses environs. Votre agent immobilier avec un r\u00e9seau solide et un service complet !","robots":{"index":"index","follow":"follow","max-snippet":"max-snippet:-1","max-image-preview":"max-image-preview:large","max-video-preview":"max-video-preview:-1"},"canonical":"https:\/\/www.guenner-immobilien.de\/einzugsgebiete","og_locale":"fr_FR","og_type":"article","og_title":"Ihr Makler in Berlin & Umland - Beste Preise | Guenner Immobilien","og_description":"Sichern Sie sich die besten Preise f\u00fcr Ihre Immobilie in Berlin und Umgebung. Ihr Immobilienmakler mit starkem Netzwerk und umfassendem Service!","og_url":"https:\/\/www.guenner-immobilien.de\/einzugsgebiete","og_site_name":"Guenner Immobilien","article_modified_time":"2024-09-23T21:26:50+00:00","og_image":[{"width":2396,"height":673,"url":"https:\/\/guenner-immobilien.de\/wp-content\/uploads\/2023\/02\/heus-weiss-gruen.jpg","type":"image\/jpeg"}],"twitter_card":"summary_large_image","twitter_misc":{"Dur\u00e9e de lecture estim\u00e9e":"1 minute"},"schema":{"@context":"https:\/\/schema.org","@graph":[{"@type":"WebPage","@id":"https:\/\/guenner-immobilien.de\/einzugsgebiete\/","url":"https:\/\/www.guenner-immobilien.de\/einzugsgebiete","name":"Votre agent immobilier \u00e0 Berlin et ses environs - Meilleurs prix | Guenner Immobilier","isPartOf":{"@id":"https:\/\/guenner-immobilien.de\/#website"},"primaryImageOfPage":{"@id":"https:\/\/www.guenner-immobilien.de\/einzugsgebiete#primaryimage"},"image":{"@id":"https:\/\/www.guenner-immobilien.de\/einzugsgebiete#primaryimage"},"thumbnailUrl":"https:\/\/guenner-immobilien.de\/wp-content\/uploads\/2023\/02\/heus-weiss-gruen.jpg","datePublished":"2024-09-19T05:29:11+00:00","dateModified":"2024-09-23T21:26:50+00:00","description":"Obtenez les meilleurs prix pour votre propri\u00e9t\u00e9 \u00e0 Berlin et dans ses environs. Votre agent immobilier avec un r\u00e9seau solide et un service complet !","breadcrumb":{"@id":"https:\/\/www.guenner-immobilien.de\/einzugsgebiete#breadcrumb"},"inLanguage":"fr-FR","potentialAction":[{"@type":"ReadAction","target":["https:\/\/www.guenner-immobilien.de\/einzugsgebiete"]}]},{"@type":"ImageObject","inLanguage":"fr-FR","@id":"https:\/\/www.guenner-immobilien.de\/einzugsgebiete#primaryimage","url":"https:\/\/guenner-immobilien.de\/wp-content\/uploads\/2023\/02\/heus-weiss-gruen.jpg","contentUrl":"https:\/\/guenner-immobilien.de\/wp-content\/uploads\/2023\/02\/heus-weiss-gruen.jpg","width":2396,"height":673,"caption":"Wir sorgen f\u00fcr Ihre Wohntr\u00e4ume in Berlin und Umgebung!"},{"@type":"BreadcrumbList","@id":"https:\/\/www.guenner-immobilien.de\/einzugsgebiete#breadcrumb","itemListElement":[{"@type":"ListItem","position":1,"name":"Startseite","item":"https:\/\/guenner-immobilien.de\/"},{"@type":"ListItem","position":2,"name":"Einzugsgebiete"}]},{"@type":"WebSite","@id":"https:\/\/guenner-immobilien.de\/#website","url":"https:\/\/guenner-immobilien.de\/","name":"Guenner Immobilier","description":"Agents immobiliers et biens immobiliers \u00e0 Berlin et ses environs","potentialAction":[{"@type":"SearchAction","target":{"@type":"EntryPoint","urlTemplate":"https:\/\/guenner-immobilien.de\/?s={search_term_string}"},"query-input":{"@type":"PropertyValueSpecification","valueRequired":true,"valueName":"search_term_string"}}],"inLanguage":"fr-FR"}]}},"_links":{"self":[{"href":"https:\/\/guenner-immobilien.de\/fr\/wp-json\/wp\/v2\/pages\/1375","targetHints":{"allow":["GET"]}}],"collection":[{"href":"https:\/\/guenner-immobilien.de\/fr\/wp-json\/wp\/v2\/pages"}],"about":[{"href":"https:\/\/guenner-immobilien.de\/fr\/wp-json\/wp\/v2\/types\/page"}],"author":[{"embeddable":true,"href":"https:\/\/guenner-immobilien.de\/fr\/wp-json\/wp\/v2\/users\/4"}],"replies":[{"embeddable":true,"href":"https:\/\/guenner-immobilien.de\/fr\/wp-json\/wp\/v2\/comments?post=1375"}],"version-history":[{"count":10,"href":"https:\/\/guenner-immobilien.de\/fr\/wp-json\/wp\/v2\/pages\/1375\/revisions"}],"predecessor-version":[{"id":1748,"href":"https:\/\/guenner-immobilien.de\/fr\/wp-json\/wp\/v2\/pages\/1375\/revisions\/1748"}],"wp:featuredmedia":[{"embeddable":true,"href":"https:\/\/guenner-immobilien.de\/fr\/wp-json\/wp\/v2\/media\/161"}],"wp:attachment":[{"href":"https:\/\/guenner-immobilien.de\/fr\/wp-json\/wp\/v2\/media?parent=1375"}],"curies":[{"name":"wp","href":"https:\/\/api.w.org\/{rel}","templated":true}]}}