{"id":1444,"date":"2024-09-21T07:18:23","date_gmt":"2024-09-21T07:18:23","guid":{"rendered":"https:\/\/guenner.maklertemplate.de\/?page_id=1444"},"modified":"2024-09-21T07:18:23","modified_gmt":"2024-09-21T07:18:23","slug":"berlin-friedrichshain","status":"publish","type":"page","link":"https:\/\/guenner-immobilien.de\/fr\/zones-de-chalandise\/berlin-friedrichshain\/","title":{"rendered":"Berlin-Friedrichshain"},"content":{"rendered":"<section class=\"l-section wpb_row us_custom_c7e2010d height_auto width_full\" id=\"bannerSubpage\"><div class=\"l-section-h i-cf\"><div class=\"g-cols vc_row via_flex valign_top type_default stacking_default\"><div class=\"vc_col-sm-12 wpb_column vc_column_container\"><div class=\"vc_column-inner\"><div class=\"wpb_wrapper\">\n\t<div class=\"wpb_raw_code wpb_raw_html wpb_content_element us_custom_909b2fd0\" >\n\t\t<div class=\"wpb_wrapper\">\n\t\t\t<div class=\"HeadlineWapper\"><h1><span>Berlin-Friedrichshain<\/span><\/h1><\/div>\n\t\t<\/div>\n\t<\/div>\n<\/div><\/div><\/div><\/div><\/div><\/section><section class=\"l-section wpb_row height_medium\"><div class=\"l-section-h i-cf\"><div class=\"g-cols vc_row via_flex valign_top type_default stacking_default\"><div class=\"vc_col-sm-8 wpb_column vc_column_container\"><div class=\"vc_column-inner\"><div class=\"wpb_wrapper\"><div class=\"wpb_text_column\"><div class=\"wpb_wrapper\"><h2>Excellent service pour Friedrichshain<\/h2>\n<p>Faites confiance \u00e0 notre service de premi\u00e8re classe lorsqu&#039;il s&#039;agit du Kauf ou du Verkauf de votre propri\u00e9t\u00e9 \u00e0 Friedrichshain. Nous vous proposons un forfait complet et sans soucis dans lequel vous pouvez vous asseoir et vous d\u00e9tendre - il ne vous reste plus qu&#039;\u00e0 vous rendre chez le notaire et \u00e0 signer les contrats. Gr\u00e2ce \u00e0 notre savoir-faire marketing approfondi, nous investissons du temps et des ressources cibl\u00e9es pour obtenir le meilleur prix de vente possible pour votre propri\u00e9t\u00e9. Alors que les mauvais courtiers co\u00fbtent de l\u2019argent, les bons courtiers vous apportent une r\u00e9elle valeur ajout\u00e9e. Notre \u00e9quipe exp\u00e9riment\u00e9e est \u00e0 vos c\u00f4t\u00e9s d\u00e8s la premi\u00e8re visite jusqu&#039;\u00e0 la remise des cl\u00e9s - et m\u00eame apr\u00e8s cela, nous restons votre interlocuteur fiable. Que vous ayez besoin du soutien d&#039;artisans, d&#039;architectes, de conseillers en financement ou d&#039;experts en \u00e9nergie, nous travaillons avec un r\u00e9seau de partenaires de confiance.<\/p>\n<\/div><\/div><\/div><\/div><\/div><div class=\"vc_col-sm-4 wpb_column vc_column_container\"><div class=\"vc_column-inner\"><div class=\"wpb_wrapper\"><div class=\"w-image align_none\"><div class=\"w-image-h\"><img decoding=\"async\" width=\"629\" height=\"629\" src=\"https:\/\/guenner-immobilien.de\/wp-content\/uploads\/2024\/09\/home_reg_experte_h.cf421dc5.jpg\" class=\"attachment-large size-large\" alt=\"Portrait de David Gunner\" loading=\"lazy\" srcset=\"https:\/\/guenner-immobilien.de\/wp-content\/uploads\/2024\/09\/home_reg_experte_h.cf421dc5.jpg 629w, https:\/\/guenner-immobilien.de\/wp-content\/uploads\/2024\/09\/home_reg_experte_h.cf421dc5-300x300.jpg 300w, https:\/\/guenner-immobilien.de\/wp-content\/uploads\/2024\/09\/home_reg_experte_h.cf421dc5-150x150.jpg 150w, https:\/\/guenner-immobilien.de\/wp-content\/uploads\/2024\/09\/home_reg_experte_h.cf421dc5-600x600.jpg 600w\" sizes=\"auto, (max-width: 629px) 100vw, 629px\" \/><\/div><\/div><\/div><\/div><\/div><\/div><\/div><\/section><section class=\"l-section wpb_row us_custom_08af5949 height_medium\"><div class=\"l-section-h i-cf\"><div class=\"g-cols vc_row via_flex valign_top type_default stacking_default\"><div class=\"vc_col-sm-12 wpb_column vc_column_container\"><div class=\"vc_column-inner\"><div class=\"wpb_wrapper\"><div class=\"wpb_text_column\"><div class=\"wpb_wrapper\"><h2>Friedrichshain \u2013 Une maison o\u00f9 il fait bon vivre<\/h2>\n<p>Friedrichshain n&#039;est pas seulement un quartier, mais une attitude face \u00e0 la vie. Avec ses rues anim\u00e9es, ses caf\u00e9s branch\u00e9s et sa sc\u00e8ne culturelle diversifi\u00e9e, elle attire des gens du monde entier. Que vous soyez un <a title=\"Tous les h\u00e9bergements \u00e0 Friedrichshain et ses environs\" href=\"\/fr\/toutes-les-proprietes\/\">nouvelle maison<\/a> ou tout simplement envie de profiter de l&#039;ambiance \u2013 Friedrichshain offre quelque chose pour tout le monde.<\/p>\n<p>Le Volkspark Friedrichshain et les nombreux espaces verts vous invitent \u00e0 des promenades d\u00e9tendues et \u00e0 profiter d&#039;activit\u00e9s de plein air. Ici, vous rencontrez des voisins et des amis qui valorisent la vie en communaut\u00e9. L&#039;excellente connexion aux transports publics vous permet de rejoindre rapidement le centre-ville ou d&#039;autres quartiers populaires.<\/p>\n<p>D\u00e9couvrez \u00e9galement le c\u00f4t\u00e9 cr\u00e9atif de Friedrichshain : les galeries d&#039;art, les th\u00e9\u00e2tres et la c\u00e9l\u00e8bre East Side Gallery captivent les amateurs de culture. Si vous souhaitez en savoir plus sur le <a title=\"Nos r\u00e9f\u00e9rences\" href=\"\/fr\/references\/\">immobilier diversifi\u00e9<\/a> Si vous souhaitez d\u00e9couvrir cet environnement vivant, nous sommes l\u00e0 pour vous.<\/p>\n<p>Nous comprenons que le Kauf ou le Verkauf d&#039;une propri\u00e9t\u00e9 est une d\u00e9cision importante. C&#039;est pourquoi nous sommes \u00e0 votre disposition \u00e0 tout moment, que ce soit pour un moment <a title=\"\u00c9valuer la propri\u00e9t\u00e9\" href=\"\/fr\/evaluer-la-propriete\/\">\u00c9valuation immobili\u00e8re<\/a> ou autour d&#039;un <a title=\"Cr\u00e9er un profil de recherche\" href=\"\/fr\/creer-un-profil-de-recherche\/\">Cr\u00e9er un profil de recherche<\/a>. Notre expertise s&#039;appuie sur notre <a title=\"\u00c0 propos de nous\" href=\"\/fr\/a-propos-de-nous\/\">\u00e9quipe d\u00e9di\u00e9e<\/a>, qui s&#039;efforce toujours de vous offrir le meilleur service.<\/p>\n<\/div><\/div><\/div><\/div><\/div><\/div><\/div><\/section><section class=\"l-section wpb_row us_custom_c70c97eb contentBorder height_medium\"><div class=\"l-section-h i-cf\"><div class=\"g-cols vc_row via_flex valign_top type_default stacking_default\"><div class=\"vc_col-sm-12 wpb_column vc_column_container\"><div class=\"vc_column-inner\"><div class=\"wpb_wrapper\">\n\t<div class=\"wpb_raw_code wpb_raw_html wpb_content_element us_custom_909b2fd0\" >\n\t\t<div class=\"wpb_wrapper\">\n\t\t\t<script src=\"https:\/\/static.elfsight.com\/platform\/platform.js\" data-use-service-core defer><\/script>\n<div class=\"elfsight-app-4affd119-c130-4a1d-824e-4b06cd228cf0\" data-elfsight-app-lazy><\/div>\n\t\t<\/div>\n\t<\/div>\n<\/div><\/div><\/div><\/div><\/div><\/section><section class=\"l-section wpb_row us_custom_08af5949 height_medium\"><div class=\"l-section-h i-cf\"><div class=\"g-cols vc_row via_flex valign_top type_default stacking_default\"><div class=\"vc_col-sm-12 wpb_column vc_column_container\"><div class=\"vc_column-inner\"><div class=\"wpb_wrapper\"><div class=\"wpb_text_column\"><div class=\"wpb_wrapper\"><h2>Le march\u00e9 immobilier \u00e0 Friedrichshain<\/h2>\n<p>Friedrichshain est devenu ces derni\u00e8res ann\u00e9es l\u2019un des quartiers les plus recherch\u00e9s de Berlin. Avec sa culture vivante, ses diverses possibilit\u00e9s de loisirs et sa situation centrale, il est particuli\u00e8rement attractif pour les acheteurs qui souhaitent investir dans un bien immobilier \u00e0 valeur stable. Mais le march\u00e9 immobilier est exigeant : la demande d\u00e9passe souvent l&#039;offre et il peut \u00eatre difficile de trouver le bien immobilier adapt\u00e9 \u00e0 un prix optimal.<\/p>\n<p>Pour obtenir le meilleur prix pour votre investissement, l\u2019assistance d\u2019un courtier exp\u00e9riment\u00e9 est cruciale. Nous connaissons parfaitement le march\u00e9 de Friedrichshain et pouvons vous aider \u00e0 identifier et \u00e0 n\u00e9gocier les meilleures offres. Notre \u00e9quipe est l\u00e0 pour vous aider \u00e0 \u00e9valuer de mani\u00e8re r\u00e9aliste la valeur de la propri\u00e9t\u00e9 de vos r\u00eaves et s&#039;assurer que vous obtenez le meilleur prix possible.<\/p>\n<p>Nous comprenons que les acheteurs \u00e0 la recherche d\u2019une propri\u00e9t\u00e9 ne recherchent pas seulement une maison, mais \u00e9galement un investissement pr\u00e9cieux. Gr\u00e2ce \u00e0 notre expertise du march\u00e9 immobilier et \u00e0 notre service d\u00e9di\u00e9, nous veillons \u00e0 ce que vous preniez les bonnes d\u00e9cisions. Faites-nous confiance pour r\u00e9aliser vos r\u00eaves de maison tout en obtenant le meilleur prix.<\/p>\n<\/div><\/div><\/div><\/div><\/div><\/div><\/div><\/section><section class=\"l-section wpb_row contentBorder height_medium\"><div class=\"l-section-h i-cf\"><div class=\"g-cols vc_row via_flex valign_top type_default stacking_default\"><div class=\"vc_col-sm-6 wpb_column vc_column_container\"><div class=\"vc_column-inner\"><div class=\"wpb_wrapper\"><div class=\"wpb_text_column\"><div class=\"wpb_wrapper\"><h2 class=\"gold\">Donn\u00e9es cl\u00e9s importantes<\/h2>\n<h2 class=\"goldSubline\">Tous les chiffres pertinents en un coup d&#039;oeil<\/h2>\n<\/div><\/div><\/div><\/div><\/div><div class=\"vc_col-sm-6 wpb_column vc_column_container\"><div class=\"vc_column-inner\"><div class=\"wpb_wrapper\"><div class=\"wpb_text_column\"><div class=\"wpb_wrapper\"><ul>\n<li>141238 habitants<\/li>\n<li>9,78 km\u00b2<\/li>\n<li>Quartiers environnants : Kreuzberg, Lichtenberg, Prenzlauer Berg<\/li>\n<\/ul>\n<\/div><\/div><\/div><\/div><\/div><\/div><\/div><\/section><section class=\"l-section wpb_row us_custom_08af5949 height_medium\"><div class=\"l-section-h i-cf\"><div class=\"g-cols vc_row via_flex valign_top type_default stacking_default\"><div class=\"vc_col-sm-12 wpb_column vc_column_container\"><div class=\"vc_column-inner\"><div class=\"wpb_wrapper\"><div class=\"wpb_text_column\"><div class=\"wpb_wrapper\"><h2>L&#039;importance d&#039;un agent exp\u00e9riment\u00e9 sur le march\u00e9 immobilier<\/h2>\n<p>Dans un march\u00e9 immobilier dynamique comme celui de Friedrichshain, le choix du bon agent est crucial. Nous sommes l\u00e0 pour vous aider \u00e0 naviguer dans les complexit\u00e9s du march\u00e9. La vari\u00e9t\u00e9 des propri\u00e9t\u00e9s disponibles et les tendances de prix en constante \u00e9volution peuvent \u00eatre difficiles, mais avec notre expertise \u00e0 vos c\u00f4t\u00e9s, le processus devient beaucoup plus facile.<\/p>\n<p>Notre \u00e9quipe exp\u00e9riment\u00e9e conna\u00eet exactement les conditions locales et vous offre des informations pr\u00e9cieuses sur l&#039;\u00e9volution des prix de l&#039;immobilier. Nous savons quelles propri\u00e9t\u00e9s offrent le meilleur rapport qualit\u00e9-prix et vous aiderons \u00e0 prendre la bonne d\u00e9cision. De l\u2019estimation du bien \u00e0 la signature du contrat, nous nous occupons de tous les aspects du processus Kauf ou Verkauf.<\/p>\n<p>La qualit\u00e9, la fiabilit\u00e9 et un r\u00e9seau complet de partenaires nous distinguent. Nous sommes votre interlocuteur de confiance qui d\u00e9fend toujours vos int\u00e9r\u00eats et vous soutient dans toutes les phases du processus. Avec notre soutien, le chemin vers la propri\u00e9t\u00e9 de vos r\u00eaves sera non seulement plus facile, mais aussi plus r\u00e9ussi.<\/p>\n<p>Dans un march\u00e9 exigeant comme celui de Friedrichshain, il est essentiel d&#039;avoir \u00e0 vos c\u00f4t\u00e9s un agent engag\u00e9 dans votre r\u00e9ussite. Soyez assur\u00e9 que nous atteindrons ensemble vos objectifs immobiliers \u2013 car nous sommes l\u00e0 pour vous !<\/p>\n<\/div><\/div><\/div><\/div><\/div><\/div><\/div><\/section><section class=\"l-section wpb_row contentBorder height_auto width_full\"><div class=\"l-section-h i-cf\"><div class=\"g-cols vc_row via_flex valign_top type_default stacking_default\"><div class=\"vc_col-sm-12 wpb_column vc_column_container\"><div class=\"vc_column-inner\"><div class=\"wpb_wrapper\"><section class=\"l-section wpb_row guennerASP height_medium full_height valign_center with_img\"><div class=\"l-section-img\" role=\"img\" aria-label=\"Image\" data-img-width=\"2048\" data-img-height=\"1365\" style=\"background-image: url(https:\/\/guenner-immobilien.de\/wp-content\/uploads\/2024\/07\/guenner.jpg);background-position: center right;\"><\/div><div class=\"l-section-h i-cf\"><div class=\"g-cols vc_row via_flex valign_top type_default stacking_default\"><div class=\"vc_col-sm-6 wpb_column vc_column_container\"><div class=\"vc_column-inner\"><div class=\"wpb_wrapper\"><div class=\"wpb_text_column us_custom_c23a66ad\"><div class=\"wpb_wrapper\"><h2 class=\"gold\">VOUS AVONS-NOUS CONVAINCU ?<\/h2>\n<h2 class=\"goldSubline\">Prenez d\u00e8s maintenant un rendez-vous de consultation gratuit<\/h2>\n<\/div><\/div><div class=\"w-btn-wrapper align_none\"><a class=\"w-btn us-btn-style_1\" title=\"Entrer en contact!\" href=\"\/fr\/contact\/\"><span class=\"w-btn-label\">Fixer un rendez-vous de consultation<\/span><\/a><\/div><\/div><\/div><\/div><div class=\"vc_col-sm-6 wpb_column vc_column_container\"><div class=\"vc_column-inner\"><div class=\"wpb_wrapper\"><div class=\"w-grid type_grid layout_blog_1 hidden cols_2\" id=\"us_grid_1\" style=\"--columns:2;--gap:1.5rem;\"><style>@media (max-width:900px){#us_grid_1{--columns:1!important}}.layout_blog_1 .w-grid-item-h{}.layout_blog_1 .usg_post_image_1{margin-bottom:0.5rem!important}.layout_blog_1 .usg_post_title_1{font-size:1rem!important}<\/style><div class=\"w-grid-list\"><\/div><div class=\"w-grid-preloader\">\t<div class=\"g-preloader type_1\">\r\n\t\t<div><\/div>\r\n\t<\/div>\r\n\t<\/div>\t<div class=\"w-grid-json hidden\" onclick='return {&quot;action&quot;:&quot;us_ajax_grid&quot;,&quot;infinite_scroll&quot;:0,&quot;max_num_pages&quot;:0,&quot;pagination&quot;:&quot;none&quot;,&quot;template_vars&quot;:{&quot;columns&quot;:&quot;2&quot;,&quot;exclude_items&quot;:&quot;none&quot;,&quot;img_size&quot;:&quot;default&quot;,&quot;ignore_items_size&quot;:0,&quot;items_layout&quot;:&quot;blog_1&quot;,&quot;items_offset&quot;:&quot;1&quot;,&quot;load_animation&quot;:&quot;none&quot;,&quot;overriding_link&quot;:&quot;{\\&quot;url\\&quot;:\\&quot;\\&quot;}&quot;,&quot;post_id&quot;:1380,&quot;query_args&quot;:{&quot;posts_per_page&quot;:&quot;10&quot;},&quot;orderby_query_args&quot;:{&quot;orderby&quot;:{&quot;date&quot;:&quot;DESC&quot;}},&quot;type&quot;:&quot;grid&quot;,&quot;us_grid_post_type&quot;:&quot;ids_terms&quot;,&quot;us_grid_ajax_index&quot;:1,&quot;us_grid_filter_query_string&quot;:null,&quot;us_grid_index&quot;:1,&quot;page_args&quot;:[]}}'><\/div>\r\n\t<\/div><\/div><\/div><\/div><\/div><\/div><\/section>\n<\/div><\/div><\/div><\/div><\/div><\/section>","protected":false},"excerpt":{"rendered":"Friedrichshain Hervorragender Service f\u00fcr Friedrichshain Vertrauen Sie auf unseren erstklassigen Service, wenn es um den Kauf oder Verkauf Ihrer Immobilie in Friedrichshain geht. Wir bieten Ihnen ein Rundum-sorglos-Paket, bei dem Sie sich entspannt zur\u00fccklehnen k\u00f6nnen \u2013 alles, was Sie am Ende tun m\u00fcssen, ist der Gang zum Notar und das Unterzeichnen der Vertr\u00e4ge. Mit unserem...","protected":false},"author":4,"featured_media":1446,"parent":1375,"menu_order":0,"comment_status":"closed","ping_status":"closed","template":"object-list.php","meta":{"footnotes":""},"class_list":["post-1444","page","type-page","status-publish","has-post-thumbnail","hentry"],"yoast_head":"<!-- This site is optimized with the Yoast SEO plugin v26.0 - https:\/\/yoast.com\/wordpress\/plugins\/seo\/ -->\n<title>Exzellente Beratung und Service f\u00fcr Friedrichshain | Guenner Immobilien<\/title>\n<meta name=\"description\" content=\"Entdecken Sie den Immobilienmarkt in Friedrichshain! Unser erfahrenes Team hilft Ihnen, die besten Angebote zu finden und die optimalen Preise zu erzielen.\" \/>\n<meta name=\"robots\" content=\"index, follow, max-snippet:-1, max-image-preview:large, max-video-preview:-1\" \/>\n<link rel=\"canonical\" href=\"https:\/\/www.guenner-immobilien.de\/einzugsgebiete\/friedrichshain\" \/>\n<meta property=\"og:locale\" content=\"fr_FR\" \/>\n<meta property=\"og:type\" content=\"article\" \/>\n<meta property=\"og:title\" content=\"Exzellente Beratung und Service f\u00fcr Friedrichshain | Guenner Immobilien\" \/>\n<meta property=\"og:description\" content=\"Entdecken Sie den Immobilienmarkt in Friedrichshain! Unser erfahrenes Team hilft Ihnen, die besten Angebote zu finden und die optimalen Preise zu erzielen.\" \/>\n<meta property=\"og:url\" content=\"https:\/\/www.guenner-immobilien.de\/einzugsgebiete\/friedrichshain\" \/>\n<meta property=\"og:site_name\" content=\"Guenner Immobilien\" \/>\n<meta property=\"og:image\" content=\"https:\/\/guenner-immobilien.de\/wp-content\/uploads\/2024\/09\/volkspark-friedrichshain.jpg\" \/>\n\t<meta property=\"og:image:width\" content=\"1484\" \/>\n\t<meta property=\"og:image:height\" content=\"707\" \/>\n\t<meta property=\"og:image:type\" content=\"image\/jpeg\" \/>\n<meta name=\"twitter:card\" content=\"summary_large_image\" \/>\n<meta name=\"twitter:label1\" content=\"Dur\u00e9e de lecture estim\u00e9e\" \/>\n\t<meta name=\"twitter:data1\" content=\"5 minutes\" \/>\n<script type=\"application\/ld+json\" class=\"yoast-schema-graph\">{\"@context\":\"https:\/\/schema.org\",\"@graph\":[{\"@type\":\"WebPage\",\"@id\":\"https:\/\/guenner-immobilien.de\/einzugsgebiete\/friedrichshain\/\",\"url\":\"https:\/\/www.guenner-immobilien.de\/einzugsgebiete\/friedrichshain\",\"name\":\"Exzellente Beratung und Service f\u00fcr Friedrichshain | Guenner Immobilien\",\"isPartOf\":{\"@id\":\"https:\/\/guenner-immobilien.de\/#website\"},\"primaryImageOfPage\":{\"@id\":\"https:\/\/www.guenner-immobilien.de\/einzugsgebiete\/friedrichshain#primaryimage\"},\"image\":{\"@id\":\"https:\/\/www.guenner-immobilien.de\/einzugsgebiete\/friedrichshain#primaryimage\"},\"thumbnailUrl\":\"https:\/\/guenner-immobilien.de\/wp-content\/uploads\/2024\/09\/volkspark-friedrichshain.jpg\",\"datePublished\":\"2024-09-21T07:18:23+00:00\",\"description\":\"Entdecken Sie den Immobilienmarkt in Friedrichshain! Unser erfahrenes Team hilft Ihnen, die besten Angebote zu finden und die optimalen Preise zu erzielen.\",\"breadcrumb\":{\"@id\":\"https:\/\/www.guenner-immobilien.de\/einzugsgebiete\/friedrichshain#breadcrumb\"},\"inLanguage\":\"fr-FR\",\"potentialAction\":[{\"@type\":\"ReadAction\",\"target\":[\"https:\/\/www.guenner-immobilien.de\/einzugsgebiete\/friedrichshain\"]}]},{\"@type\":\"ImageObject\",\"inLanguage\":\"fr-FR\",\"@id\":\"https:\/\/www.guenner-immobilien.de\/einzugsgebiete\/friedrichshain#primaryimage\",\"url\":\"https:\/\/guenner-immobilien.de\/wp-content\/uploads\/2024\/09\/volkspark-friedrichshain.jpg\",\"contentUrl\":\"https:\/\/guenner-immobilien.de\/wp-content\/uploads\/2024\/09\/volkspark-friedrichshain.jpg\",\"width\":1484,\"height\":707,\"caption\":\"Genie\u00dfen Sie die gr\u00fcnen Parks Friedrichshains\"},{\"@type\":\"BreadcrumbList\",\"@id\":\"https:\/\/www.guenner-immobilien.de\/einzugsgebiete\/friedrichshain#breadcrumb\",\"itemListElement\":[{\"@type\":\"ListItem\",\"position\":1,\"name\":\"Startseite\",\"item\":\"https:\/\/guenner-immobilien.de\/\"},{\"@type\":\"ListItem\",\"position\":2,\"name\":\"Einzugsgebiete\",\"item\":\"https:\/\/guenner-immobilien.de\/einzugsgebiete\/\"},{\"@type\":\"ListItem\",\"position\":3,\"name\":\"Friedrichshain\"}]},{\"@type\":\"WebSite\",\"@id\":\"https:\/\/guenner-immobilien.de\/#website\",\"url\":\"https:\/\/guenner-immobilien.de\/\",\"name\":\"Guenner Immobilien\",\"description\":\"Immobilienmakler und Immobilien in Berlin und Umgebung\",\"potentialAction\":[{\"@type\":\"SearchAction\",\"target\":{\"@type\":\"EntryPoint\",\"urlTemplate\":\"https:\/\/guenner-immobilien.de\/?s={search_term_string}\"},\"query-input\":{\"@type\":\"PropertyValueSpecification\",\"valueRequired\":true,\"valueName\":\"search_term_string\"}}],\"inLanguage\":\"fr-FR\"}]}<\/script>\n<!-- \/ Yoast SEO plugin. -->","yoast_head_json":{"title":"Excellents conseils et services pour Friedrichshain | Guenner Immobilier","description":"D\u00e9couvrez le march\u00e9 immobilier \u00e0 Friedrichshain ! Notre \u00e9quipe exp\u00e9riment\u00e9e vous aidera \u00e0 trouver les meilleures offres et \u00e0 obtenir les prix optimaux.","robots":{"index":"index","follow":"follow","max-snippet":"max-snippet:-1","max-image-preview":"max-image-preview:large","max-video-preview":"max-video-preview:-1"},"canonical":"https:\/\/www.guenner-immobilien.de\/einzugsgebiete\/friedrichshain","og_locale":"fr_FR","og_type":"article","og_title":"Exzellente Beratung und Service f\u00fcr Friedrichshain | Guenner Immobilien","og_description":"Entdecken Sie den Immobilienmarkt in Friedrichshain! Unser erfahrenes Team hilft Ihnen, die besten Angebote zu finden und die optimalen Preise zu erzielen.","og_url":"https:\/\/www.guenner-immobilien.de\/einzugsgebiete\/friedrichshain","og_site_name":"Guenner Immobilien","og_image":[{"width":1484,"height":707,"url":"https:\/\/guenner-immobilien.de\/wp-content\/uploads\/2024\/09\/volkspark-friedrichshain.jpg","type":"image\/jpeg"}],"twitter_card":"summary_large_image","twitter_misc":{"Dur\u00e9e de lecture estim\u00e9e":"5 minutes"},"schema":{"@context":"https:\/\/schema.org","@graph":[{"@type":"WebPage","@id":"https:\/\/guenner-immobilien.de\/einzugsgebiete\/friedrichshain\/","url":"https:\/\/www.guenner-immobilien.de\/einzugsgebiete\/friedrichshain","name":"Excellents conseils et services pour Friedrichshain | Guenner Immobilier","isPartOf":{"@id":"https:\/\/guenner-immobilien.de\/#website"},"primaryImageOfPage":{"@id":"https:\/\/www.guenner-immobilien.de\/einzugsgebiete\/friedrichshain#primaryimage"},"image":{"@id":"https:\/\/www.guenner-immobilien.de\/einzugsgebiete\/friedrichshain#primaryimage"},"thumbnailUrl":"https:\/\/guenner-immobilien.de\/wp-content\/uploads\/2024\/09\/volkspark-friedrichshain.jpg","datePublished":"2024-09-21T07:18:23+00:00","description":"D\u00e9couvrez le march\u00e9 immobilier \u00e0 Friedrichshain ! Notre \u00e9quipe exp\u00e9riment\u00e9e vous aidera \u00e0 trouver les meilleures offres et \u00e0 obtenir les prix optimaux.","breadcrumb":{"@id":"https:\/\/www.guenner-immobilien.de\/einzugsgebiete\/friedrichshain#breadcrumb"},"inLanguage":"fr-FR","potentialAction":[{"@type":"ReadAction","target":["https:\/\/www.guenner-immobilien.de\/einzugsgebiete\/friedrichshain"]}]},{"@type":"ImageObject","inLanguage":"fr-FR","@id":"https:\/\/www.guenner-immobilien.de\/einzugsgebiete\/friedrichshain#primaryimage","url":"https:\/\/guenner-immobilien.de\/wp-content\/uploads\/2024\/09\/volkspark-friedrichshain.jpg","contentUrl":"https:\/\/guenner-immobilien.de\/wp-content\/uploads\/2024\/09\/volkspark-friedrichshain.jpg","width":1484,"height":707,"caption":"Genie\u00dfen Sie die gr\u00fcnen Parks Friedrichshains"},{"@type":"BreadcrumbList","@id":"https:\/\/www.guenner-immobilien.de\/einzugsgebiete\/friedrichshain#breadcrumb","itemListElement":[{"@type":"ListItem","position":1,"name":"Startseite","item":"https:\/\/guenner-immobilien.de\/"},{"@type":"ListItem","position":2,"name":"Einzugsgebiete","item":"https:\/\/guenner-immobilien.de\/einzugsgebiete\/"},{"@type":"ListItem","position":3,"name":"Friedrichshain"}]},{"@type":"WebSite","@id":"https:\/\/guenner-immobilien.de\/#website","url":"https:\/\/guenner-immobilien.de\/","name":"Guenner Immobilier","description":"Agents immobiliers et biens immobiliers \u00e0 Berlin et ses environs","potentialAction":[{"@type":"SearchAction","target":{"@type":"EntryPoint","urlTemplate":"https:\/\/guenner-immobilien.de\/?s={search_term_string}"},"query-input":{"@type":"PropertyValueSpecification","valueRequired":true,"valueName":"search_term_string"}}],"inLanguage":"fr-FR"}]}},"_links":{"self":[{"href":"https:\/\/guenner-immobilien.de\/fr\/wp-json\/wp\/v2\/pages\/1444","targetHints":{"allow":["GET"]}}],"collection":[{"href":"https:\/\/guenner-immobilien.de\/fr\/wp-json\/wp\/v2\/pages"}],"about":[{"href":"https:\/\/guenner-immobilien.de\/fr\/wp-json\/wp\/v2\/types\/page"}],"author":[{"embeddable":true,"href":"https:\/\/guenner-immobilien.de\/fr\/wp-json\/wp\/v2\/users\/4"}],"replies":[{"embeddable":true,"href":"https:\/\/guenner-immobilien.de\/fr\/wp-json\/wp\/v2\/comments?post=1444"}],"version-history":[{"count":13,"href":"https:\/\/guenner-immobilien.de\/fr\/wp-json\/wp\/v2\/pages\/1444\/revisions"}],"predecessor-version":[{"id":1495,"href":"https:\/\/guenner-immobilien.de\/fr\/wp-json\/wp\/v2\/pages\/1444\/revisions\/1495"}],"up":[{"embeddable":true,"href":"https:\/\/guenner-immobilien.de\/fr\/wp-json\/wp\/v2\/pages\/1375"}],"wp:featuredmedia":[{"embeddable":true,"href":"https:\/\/guenner-immobilien.de\/fr\/wp-json\/wp\/v2\/media\/1446"}],"wp:attachment":[{"href":"https:\/\/guenner-immobilien.de\/fr\/wp-json\/wp\/v2\/media?parent=1444"}],"curies":[{"name":"wp","href":"https:\/\/api.w.org\/{rel}","templated":true}]}}