{"id":1457,"date":"2024-09-21T15:14:48","date_gmt":"2024-09-21T15:14:48","guid":{"rendered":"https:\/\/guenner.maklertemplate.de\/?page_id=1457"},"modified":"2024-09-21T15:16:35","modified_gmt":"2024-09-21T15:16:35","slug":"kladow","status":"publish","type":"page","link":"https:\/\/guenner-immobilien.de\/fr\/zones-de-chalandise\/kladow\/","title":{"rendered":"Kladow"},"content":{"rendered":"<section class=\"l-section wpb_row us_custom_e0ef7976 height_auto width_full\" id=\"bannerSubpage\"><div class=\"l-section-h i-cf\"><div class=\"g-cols vc_row via_flex valign_top type_default stacking_default\"><div class=\"vc_col-sm-12 wpb_column vc_column_container\"><div class=\"vc_column-inner\"><div class=\"wpb_wrapper\">\n\t<div class=\"wpb_raw_code wpb_raw_html wpb_content_element us_custom_909b2fd0\" >\n\t\t<div class=\"wpb_wrapper\">\n\t\t\t<div class=\"HeadlineWapper\"><h1><span>Kladow<\/span><\/h1><\/div>\n\t\t<\/div>\n\t<\/div>\n<\/div><\/div><\/div><\/div><\/div><\/section><section class=\"l-section wpb_row height_medium\"><div class=\"l-section-h i-cf\"><div class=\"g-cols vc_row via_flex valign_top type_default stacking_default\"><div class=\"vc_col-sm-8 wpb_column vc_column_container\"><div class=\"vc_column-inner\"><div class=\"wpb_wrapper\"><div class=\"wpb_text_column\"><div class=\"wpb_wrapper\"><h2>Service immobilier de premi\u00e8re classe pour Berlin-Kladow<\/h2>\n<p>Faites confiance \u00e0 notre service professionnel lorsqu&#039;il s&#039;agit du Kauf ou du Verkauf de votre propri\u00e9t\u00e9 \u00e0 Berlin-Kladow. Nous vous proposons un ensemble de services complet qui vous permet de vivre l&#039;ensemble du processus de mani\u00e8re d\u00e9tendue. Votre seule \u00e9tape ? La visite chez le notaire et la signature des contrats. Gr\u00e2ce \u00e0 notre strat\u00e9gie marketing sophistiqu\u00e9e, nous investissons du temps et des ressources cibl\u00e9es afin d&#039;obtenir le meilleur prix de vente possible pour votre propri\u00e9t\u00e9. Alors que les courtiers inexp\u00e9riment\u00e9s supportent souvent des frais, les courtiers comp\u00e9tents apportent une valeur ajout\u00e9e notable. Notre \u00e9quipe exp\u00e9riment\u00e9e vous accompagnera du premier rendez-vous de visite jusqu&#039;\u00e0 la remise finale des cl\u00e9s - et nous resterons votre partenaire fiable m\u00eame apr\u00e8s cela. Avez-vous besoin de l&#039;aide d&#039;artisans, d&#039;architectes, de conseillers en financement ou d&#039;experts en \u00e9nergie ? Nous travaillons en \u00e9troite collaboration avec un r\u00e9seau d&#039;experts confirm\u00e9s pour vous offrir le soutien ad\u00e9quat \u00e0 chaque \u00e9tape.<\/p>\n<\/div><\/div><\/div><\/div><\/div><div class=\"vc_col-sm-4 wpb_column vc_column_container\"><div class=\"vc_column-inner\"><div class=\"wpb_wrapper\"><div class=\"w-image align_none\"><div class=\"w-image-h\"><img decoding=\"async\" width=\"629\" height=\"629\" src=\"https:\/\/guenner-immobilien.de\/wp-content\/uploads\/2024\/09\/home_reg_experte_h.cf421dc5.jpg\" class=\"attachment-large size-large\" alt=\"Portrait de David Gunner\" loading=\"lazy\" srcset=\"https:\/\/guenner-immobilien.de\/wp-content\/uploads\/2024\/09\/home_reg_experte_h.cf421dc5.jpg 629w, https:\/\/guenner-immobilien.de\/wp-content\/uploads\/2024\/09\/home_reg_experte_h.cf421dc5-300x300.jpg 300w, https:\/\/guenner-immobilien.de\/wp-content\/uploads\/2024\/09\/home_reg_experte_h.cf421dc5-150x150.jpg 150w, https:\/\/guenner-immobilien.de\/wp-content\/uploads\/2024\/09\/home_reg_experte_h.cf421dc5-600x600.jpg 600w\" sizes=\"auto, (max-width: 629px) 100vw, 629px\" \/><\/div><\/div><\/div><\/div><\/div><\/div><\/div><\/section><section class=\"l-section wpb_row us_custom_08af5949 height_medium\"><div class=\"l-section-h i-cf\"><div class=\"g-cols vc_row via_flex valign_top type_default stacking_default\"><div class=\"vc_col-sm-12 wpb_column vc_column_container\"><div class=\"vc_column-inner\"><div class=\"wpb_wrapper\"><div class=\"wpb_text_column\"><div class=\"wpb_wrapper\"><h2>Berlin-Kladow : Vivre dans une idylle verte<\/h2>\n<p>Berlin-Kladow est le refuge id\u00e9al pour tous ceux qui souhaitent allier proximit\u00e9 avec la nature et connexions urbaines. Le quartier au sud de Spandau impressionne par son atmosph\u00e8re calme, presque villageoise, tout en offrant une excellente connexion avec le centre-ville de Berlin. Entour\u00e9e de for\u00eats, de prairies et des rives de la Havel, Kladow est un paradis pour les amoureux de la nature qui appr\u00e9cient la d\u00e9tente \u00e0 la campagne.<\/p>\n<h3>Points forts de Kladow<\/h3>\n<p>Un point fort de Kladow est sans aucun doute la pittoresque promenade au bord de la Havel, qui vous invite \u00e0 des promenades d\u00e9tendues. La proximit\u00e9 de Wannsee et de Pfaueninsel ouvre de nombreuses possibilit\u00e9s de sports nautiques, d&#039;excursions en bateau ou de baignades. Le <strong>Havelh\u00f6henweg<\/strong> et le <strong>Parc immobilier de Neukladow<\/strong> sont d&#039;autres destinations populaires pour ceux qui recherchent la d\u00e9tente. Kladow poss\u00e8de \u00e9galement de charmants caf\u00e9s, restaurants et petites boutiques qui rendent la vie ici agr\u00e9able et vari\u00e9e.<\/p>\n<h3>Style de vie \u00e0 Berlin-Kladow<\/h3>\n<p>La vie \u00e0 Kladow est caract\u00e9ris\u00e9e par la paix et la s\u00e9r\u00e9nit\u00e9, id\u00e9ale pour les familles, les amoureux de la nature et les personnes qui souhaitent \u00e9chapper \u00e0 l&#039;agitation de la grande ville sans avoir \u00e0 renoncer aux commodit\u00e9s d&#039;une grande ville. Le grand choix <a title=\"D\u00e9couvrez l&#039;immobilier \u00e0 Berlin-Kladow\" href=\"\/fr\/toutes-les-proprietes\/\">Immobilier \u00e0 Kladow<\/a> va des nouveaux b\u00e2timents modernes aux maisons de campagne historiques qui s&#039;int\u00e8grent harmonieusement dans un environnement idyllique. La communaut\u00e9 dynamique de Kladow, compos\u00e9e de r\u00e9sidents de longue date et de nouveaux arrivants, cr\u00e9e un environnement chaleureux et de bon voisinage.<\/p>\n<h3>Votre chemin vers votre propri\u00e9t\u00e9 \u00e0 Kladow<\/h3>\n<p>Que vous souhaitiez kauf ou verkauf une propri\u00e9t\u00e9, nous sommes \u00e0 vos c\u00f4t\u00e9s en tant que partenaire fiable. En savoir plus sur notre <a title=\"R\u00e9f\u00e9rences de nos ventes immobili\u00e8res r\u00e9ussies\" href=\"\/fr\/references\/\">Succ\u00e8s dans les ventes immobili\u00e8res<\/a> ou laissez notre \u00e9quipe vous fournir des informations d\u00e9taill\u00e9es <a title=\"En savoir plus sur nous en tant qu&#039;agents immobiliers\" href=\"\/fr\/a-propos-de-nous\/\">conseiller<\/a>. Vous n&#039;\u00eates pas s\u00fbr de la valeur de votre propri\u00e9t\u00e9 ? Utilisez notre gratuit <a title=\"Faites estimer gratuitement votre bien\" href=\"\/fr\/evaluer-la-propriete\/\">\u00c9valuation immobili\u00e8re<\/a>pour avoir une premi\u00e8re impression. Si vous recherchez la propri\u00e9t\u00e9 de vos r\u00eaves, vous pouvez \u00e9galement obtenir la v\u00f4tre <a title=\"Cr\u00e9ez un profil de recherche pour votre propri\u00e9t\u00e9\" href=\"\/fr\/creer-un-profil-de-recherche\/\">Cr\u00e9er un profil de recherche<\/a>, et nous vous informerons des offres adapt\u00e9es.<\/p>\n<p>L&#039;emplacement idyllique de Kladow et sa grande qualit\u00e9 de vie en font l&#039;un des endroits o\u00f9 vivre les plus recherch\u00e9s de la r\u00e9gion de Berlin. N&#039;h\u00e9sitez pas \u00e0 nous contacter via notre <a title=\"Formulaire de contact pour les demandes immobili\u00e8res\" href=\"\/fr\/contact\/\">Formulaire de contact<\/a> ou jetez un \u0153il au n\u00f4tre <a title=\"Autres zones de chalandise que nous servons\" href=\"\/fr\/zones-de-chalandise\/\">Zones de chalandise<\/a>pour en savoir plus.<\/p>\n<\/div><\/div><\/div><\/div><\/div><\/div><\/div><\/section><section class=\"l-section wpb_row us_custom_c70c97eb contentBorder height_medium\"><div class=\"l-section-h i-cf\"><div class=\"g-cols vc_row via_flex valign_top type_default stacking_default\"><div class=\"vc_col-sm-12 wpb_column vc_column_container\"><div class=\"vc_column-inner\"><div class=\"wpb_wrapper\">\n\t<div class=\"wpb_raw_code wpb_raw_html wpb_content_element us_custom_909b2fd0\" >\n\t\t<div class=\"wpb_wrapper\">\n\t\t\t<script src=\"https:\/\/static.elfsight.com\/platform\/platform.js\" data-use-service-core defer><\/script>\n<div class=\"elfsight-app-4affd119-c130-4a1d-824e-4b06cd228cf0\" data-elfsight-app-lazy><\/div>\n\t\t<\/div>\n\t<\/div>\n<\/div><\/div><\/div><\/div><\/div><\/section><section class=\"l-section wpb_row us_custom_08af5949 height_medium\"><div class=\"l-section-h i-cf\"><div class=\"g-cols vc_row via_flex valign_top type_default stacking_default\"><div class=\"vc_col-sm-12 wpb_column vc_column_container\"><div class=\"vc_column-inner\"><div class=\"wpb_wrapper\"><div class=\"wpb_text_column\"><div class=\"wpb_wrapper\"><h2>March\u00e9 immobilier \u00e0 Berlin-Kladow : proche de la nature et recherch\u00e9<\/h2>\n<p>Le march\u00e9 immobilier \u00e0 Berlin-Kladow jouit d&#039;une popularit\u00e9 croissante, notamment aupr\u00e8s des familles et des personnes qui appr\u00e9cient un environnement calme et naturel. Le m\u00e9lange d&#039;un emplacement idyllique au bord de l&#039;eau, de grands espaces verts et de bonnes connexions avec le centre-ville de Berlin fait de Kladow un endroit attrayant. L&#039;offre immobili\u00e8re est diversifi\u00e9e et s&#039;\u00e9tend des charmantes maisons unifamiliales aux nouveaux b\u00e2timents modernes et aux villas exclusives. La demande \u00e9tant en constante augmentation, les prix \u00e0 Kladow sont stables et \u00e0 un niveau \u00e9lev\u00e9, ce qui rend l&#039;endroit particuli\u00e8rement int\u00e9ressant pour les investissements \u00e0 long terme.<\/p>\n<h3>Facilement accessible et facilement connect\u00e9<\/h3>\n<p>Bien que Kladow offre une atmosph\u00e8re de village et d\u00e9tendue, elle dispose d&#039;excellentes liaisons de transport. Vous pouvez rejoindre rapidement Wannsee en ferry et de nombreuses liaisons de bus permettent de rejoindre facilement les gares de Spandau ou de S-Bahn de Berlin. Les automobilistes b\u00e9n\u00e9ficient de la proximit\u00e9 des autoroutes B5 et A100, qui offrent une connexion directe vers le centre-ville et la r\u00e9gion de Berlin. Kladow combine ainsi le meilleur des deux mondes : vivre proche de la nature et acc\u00e8s rapide aux centres urbains.<\/p>\n<p>Gr\u00e2ce \u00e0 sa qualit\u00e9 de vie \u00e9lev\u00e9e et \u00e0 ses excellentes infrastructures, Kladow attire tous ceux qui recherchent le calme et la tranquillit\u00e9 mais ne veulent pas pour autant renoncer aux avantages d&#039;une ville. Que vous soyez \u00e0 la recherche d&#039;un bien immobilier ou que vous souhaitiez vendre votre propre bien, le march\u00e9 immobilier de Kladow offre un large \u00e9ventail d&#039;options.<\/p>\n<\/div><\/div><\/div><\/div><\/div><\/div><\/div><\/section><section class=\"l-section wpb_row contentBorder height_medium\"><div class=\"l-section-h i-cf\"><div class=\"g-cols vc_row via_flex valign_top type_default stacking_default\"><div class=\"vc_col-sm-6 wpb_column vc_column_container\"><div class=\"vc_column-inner\"><div class=\"wpb_wrapper\"><div class=\"wpb_text_column\"><div class=\"wpb_wrapper\"><h2 class=\"gold\">Faits sur Berlin-Kladow<\/h2>\n<h2 class=\"goldSubline\">Les chiffres et donn\u00e9es les plus importants<\/h2>\n<\/div><\/div><\/div><\/div><\/div><div class=\"vc_col-sm-6 wpb_column vc_column_container\"><div class=\"vc_column-inner\"><div class=\"wpb_wrapper\"><div class=\"wpb_text_column\"><div class=\"wpb_wrapper\"><ul>\n<li>16492 habitants<\/li>\n<li>14,77 km\u00b2<\/li>\n<li>Villes environnantes : Gatow, Wannsee, Potsdam<\/li>\n<\/ul>\n<\/div><\/div><\/div><\/div><\/div><\/div><\/div><\/section><section class=\"l-section wpb_row us_custom_08af5949 height_medium\"><div class=\"l-section-h i-cf\"><div class=\"g-cols vc_row via_flex valign_top type_default stacking_default\"><div class=\"vc_col-sm-12 wpb_column vc_column_container\"><div class=\"vc_column-inner\"><div class=\"wpb_wrapper\"><div class=\"wpb_text_column\"><div class=\"wpb_wrapper\"><h2>L&#039;importance d&#039;un bon agent immobilier \u00e0 Berlin-Kladow<\/h2>\n<p>Dans un march\u00e9 immobilier recherch\u00e9 comme Berlin, et surtout dans des endroits idylliques comme Kladow, l&#039;expertise d&#039;un agent exp\u00e9riment\u00e9 est inestimable. Le Kauf ou le Verkauf d&#039;un bien immobilier dans un quartier aussi recherch\u00e9 n\u00e9cessite non seulement une connaissance approfondie du march\u00e9, mais aussi du tact et des capacit\u00e9s de n\u00e9gociation. C&#039;est l\u00e0 qu&#039;un bon agent entre en jeu : il veille \u00e0 ce que vous, en tant qu&#039;acheteur, receviez les meilleurs conseils possibles et ne n\u00e9gligez aucun d\u00e9tail important qui pourrait influencer votre d\u00e9cision.<\/p>\n<p>Pour les vendeurs, le r\u00f4le d\u2019un agent professionnel est encore plus crucial. Un agent comp\u00e9tent sait exactement comment positionner au mieux votre propri\u00e9t\u00e9 sur le march\u00e9 pour atteindre le prix de vente maximum. De l\u2019\u00e9valuation fond\u00e9e au marketing cibl\u00e9 en passant par les n\u00e9gociations professionnelles, un bon courtier utilise son r\u00e9seau et son exp\u00e9rience pour vous assurer le meilleur r\u00e9sultat possible. Surtout dans les quartiers r\u00e9sidentiels charmants et exclusifs comme Kladow, cela est crucial pour mettre en valeur le caract\u00e8re unique de votre propri\u00e9t\u00e9 et trouver le bon acheteur.<\/p>\n<p>Que ce soit avec Kauf ou Verkauf : Un courtier exp\u00e9riment\u00e9 vous accompagnera tout au long du processus et vous apportera conseils et accompagnement pour que vous puissiez vous d\u00e9tendre. Dans un march\u00e9 exigeant comme celui de Kladow, les experts locaux sont essentiels pour garantir que votre propri\u00e9t\u00e9 obtienne la valeur qu&#039;elle m\u00e9rite et que vous, en tant qu&#039;acheteur, preniez la meilleure d\u00e9cision pour votre nouvelle maison.<\/p>\n<\/div><\/div><\/div><\/div><\/div><\/div><\/div><\/section><section class=\"l-section wpb_row contentBorder height_auto width_full\"><div class=\"l-section-h i-cf\"><div class=\"g-cols vc_row via_flex valign_top type_default stacking_default\"><div class=\"vc_col-sm-12 wpb_column vc_column_container\"><div class=\"vc_column-inner\"><div class=\"wpb_wrapper\"><section class=\"l-section wpb_row guennerASP height_medium full_height valign_center with_img\"><div class=\"l-section-img\" role=\"img\" aria-label=\"Image\" data-img-width=\"2048\" data-img-height=\"1365\" style=\"background-image: url(https:\/\/guenner-immobilien.de\/wp-content\/uploads\/2024\/07\/guenner.jpg);background-position: center right;\"><\/div><div class=\"l-section-h i-cf\"><div class=\"g-cols vc_row via_flex valign_top type_default stacking_default\"><div class=\"vc_col-sm-6 wpb_column vc_column_container\"><div class=\"vc_column-inner\"><div class=\"wpb_wrapper\"><div class=\"wpb_text_column us_custom_c23a66ad\"><div class=\"wpb_wrapper\"><h2 class=\"gold\">VOUS AVONS-NOUS CONVAINCU ?<\/h2>\n<h2 class=\"goldSubline\">Prenez d\u00e8s maintenant un rendez-vous de consultation gratuit<\/h2>\n<\/div><\/div><div class=\"w-btn-wrapper align_none\"><a class=\"w-btn us-btn-style_1\" title=\"Entrer en contact!\" href=\"\/fr\/contact\/\"><span class=\"w-btn-label\">Fixer un rendez-vous de consultation<\/span><\/a><\/div><\/div><\/div><\/div><div class=\"vc_col-sm-6 wpb_column vc_column_container\"><div class=\"vc_column-inner\"><div class=\"wpb_wrapper\"><div class=\"w-grid type_grid layout_blog_1 hidden cols_2\" id=\"us_grid_1\" style=\"--columns:2;--gap:1.5rem;\"><style>@media (max-width:900px){#us_grid_1{--columns:1!important}}.layout_blog_1 .w-grid-item-h{}.layout_blog_1 .usg_post_image_1{margin-bottom:0.5rem!important}.layout_blog_1 .usg_post_title_1{font-size:1rem!important}<\/style><div class=\"w-grid-list\"><\/div><div class=\"w-grid-preloader\">\t<div class=\"g-preloader type_1\">\r\n\t\t<div><\/div>\r\n\t<\/div>\r\n\t<\/div>\t<div class=\"w-grid-json hidden\" onclick='return {&quot;action&quot;:&quot;us_ajax_grid&quot;,&quot;infinite_scroll&quot;:0,&quot;max_num_pages&quot;:0,&quot;pagination&quot;:&quot;none&quot;,&quot;template_vars&quot;:{&quot;columns&quot;:&quot;2&quot;,&quot;exclude_items&quot;:&quot;none&quot;,&quot;img_size&quot;:&quot;default&quot;,&quot;ignore_items_size&quot;:0,&quot;items_layout&quot;:&quot;blog_1&quot;,&quot;items_offset&quot;:&quot;1&quot;,&quot;load_animation&quot;:&quot;none&quot;,&quot;overriding_link&quot;:&quot;{\\&quot;url\\&quot;:\\&quot;\\&quot;}&quot;,&quot;post_id&quot;:1380,&quot;query_args&quot;:{&quot;posts_per_page&quot;:&quot;10&quot;},&quot;orderby_query_args&quot;:{&quot;orderby&quot;:{&quot;date&quot;:&quot;DESC&quot;}},&quot;type&quot;:&quot;grid&quot;,&quot;us_grid_post_type&quot;:&quot;ids_terms&quot;,&quot;us_grid_ajax_index&quot;:1,&quot;us_grid_filter_query_string&quot;:null,&quot;us_grid_index&quot;:1,&quot;page_args&quot;:[]}}'><\/div>\r\n\t<\/div><\/div><\/div><\/div><\/div><\/div><\/section>\n<\/div><\/div><\/div><\/div><\/div><\/section>","protected":false},"excerpt":{"rendered":"Kladow Erstklassiger Immobilienservice f\u00fcr Berlin-Kladow Setzen Sie auf unseren professionellen Service, wenn es um den Kauf oder Verkauf Ihrer Immobilie in Berlin-Kladow geht. Wir bieten Ihnen ein umfassendes Leistungspaket, das es Ihnen erm\u00f6glicht, den gesamten Prozess entspannt zu erleben. Ihr einziger Schritt? Der Besuch beim Notar und die Unterzeichnung der Vertr\u00e4ge. Mit unserer ausgefeilten Marketingstrategie...","protected":false},"author":4,"featured_media":1460,"parent":1375,"menu_order":0,"comment_status":"closed","ping_status":"closed","template":"object-list.php","meta":{"footnotes":""},"class_list":["post-1457","page","type-page","status-publish","has-post-thumbnail","hentry"],"yoast_head":"<!-- This site is optimized with the Yoast SEO plugin v26.0 - https:\/\/yoast.com\/wordpress\/plugins\/seo\/ -->\n<title>Ihr kompetenter Immobilienmakler f\u00fcr Berlin-Kladow | Guenner Immobilien<\/title>\n<meta name=\"description\" content=\"Vertrauen Sie auf Ihren erfahrenen Immobilienmakler f\u00fcr Berlin-Kladow. Wir bieten kompetente Beratung beim Kauf &amp; erzielen den besten Preis f\u00fcr Ihre Immobilie!\" \/>\n<meta name=\"robots\" content=\"index, follow, max-snippet:-1, max-image-preview:large, max-video-preview:-1\" \/>\n<link rel=\"canonical\" href=\"https:\/\/www.guenner-immobilien.de\/einzugsgebiete\/kladow\" \/>\n<meta property=\"og:locale\" content=\"fr_FR\" \/>\n<meta property=\"og:type\" content=\"article\" \/>\n<meta property=\"og:title\" content=\"Ihr kompetenter Immobilienmakler f\u00fcr Berlin-Kladow | Guenner Immobilien\" \/>\n<meta property=\"og:description\" content=\"Vertrauen Sie auf Ihren erfahrenen Immobilienmakler f\u00fcr Berlin-Kladow. Wir bieten kompetente Beratung beim Kauf &amp; erzielen den besten Preis f\u00fcr Ihre Immobilie!\" \/>\n<meta property=\"og:url\" content=\"https:\/\/www.guenner-immobilien.de\/einzugsgebiete\/kladow\" \/>\n<meta property=\"og:site_name\" content=\"Guenner Immobilien\" \/>\n<meta property=\"article:modified_time\" content=\"2024-09-21T15:16:35+00:00\" \/>\n<meta property=\"og:image\" content=\"https:\/\/guenner-immobilien.de\/wp-content\/uploads\/2024\/09\/kladow.jpg\" \/>\n\t<meta property=\"og:image:width\" content=\"1600\" \/>\n\t<meta property=\"og:image:height\" content=\"656\" \/>\n\t<meta property=\"og:image:type\" content=\"image\/jpeg\" \/>\n<meta name=\"twitter:card\" content=\"summary_large_image\" \/>\n<meta name=\"twitter:label1\" content=\"Dur\u00e9e de lecture estim\u00e9e\" \/>\n\t<meta name=\"twitter:data1\" content=\"6 minutes\" \/>\n<script type=\"application\/ld+json\" class=\"yoast-schema-graph\">{\"@context\":\"https:\/\/schema.org\",\"@graph\":[{\"@type\":\"WebPage\",\"@id\":\"https:\/\/guenner-immobilien.de\/einzugsgebiete\/kladow\/\",\"url\":\"https:\/\/www.guenner-immobilien.de\/einzugsgebiete\/kladow\",\"name\":\"Ihr kompetenter Immobilienmakler f\u00fcr Berlin-Kladow | Guenner Immobilien\",\"isPartOf\":{\"@id\":\"https:\/\/guenner-immobilien.de\/#website\"},\"primaryImageOfPage\":{\"@id\":\"https:\/\/www.guenner-immobilien.de\/einzugsgebiete\/kladow#primaryimage\"},\"image\":{\"@id\":\"https:\/\/www.guenner-immobilien.de\/einzugsgebiete\/kladow#primaryimage\"},\"thumbnailUrl\":\"https:\/\/guenner-immobilien.de\/wp-content\/uploads\/2024\/09\/kladow.jpg\",\"datePublished\":\"2024-09-21T15:14:48+00:00\",\"dateModified\":\"2024-09-21T15:16:35+00:00\",\"description\":\"Vertrauen Sie auf Ihren erfahrenen Immobilienmakler f\u00fcr Berlin-Kladow. Wir bieten kompetente Beratung beim Kauf & erzielen den besten Preis f\u00fcr Ihre Immobilie!\",\"breadcrumb\":{\"@id\":\"https:\/\/www.guenner-immobilien.de\/einzugsgebiete\/kladow#breadcrumb\"},\"inLanguage\":\"fr-FR\",\"potentialAction\":[{\"@type\":\"ReadAction\",\"target\":[\"https:\/\/www.guenner-immobilien.de\/einzugsgebiete\/kladow\"]}]},{\"@type\":\"ImageObject\",\"inLanguage\":\"fr-FR\",\"@id\":\"https:\/\/www.guenner-immobilien.de\/einzugsgebiete\/kladow#primaryimage\",\"url\":\"https:\/\/guenner-immobilien.de\/wp-content\/uploads\/2024\/09\/kladow.jpg\",\"contentUrl\":\"https:\/\/guenner-immobilien.de\/wp-content\/uploads\/2024\/09\/kladow.jpg\",\"width\":1600,\"height\":656,\"caption\":\"Wir sorgen f\u00fcr Ihr Immobiliengesch\u00e4ft in Berlin!\"},{\"@type\":\"BreadcrumbList\",\"@id\":\"https:\/\/www.guenner-immobilien.de\/einzugsgebiete\/kladow#breadcrumb\",\"itemListElement\":[{\"@type\":\"ListItem\",\"position\":1,\"name\":\"Startseite\",\"item\":\"https:\/\/guenner-immobilien.de\/\"},{\"@type\":\"ListItem\",\"position\":2,\"name\":\"Einzugsgebiete\",\"item\":\"https:\/\/guenner-immobilien.de\/einzugsgebiete\/\"},{\"@type\":\"ListItem\",\"position\":3,\"name\":\"Kladow\"}]},{\"@type\":\"WebSite\",\"@id\":\"https:\/\/guenner-immobilien.de\/#website\",\"url\":\"https:\/\/guenner-immobilien.de\/\",\"name\":\"Guenner Immobilien\",\"description\":\"Immobilienmakler und Immobilien in Berlin und Umgebung\",\"potentialAction\":[{\"@type\":\"SearchAction\",\"target\":{\"@type\":\"EntryPoint\",\"urlTemplate\":\"https:\/\/guenner-immobilien.de\/?s={search_term_string}\"},\"query-input\":{\"@type\":\"PropertyValueSpecification\",\"valueRequired\":true,\"valueName\":\"search_term_string\"}}],\"inLanguage\":\"fr-FR\"}]}<\/script>\n<!-- \/ Yoast SEO plugin. -->","yoast_head_json":{"title":"Votre agent immobilier comp\u00e9tent pour Berlin-Kladow | Guenner Immobilier","description":"Faites confiance \u00e0 votre agent immobilier exp\u00e9riment\u00e9 pour Berlin-Kladow. Nous offrons des conseils comp\u00e9tents sur Kauf et obtenons le meilleur prix pour votre propri\u00e9t\u00e9\u00a0!","robots":{"index":"index","follow":"follow","max-snippet":"max-snippet:-1","max-image-preview":"max-image-preview:large","max-video-preview":"max-video-preview:-1"},"canonical":"https:\/\/www.guenner-immobilien.de\/einzugsgebiete\/kladow","og_locale":"fr_FR","og_type":"article","og_title":"Ihr kompetenter Immobilienmakler f\u00fcr Berlin-Kladow | Guenner Immobilien","og_description":"Vertrauen Sie auf Ihren erfahrenen Immobilienmakler f\u00fcr Berlin-Kladow. Wir bieten kompetente Beratung beim Kauf & erzielen den besten Preis f\u00fcr Ihre Immobilie!","og_url":"https:\/\/www.guenner-immobilien.de\/einzugsgebiete\/kladow","og_site_name":"Guenner Immobilien","article_modified_time":"2024-09-21T15:16:35+00:00","og_image":[{"width":1600,"height":656,"url":"https:\/\/guenner-immobilien.de\/wp-content\/uploads\/2024\/09\/kladow.jpg","type":"image\/jpeg"}],"twitter_card":"summary_large_image","twitter_misc":{"Dur\u00e9e de lecture estim\u00e9e":"6 minutes"},"schema":{"@context":"https:\/\/schema.org","@graph":[{"@type":"WebPage","@id":"https:\/\/guenner-immobilien.de\/einzugsgebiete\/kladow\/","url":"https:\/\/www.guenner-immobilien.de\/einzugsgebiete\/kladow","name":"Votre agent immobilier comp\u00e9tent pour Berlin-Kladow | Guenner Immobilier","isPartOf":{"@id":"https:\/\/guenner-immobilien.de\/#website"},"primaryImageOfPage":{"@id":"https:\/\/www.guenner-immobilien.de\/einzugsgebiete\/kladow#primaryimage"},"image":{"@id":"https:\/\/www.guenner-immobilien.de\/einzugsgebiete\/kladow#primaryimage"},"thumbnailUrl":"https:\/\/guenner-immobilien.de\/wp-content\/uploads\/2024\/09\/kladow.jpg","datePublished":"2024-09-21T15:14:48+00:00","dateModified":"2024-09-21T15:16:35+00:00","description":"Faites confiance \u00e0 votre agent immobilier exp\u00e9riment\u00e9 pour Berlin-Kladow. Nous offrons des conseils comp\u00e9tents sur Kauf et obtenons le meilleur prix pour votre propri\u00e9t\u00e9\u00a0!","breadcrumb":{"@id":"https:\/\/www.guenner-immobilien.de\/einzugsgebiete\/kladow#breadcrumb"},"inLanguage":"fr-FR","potentialAction":[{"@type":"ReadAction","target":["https:\/\/www.guenner-immobilien.de\/einzugsgebiete\/kladow"]}]},{"@type":"ImageObject","inLanguage":"fr-FR","@id":"https:\/\/www.guenner-immobilien.de\/einzugsgebiete\/kladow#primaryimage","url":"https:\/\/guenner-immobilien.de\/wp-content\/uploads\/2024\/09\/kladow.jpg","contentUrl":"https:\/\/guenner-immobilien.de\/wp-content\/uploads\/2024\/09\/kladow.jpg","width":1600,"height":656,"caption":"Wir sorgen f\u00fcr Ihr Immobiliengesch\u00e4ft in Berlin!"},{"@type":"BreadcrumbList","@id":"https:\/\/www.guenner-immobilien.de\/einzugsgebiete\/kladow#breadcrumb","itemListElement":[{"@type":"ListItem","position":1,"name":"Startseite","item":"https:\/\/guenner-immobilien.de\/"},{"@type":"ListItem","position":2,"name":"Einzugsgebiete","item":"https:\/\/guenner-immobilien.de\/einzugsgebiete\/"},{"@type":"ListItem","position":3,"name":"Kladow"}]},{"@type":"WebSite","@id":"https:\/\/guenner-immobilien.de\/#website","url":"https:\/\/guenner-immobilien.de\/","name":"Guenner Immobilier","description":"Agents immobiliers et biens immobiliers \u00e0 Berlin et ses environs","potentialAction":[{"@type":"SearchAction","target":{"@type":"EntryPoint","urlTemplate":"https:\/\/guenner-immobilien.de\/?s={search_term_string}"},"query-input":{"@type":"PropertyValueSpecification","valueRequired":true,"valueName":"search_term_string"}}],"inLanguage":"fr-FR"}]}},"_links":{"self":[{"href":"https:\/\/guenner-immobilien.de\/fr\/wp-json\/wp\/v2\/pages\/1457","targetHints":{"allow":["GET"]}}],"collection":[{"href":"https:\/\/guenner-immobilien.de\/fr\/wp-json\/wp\/v2\/pages"}],"about":[{"href":"https:\/\/guenner-immobilien.de\/fr\/wp-json\/wp\/v2\/types\/page"}],"author":[{"embeddable":true,"href":"https:\/\/guenner-immobilien.de\/fr\/wp-json\/wp\/v2\/users\/4"}],"replies":[{"embeddable":true,"href":"https:\/\/guenner-immobilien.de\/fr\/wp-json\/wp\/v2\/comments?post=1457"}],"version-history":[{"count":4,"href":"https:\/\/guenner-immobilien.de\/fr\/wp-json\/wp\/v2\/pages\/1457\/revisions"}],"predecessor-version":[{"id":1483,"href":"https:\/\/guenner-immobilien.de\/fr\/wp-json\/wp\/v2\/pages\/1457\/revisions\/1483"}],"up":[{"embeddable":true,"href":"https:\/\/guenner-immobilien.de\/fr\/wp-json\/wp\/v2\/pages\/1375"}],"wp:featuredmedia":[{"embeddable":true,"href":"https:\/\/guenner-immobilien.de\/fr\/wp-json\/wp\/v2\/media\/1460"}],"wp:attachment":[{"href":"https:\/\/guenner-immobilien.de\/fr\/wp-json\/wp\/v2\/media?parent=1457"}],"curies":[{"name":"wp","href":"https:\/\/api.w.org\/{rel}","templated":true}]}}