{"id":1462,"date":"2024-09-22T11:39:57","date_gmt":"2024-09-22T11:39:57","guid":{"rendered":"https:\/\/guenner.maklertemplate.de\/?page_id=1462"},"modified":"2024-09-22T11:39:57","modified_gmt":"2024-09-22T11:39:57","slug":"potsdam","status":"publish","type":"page","link":"https:\/\/guenner-immobilien.de\/fr\/zones-de-chalandise\/potsdam\/","title":{"rendered":"Potsdam"},"content":{"rendered":"<section class=\"l-section wpb_row us_custom_53e02437 height_auto width_full\" id=\"bannerSubpage\"><div class=\"l-section-h i-cf\"><div class=\"g-cols vc_row via_flex valign_top type_default stacking_default\"><div class=\"vc_col-sm-12 wpb_column vc_column_container\"><div class=\"vc_column-inner\"><div class=\"wpb_wrapper\">\n\t<div class=\"wpb_raw_code wpb_raw_html wpb_content_element us_custom_909b2fd0\" >\n\t\t<div class=\"wpb_wrapper\">\n\t\t\t<div class=\"HeadlineWapper\"><h1><span>Potsdam<\/span><\/h1><\/div>\n\t\t<\/div>\n\t<\/div>\n<\/div><\/div><\/div><\/div><\/div><\/section><section class=\"l-section wpb_row height_medium\"><div class=\"l-section-h i-cf\"><div class=\"g-cols vc_row via_flex valign_top type_default stacking_default\"><div class=\"vc_col-sm-8 wpb_column vc_column_container\"><div class=\"vc_column-inner\"><div class=\"wpb_wrapper\"><div class=\"wpb_text_column\"><div class=\"wpb_wrapper\"><h2>Votre expert immobilier pour Potsdam<\/h2>\n<p>Faites confiance \u00e0 notre expertise lorsqu&#039;il s&#039;agit du Kauf ou du Verkauf de votre propri\u00e9t\u00e9 \u00e0 Potsdam. Nous vous proposons un service complet qui vous permet de rendre l&#039;ensemble du processus sans stress. Votre seule d\u00e9pense ? Aller chez le notaire et signer les contrats. Gr\u00e2ce \u00e0 notre strat\u00e9gie marketing sur mesure, nous mettons tout en \u0153uvre pour obtenir le prix de vente optimal pour votre bien. Alors que les courtiers inexp\u00e9riment\u00e9s supportent souvent des co\u00fbts ind\u00e9sirables, les professionnels exp\u00e9riment\u00e9s comme nous cr\u00e9ent une r\u00e9elle valeur ajout\u00e9e. Notre \u00e9quipe d\u00e9di\u00e9e est \u00e0 vos c\u00f4t\u00e9s de la premi\u00e8re visite jusqu&#039;\u00e0 la remise des cl\u00e9s - et nous resterons l\u00e0 pour vous par la suite. Avez-vous besoin de l&#039;accompagnement d&#039;artisans, d&#039;architectes, d&#039;experts en financement ou de consultants en \u00e9nergie ? Gr\u00e2ce \u00e0 notre solide r\u00e9seau de professionnels de confiance, nous pouvons vous offrir le soutien id\u00e9al \u00e0 chaque \u00e9tape.<\/p>\n<\/div><\/div><\/div><\/div><\/div><div class=\"vc_col-sm-4 wpb_column vc_column_container\"><div class=\"vc_column-inner\"><div class=\"wpb_wrapper\"><div class=\"w-image align_none\"><div class=\"w-image-h\"><img decoding=\"async\" width=\"629\" height=\"629\" src=\"https:\/\/guenner-immobilien.de\/wp-content\/uploads\/2024\/09\/home_reg_experte_h.cf421dc5.jpg\" class=\"attachment-large size-large\" alt=\"Portrait de David Gunner\" loading=\"lazy\" srcset=\"https:\/\/guenner-immobilien.de\/wp-content\/uploads\/2024\/09\/home_reg_experte_h.cf421dc5.jpg 629w, https:\/\/guenner-immobilien.de\/wp-content\/uploads\/2024\/09\/home_reg_experte_h.cf421dc5-300x300.jpg 300w, https:\/\/guenner-immobilien.de\/wp-content\/uploads\/2024\/09\/home_reg_experte_h.cf421dc5-150x150.jpg 150w, https:\/\/guenner-immobilien.de\/wp-content\/uploads\/2024\/09\/home_reg_experte_h.cf421dc5-600x600.jpg 600w\" sizes=\"auto, (max-width: 629px) 100vw, 629px\" \/><\/div><\/div><\/div><\/div><\/div><\/div><\/div><\/section><section class=\"l-section wpb_row us_custom_08af5949 height_medium\"><div class=\"l-section-h i-cf\"><div class=\"g-cols vc_row via_flex valign_top type_default stacking_default\"><div class=\"vc_col-sm-12 wpb_column vc_column_container\"><div class=\"vc_column-inner\"><div class=\"wpb_wrapper\"><div class=\"wpb_text_column\"><div class=\"wpb_wrapper\"><h2>Votre agent immobilier \u00e0 Potsdam \u2013 comp\u00e9tence et confiance<\/h2>\n<p>Potsdam, la belle capitale du Brandebourg, est connue pour son m\u00e9lange impressionnant de culture, d&#039;histoire et d&#039;urbanit\u00e9 moderne. Entour\u00e9e de lacs pittoresques et de vastes parcs tels que le c\u00e9l\u00e8bre parc Sanssouci, la ville offre \u00e0 la fois un charme historique et une qualit\u00e9 de vie anim\u00e9e. Que vous soyez int\u00e9ress\u00e9 par une propri\u00e9t\u00e9 dans le centre-ville historique ou dans un quartier plus calme, Potsdam offre quelque chose pour tout le monde.<\/p>\n<p>En tant qu&#039;agent immobilier pour Berlin, Potsdam et ses environs, nous vous aidons \u00e0 trouver votre nouveau logement ou \u00e0 vendre avec succ\u00e8s votre propri\u00e9t\u00e9. Gr\u00e2ce \u00e0 notre connaissance approfondie du march\u00e9 et \u00e0 notre vaste r\u00e9seau, nous pouvons vous proposer une large gamme de <a title=\"Vers toutes les offres immobili\u00e8res \u00e0 Potsdam\" href=\"\/fr\/toutes-les-proprietes\/\">Offres immobili\u00e8res \u00e0 Potsdam<\/a> pr\u00e9sent \u2013 des b\u00e2timents anciens de charme aux nouveaux projets de construction modernes.<\/p>\n<h2>Nos services \u2013 votre avantage<\/h2>\n<p>Nous vous proposons un service complet qui couvre tous les aspects de l&#039;immobilierkaufs et verkaufs. De la <a title=\"Estimation de votre bien immobilier \u00e0 Potsdam\" href=\"\/fr\/evaluer-la-propriete\/\">\u00c9valuation immobili\u00e8re<\/a> Du conseil personnalis\u00e9 au traitement du Verkauf \u2013 nous sommes \u00e0 vos c\u00f4t\u00e9s en tant que partenaire fiable. Notre <a title=\"R\u00e9f\u00e9rences et avis clients\" href=\"\/fr\/references\/\">R\u00e9f\u00e9rences<\/a> parlent de nos nombreuses ann\u00e9es d\u2019expertise et du succ\u00e8s de notre travail.<\/p>\n<p>Vous recherchez la propri\u00e9t\u00e9 de vos r\u00eaves \u00e0 Potsdam ? Cr\u00e9ez-en un facilement <a title=\"Cr\u00e9er un profil de recherche pour un bien immobilier \u00e0 Potsdam\" href=\"\/fr\/creer-un-profil-de-recherche\/\">Rechercher un profil<\/a>afin que nous puissions vous informer sur les propri\u00e9t\u00e9s appropri\u00e9es. Notre \u00e9quipe se fera \u00e9galement un plaisir de vous accompagner <a title=\"Apprenez-en davantage sur nous en tant qu&#039;agent immobilier \u00e0 Potsdam\" href=\"\/fr\/a-propos-de-nous\/\">Objet de r\u00eave<\/a> ou pour commercialiser votre bien de la meilleure fa\u00e7on possible.<\/p>\n<p>Gr\u00e2ce \u00e0 notre profond ancrage dans la r\u00e9gion, nous pouvons \u00e9galement vous conseiller sur les diff\u00e9rents <a title=\"D\u00e9couvrez nos zones de chalandise autour de Potsdam\" href=\"\/fr\/zones-de-chalandise\/\">Zones de chalandise autour de Potsdam<\/a> va. Contactez-nous et d\u00e9couvrez comment nous pouvons vous aider \u00e0 r\u00e9ussir le Kauf ou le Verkauf de votre propri\u00e9t\u00e9.<\/p>\n<\/div><\/div><\/div><\/div><\/div><\/div><\/div><\/section><section class=\"l-section wpb_row us_custom_c70c97eb contentBorder height_medium\"><div class=\"l-section-h i-cf\"><div class=\"g-cols vc_row via_flex valign_top type_default stacking_default\"><div class=\"vc_col-sm-12 wpb_column vc_column_container\"><div class=\"vc_column-inner\"><div class=\"wpb_wrapper\">\n\t<div class=\"wpb_raw_code wpb_raw_html wpb_content_element us_custom_909b2fd0\" >\n\t\t<div class=\"wpb_wrapper\">\n\t\t\t<script src=\"https:\/\/static.elfsight.com\/platform\/platform.js\" data-use-service-core defer><\/script>\n<div class=\"elfsight-app-4affd119-c130-4a1d-824e-4b06cd228cf0\" data-elfsight-app-lazy><\/div>\n\t\t<\/div>\n\t<\/div>\n<\/div><\/div><\/div><\/div><\/div><\/section><section class=\"l-section wpb_row us_custom_08af5949 height_medium\"><div class=\"l-section-h i-cf\"><div class=\"g-cols vc_row via_flex valign_top type_default stacking_default\"><div class=\"vc_col-sm-12 wpb_column vc_column_container\"><div class=\"vc_column-inner\"><div class=\"wpb_wrapper\"><div class=\"wpb_text_column\"><div class=\"wpb_wrapper\"><h2>March\u00e9 immobilier \u00e0 Berlin-Kladow : proche de la nature et recherch\u00e9<\/h2>\n<p>Le march\u00e9 immobilier \u00e0 Berlin-Kladow jouit d&#039;une popularit\u00e9 croissante, notamment aupr\u00e8s des familles et des personnes qui appr\u00e9cient un environnement calme et naturel. Le m\u00e9lange d&#039;un emplacement idyllique au bord de l&#039;eau, de grands espaces verts et de bonnes connexions avec le centre-ville de Berlin fait de Kladow un endroit attrayant. L&#039;offre immobili\u00e8re est diversifi\u00e9e et s&#039;\u00e9tend des charmantes maisons unifamiliales aux nouveaux b\u00e2timents modernes et aux villas exclusives. La demande \u00e9tant en constante augmentation, les prix \u00e0 Kladow sont stables et \u00e0 un niveau \u00e9lev\u00e9, ce qui rend l&#039;endroit particuli\u00e8rement int\u00e9ressant pour les investissements \u00e0 long terme.<\/p>\n<h3>Facilement accessible et facilement connect\u00e9<\/h3>\n<p>Bien que Kladow offre une atmosph\u00e8re de village et d\u00e9tendue, elle dispose d&#039;excellentes liaisons de transport. Vous pouvez rejoindre rapidement Wannsee en ferry et de nombreuses liaisons de bus permettent de rejoindre facilement les gares de Spandau ou de S-Bahn de Berlin. Les automobilistes b\u00e9n\u00e9ficient de la proximit\u00e9 des autoroutes B5 et A100, qui offrent une connexion directe vers le centre-ville et la r\u00e9gion de Berlin. Kladow combine ainsi le meilleur des deux mondes : vivre proche de la nature et acc\u00e8s rapide aux centres urbains.<\/p>\n<p>Gr\u00e2ce \u00e0 sa qualit\u00e9 de vie \u00e9lev\u00e9e et \u00e0 ses excellentes infrastructures, Kladow attire tous ceux qui recherchent le calme et la tranquillit\u00e9 mais ne veulent pas pour autant renoncer aux avantages d&#039;une ville. Que vous soyez \u00e0 la recherche d&#039;un bien immobilier ou que vous souhaitiez vendre votre propre bien, le march\u00e9 immobilier de Kladow offre un large \u00e9ventail d&#039;options.<\/p>\n<\/div><\/div><\/div><\/div><\/div><\/div><\/div><\/section><section class=\"l-section wpb_row contentBorder height_medium\"><div class=\"l-section-h i-cf\"><div class=\"g-cols vc_row via_flex valign_top type_default stacking_default\"><div class=\"vc_col-sm-6 wpb_column vc_column_container\"><div class=\"vc_column-inner\"><div class=\"wpb_wrapper\"><div class=\"wpb_text_column\"><div class=\"wpb_wrapper\"><h2 class=\"gold\">Faits sur Berlin-Kladow<\/h2>\n<h2 class=\"goldSubline\">Les chiffres et donn\u00e9es les plus importants<\/h2>\n<\/div><\/div><\/div><\/div><\/div><div class=\"vc_col-sm-6 wpb_column vc_column_container\"><div class=\"vc_column-inner\"><div class=\"wpb_wrapper\"><div class=\"wpb_text_column\"><div class=\"wpb_wrapper\"><ul>\n<li>187119 habitants<\/li>\n<li>188,24 km\u00b2<\/li>\n<li>Villes environnantes : Zehlendorf, Kleinmachnow, Teltow<\/li>\n<\/ul>\n<\/div><\/div><\/div><\/div><\/div><\/div><\/div><\/section><section class=\"l-section wpb_row us_custom_08af5949 height_medium\"><div class=\"l-section-h i-cf\"><div class=\"g-cols vc_row via_flex valign_top type_default stacking_default\"><div class=\"vc_col-sm-12 wpb_column vc_column_container\"><div class=\"vc_column-inner\"><div class=\"wpb_wrapper\"><div class=\"wpb_text_column\"><div class=\"wpb_wrapper\"><h2>Le march\u00e9 immobilier \u00e0 Potsdam \u2013 Un terrain hautement concurrentiel<\/h2>\n<p>Potsdam est devenue ces derni\u00e8res ann\u00e9es un lieu de vie extr\u00eamement attrayant, notamment en raison de sa proximit\u00e9 avec Berlin. Cet emplacement attire non seulement les familles et les professionnels, mais aussi les investisseurs qui reconnaissent le potentiel du march\u00e9. La demande immobili\u00e8re \u00e0 Potsdam a fortement augment\u00e9, ce qui rend le march\u00e9 tr\u00e8s comp\u00e9titif. Les appartements et les maisons se vendent souvent rapidement et il n&#039;est pas rare que les offres attirent de nombreux int\u00e9ress\u00e9s quelques jours apr\u00e8s leur publication.<\/p>\n<p>Dans un tel environnement, l\u2019accompagnement d\u2019un agent immobilier exp\u00e9riment\u00e9 est particuli\u00e8rement important. Un courtier conna\u00eet parfaitement le march\u00e9 local et peut fixer des prix r\u00e9alistes pour obtenir le meilleur prix de vente possible. De plus, un courtier a acc\u00e8s \u00e0 un vaste r\u00e9seau et peut d\u00e9velopper des strat\u00e9gies de marketing cibl\u00e9es pour pr\u00e9senter la propri\u00e9t\u00e9 de mani\u00e8re optimale.<\/p>\n<p>Un courtier professionnel s&#039;occupe \u00e9galement de toutes les \u00e9tapes n\u00e9cessaires du processus Verkauf - de la cr\u00e9ation d&#039;expositions attrayantes \u00e0 l&#039;organisation des rendez-vous de visite et \u00e0 la n\u00e9gociation avec les acheteurs potentiels. Cela enl\u00e8ve beaucoup de pression au vendeur et garantit le bon d\u00e9roulement de l&#039;ensemble du processus. Dans un march\u00e9 aussi dynamique que celui de Potsdam, il est crucial de ne manquer aucune opportunit\u00e9 pr\u00e9cieuse et de b\u00e9n\u00e9ficier de l&#039;expertise d&#039;un professionnel.<\/p>\n<p>Dans l\u2019ensemble, le march\u00e9 immobilier de Potsdam constitue un environnement passionnant et stimulant qui pr\u00e9sente \u00e0 la fois des opportunit\u00e9s et des risques. Cependant, avec le soutien appropri\u00e9 d\u2019un agent comp\u00e9tent, les vendeurs peuvent s\u2019assurer qu\u2019ils prennent les meilleures d\u00e9cisions et tirent le meilleur parti de leur propri\u00e9t\u00e9.<\/p>\n<\/div><\/div><\/div><\/div><\/div><\/div><\/div><\/section><section class=\"l-section wpb_row contentBorder height_auto width_full\"><div class=\"l-section-h i-cf\"><div class=\"g-cols vc_row via_flex valign_top type_default stacking_default\"><div class=\"vc_col-sm-12 wpb_column vc_column_container\"><div class=\"vc_column-inner\"><div class=\"wpb_wrapper\"><section class=\"l-section wpb_row guennerASP height_medium full_height valign_center with_img\"><div class=\"l-section-img\" role=\"img\" aria-label=\"Image\" data-img-width=\"2048\" data-img-height=\"1365\" style=\"background-image: url(https:\/\/guenner-immobilien.de\/wp-content\/uploads\/2024\/07\/guenner.jpg);background-position: center right;\"><\/div><div class=\"l-section-h i-cf\"><div class=\"g-cols vc_row via_flex valign_top type_default stacking_default\"><div class=\"vc_col-sm-6 wpb_column vc_column_container\"><div class=\"vc_column-inner\"><div class=\"wpb_wrapper\"><div class=\"wpb_text_column us_custom_c23a66ad\"><div class=\"wpb_wrapper\"><h2 class=\"gold\">VOUS AVONS-NOUS CONVAINCU ?<\/h2>\n<h2 class=\"goldSubline\">Prenez d\u00e8s maintenant un rendez-vous de consultation gratuit<\/h2>\n<\/div><\/div><div class=\"w-btn-wrapper align_none\"><a class=\"w-btn us-btn-style_1\" title=\"Entrer en contact!\" href=\"\/fr\/contact\/\"><span class=\"w-btn-label\">Fixer un rendez-vous de consultation<\/span><\/a><\/div><\/div><\/div><\/div><div class=\"vc_col-sm-6 wpb_column vc_column_container\"><div class=\"vc_column-inner\"><div class=\"wpb_wrapper\"><div class=\"w-grid type_grid layout_blog_1 hidden cols_2\" id=\"us_grid_1\" style=\"--columns:2;--gap:1.5rem;\"><style>@media (max-width:900px){#us_grid_1{--columns:1!important}}.layout_blog_1 .w-grid-item-h{}.layout_blog_1 .usg_post_image_1{margin-bottom:0.5rem!important}.layout_blog_1 .usg_post_title_1{font-size:1rem!important}<\/style><div class=\"w-grid-list\"><\/div><div class=\"w-grid-preloader\">\t<div class=\"g-preloader type_1\">\r\n\t\t<div><\/div>\r\n\t<\/div>\r\n\t<\/div>\t<div class=\"w-grid-json hidden\" onclick='return {&quot;action&quot;:&quot;us_ajax_grid&quot;,&quot;infinite_scroll&quot;:0,&quot;max_num_pages&quot;:0,&quot;pagination&quot;:&quot;none&quot;,&quot;template_vars&quot;:{&quot;columns&quot;:&quot;2&quot;,&quot;exclude_items&quot;:&quot;none&quot;,&quot;img_size&quot;:&quot;default&quot;,&quot;ignore_items_size&quot;:0,&quot;items_layout&quot;:&quot;blog_1&quot;,&quot;items_offset&quot;:&quot;1&quot;,&quot;load_animation&quot;:&quot;none&quot;,&quot;overriding_link&quot;:&quot;{\\&quot;url\\&quot;:\\&quot;\\&quot;}&quot;,&quot;post_id&quot;:1380,&quot;query_args&quot;:{&quot;posts_per_page&quot;:&quot;10&quot;},&quot;orderby_query_args&quot;:{&quot;orderby&quot;:{&quot;date&quot;:&quot;DESC&quot;}},&quot;type&quot;:&quot;grid&quot;,&quot;us_grid_post_type&quot;:&quot;ids_terms&quot;,&quot;us_grid_ajax_index&quot;:1,&quot;us_grid_filter_query_string&quot;:null,&quot;us_grid_index&quot;:1,&quot;page_args&quot;:[]}}'><\/div>\r\n\t<\/div><\/div><\/div><\/div><\/div><\/div><\/section>\n<\/div><\/div><\/div><\/div><\/div><\/section>","protected":false},"excerpt":{"rendered":"Potsdam Ihr Immobilienexperte f\u00fcr Potsdam Vertrauen Sie auf unsere Expertise, wenn es um den Kauf oder Verkauf Ihrer Immobilie in Potsdam geht. Wir bieten Ihnen einen Rundum-Service, der es Ihnen erm\u00f6glicht, den gesamten Prozess stressfrei zu gestalten. Ihr einziger Aufwand? Der Gang zum Notar und die Unterschrift der Vertr\u00e4ge. Dank unserer ma\u00dfgeschneiderten Marketingstrategie setzen wir...","protected":false},"author":4,"featured_media":1464,"parent":1375,"menu_order":0,"comment_status":"closed","ping_status":"closed","template":"object-list.php","meta":{"footnotes":""},"class_list":["post-1462","page","type-page","status-publish","has-post-thumbnail","hentry"],"yoast_head":"<!-- This site is optimized with the Yoast SEO plugin v26.0 - https:\/\/yoast.com\/wordpress\/plugins\/seo\/ -->\n<title>Ihr erfahrener Makler f\u00fcr Immobilien in Potsdam | Guenner Immobilien<\/title>\n<meta name=\"description\" content=\"Vertrauen Sie auf unsere Expertise beim Kauf, Verkauf und der Bewertung von Immobilien in Potsdam. Jetzt Traumimmobilie finden oder Immobilie bewerten lassen!\" \/>\n<meta name=\"robots\" content=\"index, follow, max-snippet:-1, max-image-preview:large, max-video-preview:-1\" \/>\n<link rel=\"canonical\" href=\"https:\/\/www.guenner-immobilien.de\/einzugsgebiete\/potsdam\" \/>\n<meta property=\"og:locale\" content=\"fr_FR\" \/>\n<meta property=\"og:type\" content=\"article\" \/>\n<meta property=\"og:title\" content=\"Ihr erfahrener Makler f\u00fcr Immobilien in Potsdam | Guenner Immobilien\" \/>\n<meta property=\"og:description\" content=\"Vertrauen Sie auf unsere Expertise beim Kauf, Verkauf und der Bewertung von Immobilien in Potsdam. Jetzt Traumimmobilie finden oder Immobilie bewerten lassen!\" \/>\n<meta property=\"og:url\" content=\"https:\/\/www.guenner-immobilien.de\/einzugsgebiete\/potsdam\" \/>\n<meta property=\"og:site_name\" content=\"Guenner Immobilien\" \/>\n<meta property=\"og:image\" content=\"https:\/\/guenner-immobilien.de\/wp-content\/uploads\/2024\/09\/potsdam-parlament.jpg\" \/>\n\t<meta property=\"og:image:width\" content=\"1225\" \/>\n\t<meta property=\"og:image:height\" content=\"856\" \/>\n\t<meta property=\"og:image:type\" content=\"image\/jpeg\" \/>\n<meta name=\"twitter:card\" content=\"summary_large_image\" \/>\n<meta name=\"twitter:label1\" content=\"Dur\u00e9e de lecture estim\u00e9e\" \/>\n\t<meta name=\"twitter:data1\" content=\"6 minutes\" \/>\n<script type=\"application\/ld+json\" class=\"yoast-schema-graph\">{\"@context\":\"https:\/\/schema.org\",\"@graph\":[{\"@type\":\"WebPage\",\"@id\":\"https:\/\/guenner-immobilien.de\/einzugsgebiete\/potsdam\/\",\"url\":\"https:\/\/www.guenner-immobilien.de\/einzugsgebiete\/potsdam\",\"name\":\"Ihr erfahrener Makler f\u00fcr Immobilien in Potsdam | Guenner Immobilien\",\"isPartOf\":{\"@id\":\"https:\/\/guenner-immobilien.de\/#website\"},\"primaryImageOfPage\":{\"@id\":\"https:\/\/www.guenner-immobilien.de\/einzugsgebiete\/potsdam#primaryimage\"},\"image\":{\"@id\":\"https:\/\/www.guenner-immobilien.de\/einzugsgebiete\/potsdam#primaryimage\"},\"thumbnailUrl\":\"https:\/\/guenner-immobilien.de\/wp-content\/uploads\/2024\/09\/potsdam-parlament.jpg\",\"datePublished\":\"2024-09-22T11:39:57+00:00\",\"description\":\"Vertrauen Sie auf unsere Expertise beim Kauf, Verkauf und der Bewertung von Immobilien in Potsdam. Jetzt Traumimmobilie finden oder Immobilie bewerten lassen!\",\"breadcrumb\":{\"@id\":\"https:\/\/www.guenner-immobilien.de\/einzugsgebiete\/potsdam#breadcrumb\"},\"inLanguage\":\"fr-FR\",\"potentialAction\":[{\"@type\":\"ReadAction\",\"target\":[\"https:\/\/www.guenner-immobilien.de\/einzugsgebiete\/potsdam\"]}]},{\"@type\":\"ImageObject\",\"inLanguage\":\"fr-FR\",\"@id\":\"https:\/\/www.guenner-immobilien.de\/einzugsgebiete\/potsdam#primaryimage\",\"url\":\"https:\/\/guenner-immobilien.de\/wp-content\/uploads\/2024\/09\/potsdam-parlament.jpg\",\"contentUrl\":\"https:\/\/guenner-immobilien.de\/wp-content\/uploads\/2024\/09\/potsdam-parlament.jpg\",\"width\":1225,\"height\":856,\"caption\":\"Wir sorgen f\u00fcr zuverl\u00e4ssige Immobiliengesch\u00e4fte in Potsdam!\"},{\"@type\":\"BreadcrumbList\",\"@id\":\"https:\/\/www.guenner-immobilien.de\/einzugsgebiete\/potsdam#breadcrumb\",\"itemListElement\":[{\"@type\":\"ListItem\",\"position\":1,\"name\":\"Startseite\",\"item\":\"https:\/\/guenner-immobilien.de\/\"},{\"@type\":\"ListItem\",\"position\":2,\"name\":\"Einzugsgebiete\",\"item\":\"https:\/\/guenner-immobilien.de\/einzugsgebiete\/\"},{\"@type\":\"ListItem\",\"position\":3,\"name\":\"Potsdam\"}]},{\"@type\":\"WebSite\",\"@id\":\"https:\/\/guenner-immobilien.de\/#website\",\"url\":\"https:\/\/guenner-immobilien.de\/\",\"name\":\"Guenner Immobilien\",\"description\":\"Immobilienmakler und Immobilien in Berlin und Umgebung\",\"potentialAction\":[{\"@type\":\"SearchAction\",\"target\":{\"@type\":\"EntryPoint\",\"urlTemplate\":\"https:\/\/guenner-immobilien.de\/?s={search_term_string}\"},\"query-input\":{\"@type\":\"PropertyValueSpecification\",\"valueRequired\":true,\"valueName\":\"search_term_string\"}}],\"inLanguage\":\"fr-FR\"}]}<\/script>\n<!-- \/ Yoast SEO plugin. -->","yoast_head_json":{"title":"Votre agent immobilier exp\u00e9riment\u00e9 \u00e0 Potsdam | Guenner Immobilier","description":"Faites confiance \u00e0 notre expertise en Kauf, Verkauf et en \u00e9valuation de biens immobiliers \u00e0 Potsdam. Trouvez d\u00e8s maintenant la propri\u00e9t\u00e9 de vos r\u00eaves ou faites estimer votre propri\u00e9t\u00e9 !","robots":{"index":"index","follow":"follow","max-snippet":"max-snippet:-1","max-image-preview":"max-image-preview:large","max-video-preview":"max-video-preview:-1"},"canonical":"https:\/\/www.guenner-immobilien.de\/einzugsgebiete\/potsdam","og_locale":"fr_FR","og_type":"article","og_title":"Ihr erfahrener Makler f\u00fcr Immobilien in Potsdam | Guenner Immobilien","og_description":"Vertrauen Sie auf unsere Expertise beim Kauf, Verkauf und der Bewertung von Immobilien in Potsdam. Jetzt Traumimmobilie finden oder Immobilie bewerten lassen!","og_url":"https:\/\/www.guenner-immobilien.de\/einzugsgebiete\/potsdam","og_site_name":"Guenner Immobilien","og_image":[{"width":1225,"height":856,"url":"https:\/\/guenner-immobilien.de\/wp-content\/uploads\/2024\/09\/potsdam-parlament.jpg","type":"image\/jpeg"}],"twitter_card":"summary_large_image","twitter_misc":{"Dur\u00e9e de lecture estim\u00e9e":"6 minutes"},"schema":{"@context":"https:\/\/schema.org","@graph":[{"@type":"WebPage","@id":"https:\/\/guenner-immobilien.de\/einzugsgebiete\/potsdam\/","url":"https:\/\/www.guenner-immobilien.de\/einzugsgebiete\/potsdam","name":"Votre agent immobilier exp\u00e9riment\u00e9 \u00e0 Potsdam | Guenner Immobilier","isPartOf":{"@id":"https:\/\/guenner-immobilien.de\/#website"},"primaryImageOfPage":{"@id":"https:\/\/www.guenner-immobilien.de\/einzugsgebiete\/potsdam#primaryimage"},"image":{"@id":"https:\/\/www.guenner-immobilien.de\/einzugsgebiete\/potsdam#primaryimage"},"thumbnailUrl":"https:\/\/guenner-immobilien.de\/wp-content\/uploads\/2024\/09\/potsdam-parlament.jpg","datePublished":"2024-09-22T11:39:57+00:00","description":"Faites confiance \u00e0 notre expertise en Kauf, Verkauf et en \u00e9valuation de biens immobiliers \u00e0 Potsdam. Trouvez d\u00e8s maintenant la propri\u00e9t\u00e9 de vos r\u00eaves ou faites estimer votre propri\u00e9t\u00e9 !","breadcrumb":{"@id":"https:\/\/www.guenner-immobilien.de\/einzugsgebiete\/potsdam#breadcrumb"},"inLanguage":"fr-FR","potentialAction":[{"@type":"ReadAction","target":["https:\/\/www.guenner-immobilien.de\/einzugsgebiete\/potsdam"]}]},{"@type":"ImageObject","inLanguage":"fr-FR","@id":"https:\/\/www.guenner-immobilien.de\/einzugsgebiete\/potsdam#primaryimage","url":"https:\/\/guenner-immobilien.de\/wp-content\/uploads\/2024\/09\/potsdam-parlament.jpg","contentUrl":"https:\/\/guenner-immobilien.de\/wp-content\/uploads\/2024\/09\/potsdam-parlament.jpg","width":1225,"height":856,"caption":"Wir sorgen f\u00fcr zuverl\u00e4ssige Immobiliengesch\u00e4fte in Potsdam!"},{"@type":"BreadcrumbList","@id":"https:\/\/www.guenner-immobilien.de\/einzugsgebiete\/potsdam#breadcrumb","itemListElement":[{"@type":"ListItem","position":1,"name":"Startseite","item":"https:\/\/guenner-immobilien.de\/"},{"@type":"ListItem","position":2,"name":"Einzugsgebiete","item":"https:\/\/guenner-immobilien.de\/einzugsgebiete\/"},{"@type":"ListItem","position":3,"name":"Potsdam"}]},{"@type":"WebSite","@id":"https:\/\/guenner-immobilien.de\/#website","url":"https:\/\/guenner-immobilien.de\/","name":"Guenner Immobilier","description":"Agents immobiliers et biens immobiliers \u00e0 Berlin et ses environs","potentialAction":[{"@type":"SearchAction","target":{"@type":"EntryPoint","urlTemplate":"https:\/\/guenner-immobilien.de\/?s={search_term_string}"},"query-input":{"@type":"PropertyValueSpecification","valueRequired":true,"valueName":"search_term_string"}}],"inLanguage":"fr-FR"}]}},"_links":{"self":[{"href":"https:\/\/guenner-immobilien.de\/fr\/wp-json\/wp\/v2\/pages\/1462","targetHints":{"allow":["GET"]}}],"collection":[{"href":"https:\/\/guenner-immobilien.de\/fr\/wp-json\/wp\/v2\/pages"}],"about":[{"href":"https:\/\/guenner-immobilien.de\/fr\/wp-json\/wp\/v2\/types\/page"}],"author":[{"embeddable":true,"href":"https:\/\/guenner-immobilien.de\/fr\/wp-json\/wp\/v2\/users\/4"}],"replies":[{"embeddable":true,"href":"https:\/\/guenner-immobilien.de\/fr\/wp-json\/wp\/v2\/comments?post=1462"}],"version-history":[{"count":7,"href":"https:\/\/guenner-immobilien.de\/fr\/wp-json\/wp\/v2\/pages\/1462\/revisions"}],"predecessor-version":[{"id":1489,"href":"https:\/\/guenner-immobilien.de\/fr\/wp-json\/wp\/v2\/pages\/1462\/revisions\/1489"}],"up":[{"embeddable":true,"href":"https:\/\/guenner-immobilien.de\/fr\/wp-json\/wp\/v2\/pages\/1375"}],"wp:featuredmedia":[{"embeddable":true,"href":"https:\/\/guenner-immobilien.de\/fr\/wp-json\/wp\/v2\/media\/1464"}],"wp:attachment":[{"href":"https:\/\/guenner-immobilien.de\/fr\/wp-json\/wp\/v2\/media?parent=1462"}],"curies":[{"name":"wp","href":"https:\/\/api.w.org\/{rel}","templated":true}]}}