{"id":1546,"date":"2024-09-24T06:22:07","date_gmt":"2024-09-24T06:22:07","guid":{"rendered":"https:\/\/guenner.maklertemplate.de\/?page_id=1546"},"modified":"2024-09-26T05:37:22","modified_gmt":"2024-09-26T05:37:22","slug":"kleinmachnow","status":"publish","type":"page","link":"https:\/\/guenner-immobilien.de\/fr\/zones-de-chalandise\/kleinmachnow\/","title":{"rendered":"Kleinmachnow"},"content":{"rendered":"<section class=\"l-section wpb_row us_custom_e97b6764 height_auto width_full\" id=\"bannerSubpage\"><div class=\"l-section-h i-cf\"><div class=\"g-cols vc_row via_flex valign_top type_default stacking_default\"><div class=\"vc_col-sm-12 wpb_column vc_column_container\"><div class=\"vc_column-inner\"><div class=\"wpb_wrapper\">\n\t<div class=\"wpb_raw_code wpb_raw_html wpb_content_element us_custom_909b2fd0\" >\n\t\t<div class=\"wpb_wrapper\">\n\t\t\t<div class=\"HeadlineWapper\"><h1><span>Kleinmachnow<\/span><\/h1><\/div>\n\t\t<\/div>\n\t<\/div>\n<\/div><\/div><\/div><\/div><\/div><\/section><section class=\"l-section wpb_row height_medium\"><div class=\"l-section-h i-cf\"><div class=\"g-cols vc_row via_flex valign_top type_default stacking_default\"><div class=\"vc_col-sm-8 wpb_column vc_column_container\"><div class=\"vc_column-inner\"><div class=\"wpb_wrapper\"><div class=\"wpb_text_column\"><div class=\"wpb_wrapper\"><h2>Votre partenaire pour une commercialisation immobili\u00e8re r\u00e9ussie \u00e0 Kleinmachnow<\/h2>\n<p>En tant qu&#039;agent immobilier personnel, j&#039;attache une grande importance \u00e0 vous fournir un service performant qui vous facilite la vie. Vous pouvez vous asseoir et vous d\u00e9tendre avec moi car je m&#039;occuperai de toutes les d\u00e9marches immobili\u00e8res pour vous. Il ne vous reste plus qu&#039;\u00e0 vous occuper des signatures et des nominations chez le notaire, je ferai le reste pour vous.<\/p>\n<p>Mon accompagnement complet vous garantit un processus Verkauf sans stress. Je m&#039;occupe de toute la commercialisation de votre bien et des formalit\u00e9s, tout en veillant \u00e0 obtenir le meilleur prix possible pour votre bien. Vous pouvez ainsi \u00eatre s\u00fbr que votre d\u00e9cision vous apportera une r\u00e9elle valeur ajout\u00e9e.<\/p>\n<p>De plus, je dispose d&#039;un vaste r\u00e9seau de professionnels exp\u00e9riment\u00e9s dans tous les m\u00e9tiers - des m\u00e9tiers aux services financiers en passant par les experts juridiques. Vous pouvez toujours compter sur ces partenaires. Faites confiance \u00e0 mon expertise et r\u00e9alisons ensemble vos objectifs immobiliers.<\/p>\n<\/div><\/div><\/div><\/div><\/div><div class=\"vc_col-sm-4 wpb_column vc_column_container\"><div class=\"vc_column-inner\"><div class=\"wpb_wrapper\"><div class=\"w-image align_none\"><div class=\"w-image-h\"><img decoding=\"async\" width=\"629\" height=\"629\" src=\"https:\/\/guenner-immobilien.de\/wp-content\/uploads\/2024\/09\/home_reg_experte_h.cf421dc5.jpg\" class=\"attachment-large size-large\" alt=\"Portrait de David Gunner\" loading=\"lazy\" srcset=\"https:\/\/guenner-immobilien.de\/wp-content\/uploads\/2024\/09\/home_reg_experte_h.cf421dc5.jpg 629w, https:\/\/guenner-immobilien.de\/wp-content\/uploads\/2024\/09\/home_reg_experte_h.cf421dc5-300x300.jpg 300w, https:\/\/guenner-immobilien.de\/wp-content\/uploads\/2024\/09\/home_reg_experte_h.cf421dc5-150x150.jpg 150w, https:\/\/guenner-immobilien.de\/wp-content\/uploads\/2024\/09\/home_reg_experte_h.cf421dc5-600x600.jpg 600w\" sizes=\"auto, (max-width: 629px) 100vw, 629px\" \/><\/div><\/div><\/div><\/div><\/div><\/div><\/div><\/section><section class=\"l-section wpb_row us_custom_08af5949 height_medium\"><div class=\"l-section-h i-cf\"><div class=\"g-cols vc_row via_flex valign_top type_default stacking_default\"><div class=\"vc_col-sm-12 wpb_column vc_column_container\"><div class=\"vc_column-inner\"><div class=\"wpb_wrapper\"><div class=\"wpb_text_column\"><div class=\"wpb_wrapper\"><h2>Kleinmachnow : La propri\u00e9t\u00e9 de vos r\u00eaves dans une communaut\u00e9 idyllique<\/h2>\n<p>Kleinmachnow, la charmante communaut\u00e9 du sud de Berlin, impressionne par son emplacement naturel et ses excellentes liaisons avec la capitale. Ici, une qualit\u00e9 de vie \u00e9lev\u00e9e se conjugue avec une communaut\u00e9 vivante. Qu&#039;il s&#039;agisse de quartiers r\u00e9sidentiels familiaux ou d&#039;activit\u00e9s de loisirs attrayantes, Kleinmachnow a quelque chose \u00e0 offrir \u00e0 chacun. En tant qu&#039;agent local, je vous propose un accompagnement complet dans la vente de votre bien afin que vous puissiez profiter de mani\u00e8re optimale de ce merveilleux environnement.<\/p>\n<p>Mes services incluent un accompagnement complet chez Immobilienverkauf, la commercialisation de votre propri\u00e9t\u00e9 et la garantie d&#039;un processus de transaction sans stress. Je me concentre sur l&#039;obtention du meilleur prix pour votre propri\u00e9t\u00e9. B\u00e9n\u00e9ficiez de mon large r\u00e9seau de professionnels et d\u00e9couvrez-en davantage sur moi <a title=\"D\u00e9couvrez toutes les offres immobili\u00e8res\" href=\"\/fr\/toutes-les-proprietes\/\">Services<\/a>, le mien <a title=\"Consultez nos r\u00e9f\u00e9rences\" href=\"\/fr\/references\/\">R\u00e9f\u00e9rences<\/a> ou contactez-moi directement via <a title=\"Contactez-nous\" href=\"\/fr\/contact\/\">Page de contact<\/a>. Vous souhaitez valoriser votre bien ? Visitez ma page pour <a title=\"Faites estimer votre bien\" href=\"\/fr\/evaluer-la-propriete\/\">\u00c9valuation immobili\u00e8re<\/a>. Cr\u00e9ez le v\u00f4tre aussi <a title=\"Cr\u00e9ez votre profil de recherche personnel\" href=\"\/fr\/creer-un-profil-de-recherche\/\">Rechercher un profil<\/a> ou d\u00e9couvrez mon \u00e9quipe sur le site <a title=\"Apprenez \u00e0 conna\u00eetre notre \u00e9quipe\" href=\"\/fr\/a-propos-de-nous\/\">\u00c0 propos de nous<\/a>.<\/p>\n<\/div><\/div><\/div><\/div><\/div><\/div><\/div><\/section><section class=\"l-section wpb_row us_custom_c70c97eb contentBorder height_medium\"><div class=\"l-section-h i-cf\"><div class=\"g-cols vc_row via_flex valign_top type_default stacking_default\"><div class=\"vc_col-sm-12 wpb_column vc_column_container\"><div class=\"vc_column-inner\"><div class=\"wpb_wrapper\">\n\t<div class=\"wpb_raw_code wpb_raw_html wpb_content_element us_custom_909b2fd0\" >\n\t\t<div class=\"wpb_wrapper\">\n\t\t\t<script src=\"https:\/\/static.elfsight.com\/platform\/platform.js\" data-use-service-core defer><\/script>\n<div class=\"elfsight-app-4affd119-c130-4a1d-824e-4b06cd228cf0\" data-elfsight-app-lazy><\/div>\n\t\t<\/div>\n\t<\/div>\n<\/div><\/div><\/div><\/div><\/div><\/section><section class=\"l-section wpb_row us_custom_08af5949 height_medium\"><div class=\"l-section-h i-cf\"><div class=\"g-cols vc_row via_flex valign_top type_default stacking_default\"><div class=\"vc_col-sm-12 wpb_column vc_column_container\"><div class=\"vc_column-inner\"><div class=\"wpb_wrapper\"><div class=\"wpb_text_column\"><div class=\"wpb_wrapper\"><h2>Kauf de l&#039;immobilier \u00e0 Kleinmachnow<\/h2>\n<p>Le march\u00e9 immobilier \u00e0 Kleinmachnow est extr\u00eamement dynamique et comp\u00e9titif. De nombreux acheteurs potentiels recherchent la propri\u00e9t\u00e9 id\u00e9ale dans cet endroit recherch\u00e9, ce qui rend la recherche d&#039;une nouvelle maison beaucoup plus difficile. Sans l\u2019accompagnement d\u2019un agent exp\u00e9riment\u00e9, il peut \u00eatre tr\u00e8s difficile de trouver les bonnes offres et de naviguer parmi la multitude de propri\u00e9t\u00e9s disponibles. Les propri\u00e9t\u00e9s sont souvent vendues dans des d\u00e9lais tr\u00e8s courts, ce qui signifie que les acheteurs potentiels risquent de rater de pr\u00e9cieuses opportunit\u00e9s. Un courtier peut vous aider \u00e0 identifier les meilleures propri\u00e9t\u00e9s et \u00e0 faciliter le processus Kauf.<\/p>\n<h2>Obtenez le meilleur prix avec un agent<\/h2>\n<p>Afin d&#039;obtenir le meilleur prix possible pour votre nouveau bien immobilier \u00e0 Kleinmachnow, il est crucial d&#039;avoir un agent exp\u00e9riment\u00e9 \u00e0 vos c\u00f4t\u00e9s. Les courtiers poss\u00e8dent une connaissance approfondie du march\u00e9 et peuvent fournir des informations pr\u00e9cieuses sur l\u2019\u00e9volution des prix et les n\u00e9gociations. Ils connaissent les tendances actuelles et ce que recherchent les acheteurs, ce qui signifie qu\u2019ils peuvent vous aider \u00e0 formuler une offre \u00e9quitable. Faire appel \u00e0 un courtier optimise non seulement vos chances de r\u00e9ussite du Kauf, mais vous garantit \u00e9galement le meilleur rapport qualit\u00e9-prix sur ce march\u00e9 concurrentiel. Faites confiance \u00e0 l\u2019expertise d\u2019un professionnel pour r\u00e9ussir vos objectifs immobiliers.<\/p>\n<\/div><\/div><\/div><\/div><\/div><\/div><\/div><\/section><section class=\"l-section wpb_row contentBorder height_medium\"><div class=\"l-section-h i-cf\"><div class=\"g-cols vc_row via_flex valign_top type_default stacking_default\"><div class=\"vc_col-sm-6 wpb_column vc_column_container\"><div class=\"vc_column-inner\"><div class=\"wpb_wrapper\"><div class=\"wpb_text_column\"><div class=\"wpb_wrapper\"><h2 class=\"gold\">Chiffres et faits<\/h2>\n<h2 class=\"goldSubline\">Ce qui distingue Kleinmachnow<\/h2>\n<\/div><\/div><\/div><\/div><\/div><div class=\"vc_col-sm-6 wpb_column vc_column_container\"><div class=\"vc_column-inner\"><div class=\"wpb_wrapper\"><div class=\"wpb_text_column\"><div class=\"wpb_wrapper\"><ul>\n<li>20152 habitants<\/li>\n<li>11,91 km\u00b2<\/li>\n<li>Villes environnantes : Potsdam, Zehlendorf, Teltow<\/li>\n<\/ul>\n<\/div><\/div><\/div><\/div><\/div><\/div><\/div><\/section><section class=\"l-section wpb_row us_custom_08af5949 height_medium\"><div class=\"l-section-h i-cf\"><div class=\"g-cols vc_row via_flex valign_top type_default stacking_default\"><div class=\"vc_col-sm-12 wpb_column vc_column_container\"><div class=\"vc_column-inner\"><div class=\"wpb_wrapper\"><div class=\"wpb_text_column\"><div class=\"wpb_wrapper\"><h2>Karlshorst : un march\u00e9 comp\u00e9titif pour les acheteurs et les vendeurs immobiliers<\/h2>\n<p>Karlshorst est devenu ces derni\u00e8res ann\u00e9es l&#039;un des lieux de vie les plus recherch\u00e9s \u00e0 Berlin. Avec son m\u00e9lange harmonieux de vie urbaine et de quartiers r\u00e9sidentiels calmes, le quartier attire aussi bien les familles, les professionnels que les seniors. L&#039;excellente connexion au r\u00e9seau de transports publics, notamment le S-Bahn et le tramway, permet aux habitants de rejoindre rapidement et facilement le centre-ville anim\u00e9. Dans le m\u00eame temps, Karlshorst offre de nombreux espaces verts, parcs et installations sportives qui offrent une grande valeur de loisirs et contribuent \u00e0 la qualit\u00e9 de vie.<\/p>\n<p>La demande croissante de surfaces habitables \u00e0 Karlshorst a rendu le march\u00e9 immobilier tr\u00e8s comp\u00e9titif. Les acheteurs sont souvent pr\u00eats \u00e0 payer des prix plus \u00e9lev\u00e9s pour trouver une maison dans ce quartier attrayant. Dans un march\u00e9 aussi concurrentiel, l\u2019expertise d\u2019un courtier exp\u00e9riment\u00e9 peut s\u2019av\u00e9rer cruciale. Un courtier conna\u00eet non seulement les tendances du march\u00e9 local, mais a \u00e9galement acc\u00e8s \u00e0 un r\u00e9seau d\u2019acheteurs et de vendeurs potentiels. De plus, un agent peut utiliser des strat\u00e9gies de marketing cibl\u00e9es et des n\u00e9gociations professionnelles pour vous assurer d\u2019obtenir le meilleur prix pour votre propri\u00e9t\u00e9. Lors de la recherche de la propri\u00e9t\u00e9 de vos r\u00eaves, un courtier vous offre un soutien pr\u00e9cieux en vous aidant \u00e0 trouver des propri\u00e9t\u00e9s adapt\u00e9es et en vous fournissant toutes les informations pertinentes pour prendre des d\u00e9cisions \u00e9clair\u00e9es.<\/p>\n<\/div><\/div><\/div><\/div><\/div><\/div><\/div><\/section><section class=\"l-section wpb_row contentBorder height_auto width_full\"><div class=\"l-section-h i-cf\"><div class=\"g-cols vc_row via_flex valign_top type_default stacking_default\"><div class=\"vc_col-sm-12 wpb_column vc_column_container\"><div class=\"vc_column-inner\"><div class=\"wpb_wrapper\"><section class=\"l-section wpb_row guennerASP height_medium full_height valign_center with_img\"><div class=\"l-section-img\" role=\"img\" aria-label=\"Image\" data-img-width=\"2048\" data-img-height=\"1365\" style=\"background-image: url(https:\/\/guenner-immobilien.de\/wp-content\/uploads\/2024\/07\/guenner.jpg);background-position: center right;\"><\/div><div class=\"l-section-h i-cf\"><div class=\"g-cols vc_row via_flex valign_top type_default stacking_default\"><div class=\"vc_col-sm-6 wpb_column vc_column_container\"><div class=\"vc_column-inner\"><div class=\"wpb_wrapper\"><div class=\"wpb_text_column us_custom_c23a66ad\"><div class=\"wpb_wrapper\"><h2 class=\"gold\">VOUS AVONS-NOUS CONVAINCU ?<\/h2>\n<h2 class=\"goldSubline\">Prenez d\u00e8s maintenant un rendez-vous de consultation gratuit<\/h2>\n<\/div><\/div><div class=\"w-btn-wrapper align_none\"><a class=\"w-btn us-btn-style_1\" title=\"Entrer en contact!\" href=\"\/fr\/contact\/\"><span class=\"w-btn-label\">Fixer un rendez-vous de consultation<\/span><\/a><\/div><\/div><\/div><\/div><div class=\"vc_col-sm-6 wpb_column vc_column_container\"><div class=\"vc_column-inner\"><div class=\"wpb_wrapper\"><div class=\"w-grid type_grid layout_blog_1 hidden cols_2\" id=\"us_grid_1\" style=\"--columns:2;--gap:1.5rem;\"><style>@media (max-width:900px){#us_grid_1{--columns:1!important}}.layout_blog_1 .w-grid-item-h{}.layout_blog_1 .usg_post_image_1{margin-bottom:0.5rem!important}.layout_blog_1 .usg_post_title_1{font-size:1rem!important}<\/style><div class=\"w-grid-list\"><\/div><div class=\"w-grid-preloader\">\t<div class=\"g-preloader type_1\">\r\n\t\t<div><\/div>\r\n\t<\/div>\r\n\t<\/div>\t<div class=\"w-grid-json hidden\" onclick='return {&quot;action&quot;:&quot;us_ajax_grid&quot;,&quot;infinite_scroll&quot;:0,&quot;max_num_pages&quot;:0,&quot;pagination&quot;:&quot;none&quot;,&quot;template_vars&quot;:{&quot;columns&quot;:&quot;2&quot;,&quot;exclude_items&quot;:&quot;none&quot;,&quot;img_size&quot;:&quot;default&quot;,&quot;ignore_items_size&quot;:0,&quot;items_layout&quot;:&quot;blog_1&quot;,&quot;items_offset&quot;:&quot;1&quot;,&quot;load_animation&quot;:&quot;none&quot;,&quot;overriding_link&quot;:&quot;{\\&quot;url\\&quot;:\\&quot;\\&quot;}&quot;,&quot;post_id&quot;:1380,&quot;query_args&quot;:{&quot;posts_per_page&quot;:&quot;10&quot;},&quot;orderby_query_args&quot;:{&quot;orderby&quot;:{&quot;date&quot;:&quot;DESC&quot;}},&quot;type&quot;:&quot;grid&quot;,&quot;us_grid_post_type&quot;:&quot;ids_terms&quot;,&quot;us_grid_ajax_index&quot;:1,&quot;us_grid_filter_query_string&quot;:null,&quot;us_grid_index&quot;:1,&quot;page_args&quot;:[]}}'><\/div>\r\n\t<\/div><\/div><\/div><\/div><\/div><\/div><\/section>\n<\/div><\/div><\/div><\/div><\/div><\/section>","protected":false},"excerpt":{"rendered":"Kleinmachnow Ihr Partner f\u00fcr eine erfolgreiche Immobilienvermarktung in Kleinmachnow Als Ihr pers\u00f6nlicher Immobilienmakler lege ich h\u00f6chsten Wert auf einen starken Service, der Ihnen das Leben erleichtert. Bei mir d\u00fcrfen Sie sich zur\u00fccklehnen, denn ich \u00fcbernehme f\u00fcr Sie alle Schritte des Immobilienverkaufs. Sie m\u00fcssen sich lediglich um die Unterschriften und die Notartermine k\u00fcmmern \u2013 den Rest...","protected":false},"author":4,"featured_media":1549,"parent":1375,"menu_order":0,"comment_status":"closed","ping_status":"closed","template":"object-list.php","meta":{"footnotes":""},"class_list":["post-1546","page","type-page","status-publish","has-post-thumbnail","hentry"],"yoast_head":"<!-- This site is optimized with the Yoast SEO plugin v26.0 - https:\/\/yoast.com\/wordpress\/plugins\/seo\/ -->\n<title>Ihr Makler f\u00fcr Kleinmachnow - Stressfrei verkaufen | Guenner Immobilien<\/title>\n<meta name=\"description\" content=\"Entdecken Sie den Immobilienverkauf in Kleinmachnow mit unserem erfahrenen Team. Profitieren Sie von umfassendem Service, starken Netzwerk &amp; besten Preisen\" \/>\n<meta name=\"robots\" content=\"index, follow, max-snippet:-1, max-image-preview:large, max-video-preview:-1\" \/>\n<link rel=\"canonical\" href=\"https:\/\/www.guenner-immobilien.de\/einzugsgebiete\/kleinmachnow\" \/>\n<meta property=\"og:locale\" content=\"fr_FR\" \/>\n<meta property=\"og:type\" content=\"article\" \/>\n<meta property=\"og:title\" content=\"Ihr Makler f\u00fcr Kleinmachnow - Stressfrei verkaufen | Guenner Immobilien\" \/>\n<meta property=\"og:description\" content=\"Entdecken Sie den Immobilienverkauf in Kleinmachnow mit unserem erfahrenen Team. Profitieren Sie von umfassendem Service, starken Netzwerk &amp; besten Preisen\" \/>\n<meta property=\"og:url\" content=\"https:\/\/www.guenner-immobilien.de\/einzugsgebiete\/kleinmachnow\" \/>\n<meta property=\"og:site_name\" content=\"Guenner Immobilien\" \/>\n<meta property=\"article:modified_time\" content=\"2024-09-26T05:37:22+00:00\" \/>\n<meta property=\"og:image\" content=\"https:\/\/guenner-immobilien.de\/wp-content\/uploads\/2024\/09\/kleinmachnow.jpg\" \/>\n\t<meta property=\"og:image:width\" content=\"1254\" \/>\n\t<meta property=\"og:image:height\" content=\"836\" \/>\n\t<meta property=\"og:image:type\" content=\"image\/jpeg\" \/>\n<meta name=\"twitter:card\" content=\"summary_large_image\" \/>\n<meta name=\"twitter:label1\" content=\"Dur\u00e9e de lecture estim\u00e9e\" \/>\n\t<meta name=\"twitter:data1\" content=\"5 minutes\" \/>\n<script type=\"application\/ld+json\" class=\"yoast-schema-graph\">{\"@context\":\"https:\/\/schema.org\",\"@graph\":[{\"@type\":\"WebPage\",\"@id\":\"https:\/\/guenner-immobilien.de\/einzugsgebiete\/kleinmachnow\/\",\"url\":\"https:\/\/www.guenner-immobilien.de\/einzugsgebiete\/kleinmachnow\",\"name\":\"Ihr Makler f\u00fcr Kleinmachnow - Stressfrei verkaufen | Guenner Immobilien\",\"isPartOf\":{\"@id\":\"https:\/\/guenner-immobilien.de\/#website\"},\"primaryImageOfPage\":{\"@id\":\"https:\/\/www.guenner-immobilien.de\/einzugsgebiete\/kleinmachnow#primaryimage\"},\"image\":{\"@id\":\"https:\/\/www.guenner-immobilien.de\/einzugsgebiete\/kleinmachnow#primaryimage\"},\"thumbnailUrl\":\"https:\/\/guenner-immobilien.de\/wp-content\/uploads\/2024\/09\/kleinmachnow.jpg\",\"datePublished\":\"2024-09-24T06:22:07+00:00\",\"dateModified\":\"2024-09-26T05:37:22+00:00\",\"description\":\"Entdecken Sie den Immobilienverkauf in Kleinmachnow mit unserem erfahrenen Team. Profitieren Sie von umfassendem Service, starken Netzwerk & besten Preisen\",\"breadcrumb\":{\"@id\":\"https:\/\/www.guenner-immobilien.de\/einzugsgebiete\/kleinmachnow#breadcrumb\"},\"inLanguage\":\"fr-FR\",\"potentialAction\":[{\"@type\":\"ReadAction\",\"target\":[\"https:\/\/www.guenner-immobilien.de\/einzugsgebiete\/kleinmachnow\"]}]},{\"@type\":\"ImageObject\",\"inLanguage\":\"fr-FR\",\"@id\":\"https:\/\/www.guenner-immobilien.de\/einzugsgebiete\/kleinmachnow#primaryimage\",\"url\":\"https:\/\/guenner-immobilien.de\/wp-content\/uploads\/2024\/09\/kleinmachnow.jpg\",\"contentUrl\":\"https:\/\/guenner-immobilien.de\/wp-content\/uploads\/2024\/09\/kleinmachnow.jpg\",\"width\":1254,\"height\":836,\"caption\":\"Wir sorgen f\u00fcr Wohntr\u00e4ume an der Hauptstadt!\"},{\"@type\":\"BreadcrumbList\",\"@id\":\"https:\/\/www.guenner-immobilien.de\/einzugsgebiete\/kleinmachnow#breadcrumb\",\"itemListElement\":[{\"@type\":\"ListItem\",\"position\":1,\"name\":\"Startseite\",\"item\":\"https:\/\/guenner-immobilien.de\/\"},{\"@type\":\"ListItem\",\"position\":2,\"name\":\"Einzugsgebiete\",\"item\":\"https:\/\/guenner-immobilien.de\/einzugsgebiete\/\"},{\"@type\":\"ListItem\",\"position\":3,\"name\":\"Kleinmachnow\"}]},{\"@type\":\"WebSite\",\"@id\":\"https:\/\/guenner-immobilien.de\/#website\",\"url\":\"https:\/\/guenner-immobilien.de\/\",\"name\":\"Guenner Immobilien\",\"description\":\"Immobilienmakler und Immobilien in Berlin und Umgebung\",\"potentialAction\":[{\"@type\":\"SearchAction\",\"target\":{\"@type\":\"EntryPoint\",\"urlTemplate\":\"https:\/\/guenner-immobilien.de\/?s={search_term_string}\"},\"query-input\":{\"@type\":\"PropertyValueSpecification\",\"valueRequired\":true,\"valueName\":\"search_term_string\"}}],\"inLanguage\":\"fr-FR\"}]}<\/script>\n<!-- \/ Yoast SEO plugin. -->","yoast_head_json":{"title":"Votre courtier pour Kleinmachnow - sans stress verkauf | Guenner Immobilier","description":"D\u00e9couvrez l&#039;Immobilienverkauf \u00e0 Kleinmachmaintenant avec notre \u00e9quipe exp\u00e9riment\u00e9e. B\u00e9n\u00e9ficiez d\u2019un service complet, d\u2019un r\u00e9seau solide et des meilleurs prix","robots":{"index":"index","follow":"follow","max-snippet":"max-snippet:-1","max-image-preview":"max-image-preview:large","max-video-preview":"max-video-preview:-1"},"canonical":"https:\/\/www.guenner-immobilien.de\/einzugsgebiete\/kleinmachnow","og_locale":"fr_FR","og_type":"article","og_title":"Ihr Makler f\u00fcr Kleinmachnow - Stressfrei verkaufen | Guenner Immobilien","og_description":"Entdecken Sie den Immobilienverkauf in Kleinmachnow mit unserem erfahrenen Team. Profitieren Sie von umfassendem Service, starken Netzwerk & besten Preisen","og_url":"https:\/\/www.guenner-immobilien.de\/einzugsgebiete\/kleinmachnow","og_site_name":"Guenner Immobilien","article_modified_time":"2024-09-26T05:37:22+00:00","og_image":[{"width":1254,"height":836,"url":"https:\/\/guenner-immobilien.de\/wp-content\/uploads\/2024\/09\/kleinmachnow.jpg","type":"image\/jpeg"}],"twitter_card":"summary_large_image","twitter_misc":{"Dur\u00e9e de lecture estim\u00e9e":"5 minutes"},"schema":{"@context":"https:\/\/schema.org","@graph":[{"@type":"WebPage","@id":"https:\/\/guenner-immobilien.de\/einzugsgebiete\/kleinmachnow\/","url":"https:\/\/www.guenner-immobilien.de\/einzugsgebiete\/kleinmachnow","name":"Votre courtier pour Kleinmachnow - sans stress verkauf | Guenner Immobilier","isPartOf":{"@id":"https:\/\/guenner-immobilien.de\/#website"},"primaryImageOfPage":{"@id":"https:\/\/www.guenner-immobilien.de\/einzugsgebiete\/kleinmachnow#primaryimage"},"image":{"@id":"https:\/\/www.guenner-immobilien.de\/einzugsgebiete\/kleinmachnow#primaryimage"},"thumbnailUrl":"https:\/\/guenner-immobilien.de\/wp-content\/uploads\/2024\/09\/kleinmachnow.jpg","datePublished":"2024-09-24T06:22:07+00:00","dateModified":"2024-09-26T05:37:22+00:00","description":"D\u00e9couvrez l&#039;Immobilienverkauf \u00e0 Kleinmachmaintenant avec notre \u00e9quipe exp\u00e9riment\u00e9e. B\u00e9n\u00e9ficiez d\u2019un service complet, d\u2019un r\u00e9seau solide et des meilleurs prix","breadcrumb":{"@id":"https:\/\/www.guenner-immobilien.de\/einzugsgebiete\/kleinmachnow#breadcrumb"},"inLanguage":"fr-FR","potentialAction":[{"@type":"ReadAction","target":["https:\/\/www.guenner-immobilien.de\/einzugsgebiete\/kleinmachnow"]}]},{"@type":"ImageObject","inLanguage":"fr-FR","@id":"https:\/\/www.guenner-immobilien.de\/einzugsgebiete\/kleinmachnow#primaryimage","url":"https:\/\/guenner-immobilien.de\/wp-content\/uploads\/2024\/09\/kleinmachnow.jpg","contentUrl":"https:\/\/guenner-immobilien.de\/wp-content\/uploads\/2024\/09\/kleinmachnow.jpg","width":1254,"height":836,"caption":"Wir sorgen f\u00fcr Wohntr\u00e4ume an der Hauptstadt!"},{"@type":"BreadcrumbList","@id":"https:\/\/www.guenner-immobilien.de\/einzugsgebiete\/kleinmachnow#breadcrumb","itemListElement":[{"@type":"ListItem","position":1,"name":"Startseite","item":"https:\/\/guenner-immobilien.de\/"},{"@type":"ListItem","position":2,"name":"Einzugsgebiete","item":"https:\/\/guenner-immobilien.de\/einzugsgebiete\/"},{"@type":"ListItem","position":3,"name":"Kleinmachnow"}]},{"@type":"WebSite","@id":"https:\/\/guenner-immobilien.de\/#website","url":"https:\/\/guenner-immobilien.de\/","name":"Guenner Immobilier","description":"Agents immobiliers et biens immobiliers \u00e0 Berlin et ses environs","potentialAction":[{"@type":"SearchAction","target":{"@type":"EntryPoint","urlTemplate":"https:\/\/guenner-immobilien.de\/?s={search_term_string}"},"query-input":{"@type":"PropertyValueSpecification","valueRequired":true,"valueName":"search_term_string"}}],"inLanguage":"fr-FR"}]}},"_links":{"self":[{"href":"https:\/\/guenner-immobilien.de\/fr\/wp-json\/wp\/v2\/pages\/1546","targetHints":{"allow":["GET"]}}],"collection":[{"href":"https:\/\/guenner-immobilien.de\/fr\/wp-json\/wp\/v2\/pages"}],"about":[{"href":"https:\/\/guenner-immobilien.de\/fr\/wp-json\/wp\/v2\/types\/page"}],"author":[{"embeddable":true,"href":"https:\/\/guenner-immobilien.de\/fr\/wp-json\/wp\/v2\/users\/4"}],"replies":[{"embeddable":true,"href":"https:\/\/guenner-immobilien.de\/fr\/wp-json\/wp\/v2\/comments?post=1546"}],"version-history":[{"count":6,"href":"https:\/\/guenner-immobilien.de\/fr\/wp-json\/wp\/v2\/pages\/1546\/revisions"}],"predecessor-version":[{"id":1681,"href":"https:\/\/guenner-immobilien.de\/fr\/wp-json\/wp\/v2\/pages\/1546\/revisions\/1681"}],"up":[{"embeddable":true,"href":"https:\/\/guenner-immobilien.de\/fr\/wp-json\/wp\/v2\/pages\/1375"}],"wp:featuredmedia":[{"embeddable":true,"href":"https:\/\/guenner-immobilien.de\/fr\/wp-json\/wp\/v2\/media\/1549"}],"wp:attachment":[{"href":"https:\/\/guenner-immobilien.de\/fr\/wp-json\/wp\/v2\/media?parent=1546"}],"curies":[{"name":"wp","href":"https:\/\/api.w.org\/{rel}","templated":true}]}}