{"id":1682,"date":"2024-09-26T06:20:47","date_gmt":"2024-09-26T06:20:47","guid":{"rendered":"https:\/\/guenner.maklertemplate.de\/?page_id=1682"},"modified":"2024-09-26T06:31:39","modified_gmt":"2024-09-26T06:31:39","slug":"berlin-zehlendorf","status":"publish","type":"page","link":"https:\/\/guenner-immobilien.de\/fr\/zones-de-chalandise\/berlin-zehlendorf\/","title":{"rendered":"Berlin-Zehlendorf"},"content":{"rendered":"<section class=\"l-section wpb_row us_custom_8d741027 height_auto width_full\" id=\"bannerSubpage\"><div class=\"l-section-h i-cf\"><div class=\"g-cols vc_row via_flex valign_top type_default stacking_default\"><div class=\"vc_col-sm-12 wpb_column vc_column_container\"><div class=\"vc_column-inner\"><div class=\"wpb_wrapper\">\n\t<div class=\"wpb_raw_code wpb_raw_html wpb_content_element us_custom_909b2fd0\" >\n\t\t<div class=\"wpb_wrapper\">\n\t\t\t<div class=\"HeadlineWapper\"><h1><span>Berlin-Zehlendorf<\/span><\/h1><\/div>\n\t\t<\/div>\n\t<\/div>\n<\/div><\/div><\/div><\/div><\/div><\/section><section class=\"l-section wpb_row height_medium\"><div class=\"l-section-h i-cf\"><div class=\"g-cols vc_row via_flex valign_top type_default stacking_default\"><div class=\"vc_col-sm-8 wpb_column vc_column_container\"><div class=\"vc_column-inner\"><div class=\"wpb_wrapper\"><div class=\"wpb_text_column\"><div class=\"wpb_wrapper\"><h2>Votre agent immobilier \u00e0 Zehlendorf \u2013 un service complet d&#039;un seul et m\u00eame fournisseur<\/h2>\n<p>Lorsqu&#039;il s&#039;agit d&#039;acheter ou de vendre un bien immobilier \u00e0 Zehlendorf, nous sommes votre interlocuteur comp\u00e9tent. En tant qu&#039;agents immobiliers exp\u00e9riment\u00e9s dans l&#039;agglom\u00e9ration de Berlin, nous connaissons le march\u00e9 de Zehlendorf dans les moindres d\u00e9tails. Nos clients b\u00e9n\u00e9ficient d&#039;un service complet qui les soulage de tous tracas : il vous suffit de signer les contrats et de vous pr\u00e9senter au rendez-vous chez le notaire - nous faisons le reste pour vous. Forts de nos nombreuses ann\u00e9es d\u2019exp\u00e9rience et d\u2019un solide r\u00e9seau de partenaires, nous sommes \u00e0 vos c\u00f4t\u00e9s \u00e0 chaque \u00e9tape. Qu\u2019il s\u2019agisse d\u2019un artisan, d\u2019un \u00e9valuateur ou d\u2019un autre sp\u00e9cialiste, nous avons les bons interlocuteurs pour rendre le processus de vente fluide et efficace. Faites confiance \u00e0 notre expertise pour vendre de mani\u00e8re optimale votre propri\u00e9t\u00e9 \u00e0 Zehlendorf ou pour trouver le bien immobilier parfait pour vous.<\/p>\n<\/div><\/div><\/div><\/div><\/div><div class=\"vc_col-sm-4 wpb_column vc_column_container\"><div class=\"vc_column-inner\"><div class=\"wpb_wrapper\"><div class=\"w-image align_none\"><div class=\"w-image-h\"><img decoding=\"async\" width=\"629\" height=\"629\" src=\"https:\/\/guenner-immobilien.de\/wp-content\/uploads\/2024\/09\/home_reg_experte_h.cf421dc5.jpg\" class=\"attachment-large size-large\" alt=\"Portrait de David Gunner\" loading=\"lazy\" srcset=\"https:\/\/guenner-immobilien.de\/wp-content\/uploads\/2024\/09\/home_reg_experte_h.cf421dc5.jpg 629w, https:\/\/guenner-immobilien.de\/wp-content\/uploads\/2024\/09\/home_reg_experte_h.cf421dc5-300x300.jpg 300w, https:\/\/guenner-immobilien.de\/wp-content\/uploads\/2024\/09\/home_reg_experte_h.cf421dc5-150x150.jpg 150w, https:\/\/guenner-immobilien.de\/wp-content\/uploads\/2024\/09\/home_reg_experte_h.cf421dc5-600x600.jpg 600w\" sizes=\"auto, (max-width: 629px) 100vw, 629px\" \/><\/div><\/div><\/div><\/div><\/div><\/div><\/div><\/section><section class=\"l-section wpb_row us_custom_08af5949 height_medium\"><div class=\"l-section-h i-cf\"><div class=\"g-cols vc_row via_flex valign_top type_default stacking_default\"><div class=\"vc_col-sm-12 wpb_column vc_column_container\"><div class=\"vc_column-inner\"><div class=\"wpb_wrapper\"><div class=\"wpb_text_column\"><div class=\"wpb_wrapper\"><h2>Zehlendorf \u2013 vivre dans le c\u0153ur vert de Berlin<\/h2>\n<p>Zehlendorf est l&#039;un des quartiers r\u00e9sidentiels les plus recherch\u00e9s de Berlin et impressionne par ses villas pittoresques, ses terrains spacieux et sa proximit\u00e9 incomparable avec la nature. Ici, la vie urbaine se conjugue avec la tranquillit\u00e9 du sud de Berlin, tandis que les nombreux parcs, lacs et zones foresti\u00e8res vous invitent \u00e0 la d\u00e9tente. Qu&#039;il s&#039;agisse d&#039;une promenade le long du Schlachtensee, d&#039;une visite dans l&#039;un des charmants caf\u00e9s ou du march\u00e9 hebdomadaire de la Teltower Damm, Zehlendorf offre une vari\u00e9t\u00e9 d&#039;options pour tous les go\u00fbts afin de profiter pleinement de la vie.<\/p>\n<p>Gr\u00e2ce \u00e0 une excellente infrastructure et \u00e0 des liaisons avec les transports publics locaux, le centre-ville de Berlin et ses environs sont accessibles rapidement et facilement. Zehlendorf n&#039;est pas seulement id\u00e9al pour les familles, mais aussi pour tous ceux qui aiment vivre \u00e0 la campagne et ne veulent pas pour autant renoncer aux avantages de la grande ville. N&#039;h\u00e9sitez pas \u00e0 jeter un oeil <a href=\"\/fr\/toutes-les-proprietes\/\">nos offres du moment<\/a>pour trouver votre nouvelle maison dans ce cadre magnifique.<\/p>\n<p>Nos nombreux <a href=\"\/fr\/references\/\">R\u00e9f\u00e9rences<\/a> d\u00e9montrer la confiance de nos clients et notre expertise compl\u00e8te que nous sommes heureux de mettre \u00e0 votre disposition. D\u00e9couvrir <a href=\"\/fr\/a-propos-de-nous\/\">plus sur nous<\/a> et d\u00e9couvrez comment nous pouvons vous accompagner dans votre projet immobilier. Si vous souhaitez faire estimer votre bien ou si vous avez d\u00e9j\u00e0 une id\u00e9e concr\u00e8te, vous pouvez facilement le faire <a href=\"\/fr\/evaluer-la-propriete\/\">\u00e9valuation individuelle<\/a> ou un <a href=\"\/fr\/creer-un-profil-de-recherche\/\">Cr\u00e9er un profil de recherche<\/a>pour trouver exactement ce qui correspond \u00e0 vos besoins.<\/p>\n<p>Zehlendorf est bien plus qu&#039;un simple lieu de vie : c&#039;est une attitude face \u00e0 la vie. <a href=\"\/fr\/contact\/\">Contact<\/a> Contactez-nous pour en savoir plus sur les opportunit\u00e9s \u00e0 Zehlendorf.<\/p>\n<\/div><\/div><\/div><\/div><\/div><\/div><\/div><\/section><section class=\"l-section wpb_row us_custom_c70c97eb contentBorder height_medium\"><div class=\"l-section-h i-cf\"><div class=\"g-cols vc_row via_flex valign_top type_default stacking_default\"><div class=\"vc_col-sm-12 wpb_column vc_column_container\"><div class=\"vc_column-inner\"><div class=\"wpb_wrapper\">\n\t<div class=\"wpb_raw_code wpb_raw_html wpb_content_element us_custom_909b2fd0\" >\n\t\t<div class=\"wpb_wrapper\">\n\t\t\t<script src=\"https:\/\/static.elfsight.com\/platform\/platform.js\" data-use-service-core defer><\/script>\n<div class=\"elfsight-app-4affd119-c130-4a1d-824e-4b06cd228cf0\" data-elfsight-app-lazy><\/div>\n\t\t<\/div>\n\t<\/div>\n<\/div><\/div><\/div><\/div><\/div><\/section><section class=\"l-section wpb_row us_custom_08af5949 height_medium\"><div class=\"l-section-h i-cf\"><div class=\"g-cols vc_row via_flex valign_top type_default stacking_default\"><div class=\"vc_col-sm-12 wpb_column vc_column_container\"><div class=\"vc_column-inner\"><div class=\"wpb_wrapper\"><div class=\"wpb_text_column\"><div class=\"wpb_wrapper\"><h2>Pourquoi l&#039;immobilier \u00e0 Zehlendorf est si recherch\u00e9<\/h2>\n<p>Zehlendorf est l&#039;un des quartiers r\u00e9sidentiels les plus exclusifs de Berlin - et pour cause. La combinaison de belles villas, de rues r\u00e9sidentielles calmes et d&#039;une proximit\u00e9 exceptionnelle avec la nature fait du quartier une destination recherch\u00e9e pour ceux qui recherchent le meilleur des deux mondes. La qualit\u00e9 de vie \u00e9lev\u00e9e et l&#039;excellente connexion avec le centre-ville de Berlin rendent Zehlendorf particuli\u00e8rement attractif pour les familles, les travailleurs et ceux qui recherchent le calme et la tranquillit\u00e9.<\/p>\n<p>L&#039;immobilier \u00e0 Zehlendorf est tr\u00e8s populaire non seulement en raison de son emplacement, mais aussi en raison de la qualit\u00e9 et de la vari\u00e9t\u00e9 des biens immobiliers propos\u00e9s. Des b\u00e2timents anciens classiques aux maisons d&#039;architecte modernes en passant par les charmantes maisons unifamiliales, Zehlendorf offre quelque chose qui convient \u00e0 chaque phase de la vie et \u00e0 tous les go\u00fbts. Cependant, en raison de la forte demande, le march\u00e9 immobilier de ce quartier est tr\u00e8s comp\u00e9titif : les meilleures propri\u00e9t\u00e9s changent souvent rapidement de mains.<\/p>\n<\/div><\/div><\/div><\/div><\/div><\/div><\/div><\/section><section class=\"l-section wpb_row contentBorder height_medium\"><div class=\"l-section-h i-cf\"><div class=\"g-cols vc_row via_flex valign_top type_default stacking_default\"><div class=\"vc_col-sm-6 wpb_column vc_column_container\"><div class=\"vc_column-inner\"><div class=\"wpb_wrapper\"><div class=\"wpb_text_column\"><div class=\"wpb_wrapper\"><h2 class=\"gold\">Chiffres et faits<\/h2>\n<h2 class=\"goldSubline\">Ce qui donne vie \u00e0 Zehlendorf<\/h2>\n<\/div><\/div><\/div><\/div><\/div><div class=\"vc_col-sm-6 wpb_column vc_column_container\"><div class=\"vc_column-inner\"><div class=\"wpb_wrapper\"><div class=\"wpb_text_column\"><div class=\"wpb_wrapper\"><ul>\n<li>54765 habitants<\/li>\n<li>18,8 km\u00b2<\/li>\n<li>Villes environnantes : Dahlem, Schlachtensee, Nikolasee<\/li>\n<\/ul>\n<\/div><\/div><\/div><\/div><\/div><\/div><\/div><\/section><section class=\"l-section wpb_row us_custom_08af5949 height_medium\"><div class=\"l-section-h i-cf\"><div class=\"g-cols vc_row via_flex valign_top type_default stacking_default\"><div class=\"vc_col-sm-12 wpb_column vc_column_container\"><div class=\"vc_column-inner\"><div class=\"wpb_wrapper\"><div class=\"wpb_text_column\"><div class=\"wpb_wrapper\"><h2>Pourquoi un agent immobilier exp\u00e9riment\u00e9 est indispensable \u00e0 Zehlendorf<\/h2>\n<p>Le march\u00e9 immobilier de Zehlendorf est l\u2019un des march\u00e9s les plus exclusifs et dynamiques de tout Berlin. Les objets de haute qualit\u00e9 sont souvent tr\u00e8s demand\u00e9s et ne sont souvent disponibles sur le march\u00e9 que pour une dur\u00e9e limit\u00e9e. Sans une bonne connaissance du march\u00e9 et un r\u00e9seau bien d\u00e9velopp\u00e9, il est difficile d&#039;obtenir un avantage d\u00e9cisif dans ce domaine. Un courtier exp\u00e9riment\u00e9 joue un r\u00f4le cl\u00e9 \u00e0 cet \u00e9gard.<\/p>\n<p>Un agent professionnel conna\u00eet non seulement les tendances actuelles du march\u00e9 et les prix \u00e0 Zehlendorf, mais a \u00e9galement un acc\u00e8s rapide aux propri\u00e9t\u00e9s qui ne sont pas encore officiellement r\u00e9pertori\u00e9es. Son r\u00e9seau lui permet de cibler les propri\u00e9t\u00e9s qui r\u00e9pondent exactement \u00e0 vos besoins, vous donnant ainsi acc\u00e8s \u00e0 des options que vous pourriez autrement n\u00e9gliger.<\/p>\n<p>De plus, un courtier vous fait gagner un temps et des efforts pr\u00e9cieux. De l\u2019\u00e9valuation de votre propri\u00e9t\u00e9 \u00e0 la coordination des rendez-vous de visite en passant par la n\u00e9gociation avec des acheteurs ou des vendeurs potentiels, il s\u2019occupe de tout le processus pour vous. De cette fa\u00e7on, vous pouvez \u00eatre s\u00fbr que votre projet immobilier est entre les mains de professionnels et que vous ne manquerez aucune \u00e9tape importante.<\/p>\n<p>La bonne strat\u00e9gie, une bonne compr\u00e9hension du march\u00e9 et les comp\u00e9tences de n\u00e9gociation n\u00e9cessaires rendent indispensable un bon agent \u00e0 Zehlendorf - que vous recherchiez la propri\u00e9t\u00e9 de vos r\u00eaves ou que vous souhaitiez vendre votre propri\u00e9t\u00e9 \u00e0 des conditions optimales.<\/p>\n<\/div><\/div><\/div><\/div><\/div><\/div><\/div><\/section><section class=\"l-section wpb_row contentBorder height_auto width_full\"><div class=\"l-section-h i-cf\"><div class=\"g-cols vc_row via_flex valign_top type_default stacking_default\"><div class=\"vc_col-sm-12 wpb_column vc_column_container\"><div class=\"vc_column-inner\"><div class=\"wpb_wrapper\"><section class=\"l-section wpb_row guennerASP height_medium full_height valign_center with_img\"><div class=\"l-section-img\" role=\"img\" aria-label=\"Image\" data-img-width=\"2048\" data-img-height=\"1365\" style=\"background-image: url(https:\/\/guenner-immobilien.de\/wp-content\/uploads\/2024\/07\/guenner.jpg);background-position: center right;\"><\/div><div class=\"l-section-h i-cf\"><div class=\"g-cols vc_row via_flex valign_top type_default stacking_default\"><div class=\"vc_col-sm-6 wpb_column vc_column_container\"><div class=\"vc_column-inner\"><div class=\"wpb_wrapper\"><div class=\"wpb_text_column us_custom_c23a66ad\"><div class=\"wpb_wrapper\"><h2 class=\"gold\">VOUS AVONS-NOUS CONVAINCU ?<\/h2>\n<h2 class=\"goldSubline\">Prenez d\u00e8s maintenant un rendez-vous de consultation gratuit<\/h2>\n<\/div><\/div><div class=\"w-btn-wrapper align_none\"><a class=\"w-btn us-btn-style_1\" title=\"Entrer en contact!\" href=\"\/fr\/contact\/\"><span class=\"w-btn-label\">Fixer un rendez-vous de consultation<\/span><\/a><\/div><\/div><\/div><\/div><div class=\"vc_col-sm-6 wpb_column vc_column_container\"><div class=\"vc_column-inner\"><div class=\"wpb_wrapper\"><div class=\"w-grid type_grid layout_blog_1 hidden cols_2\" id=\"us_grid_1\" style=\"--columns:2;--gap:1.5rem;\"><style>@media (max-width:900px){#us_grid_1{--columns:1!important}}.layout_blog_1 .w-grid-item-h{}.layout_blog_1 .usg_post_image_1{margin-bottom:0.5rem!important}.layout_blog_1 .usg_post_title_1{font-size:1rem!important}<\/style><div class=\"w-grid-list\"><\/div><div class=\"w-grid-preloader\">\t<div class=\"g-preloader type_1\">\r\n\t\t<div><\/div>\r\n\t<\/div>\r\n\t<\/div>\t<div class=\"w-grid-json hidden\" onclick='return {&quot;action&quot;:&quot;us_ajax_grid&quot;,&quot;infinite_scroll&quot;:0,&quot;max_num_pages&quot;:0,&quot;pagination&quot;:&quot;none&quot;,&quot;template_vars&quot;:{&quot;columns&quot;:&quot;2&quot;,&quot;exclude_items&quot;:&quot;none&quot;,&quot;img_size&quot;:&quot;default&quot;,&quot;ignore_items_size&quot;:0,&quot;items_layout&quot;:&quot;blog_1&quot;,&quot;items_offset&quot;:&quot;1&quot;,&quot;load_animation&quot;:&quot;none&quot;,&quot;overriding_link&quot;:&quot;{\\&quot;url\\&quot;:\\&quot;\\&quot;}&quot;,&quot;post_id&quot;:1380,&quot;query_args&quot;:{&quot;posts_per_page&quot;:&quot;10&quot;},&quot;orderby_query_args&quot;:{&quot;orderby&quot;:{&quot;date&quot;:&quot;DESC&quot;}},&quot;type&quot;:&quot;grid&quot;,&quot;us_grid_post_type&quot;:&quot;ids_terms&quot;,&quot;us_grid_ajax_index&quot;:1,&quot;us_grid_filter_query_string&quot;:null,&quot;us_grid_index&quot;:1,&quot;page_args&quot;:[]}}'><\/div>\r\n\t<\/div><\/div><\/div><\/div><\/div><\/div><\/section>\n<\/div><\/div><\/div><\/div><\/div><\/section>","protected":false},"excerpt":{"rendered":"Zehlendorf Ihr Immobilienmakler f\u00fcr Zehlendorf \u2013 Rundum-Service aus einer Hand Wenn es um den Kauf oder Verkauf von Immobilien in Zehlendorf geht, sind wir Ihr kompetenter Ansprechpartner. Als erfahrene Immobilienmakler im Gro\u00dfraum Berlin kennen wir den Markt in Zehlendorf bis ins kleinste Detail. Unsere Kunden profitieren von einem umfassenden Service, der ihnen jeglichen Aufwand abnimmt:...","protected":false},"author":4,"featured_media":1687,"parent":1375,"menu_order":0,"comment_status":"closed","ping_status":"closed","template":"object-list.php","meta":{"footnotes":""},"class_list":["post-1682","page","type-page","status-publish","has-post-thumbnail","hentry"],"yoast_head":"<!-- This site is optimized with the Yoast SEO plugin v26.0 - https:\/\/yoast.com\/wordpress\/plugins\/seo\/ -->\n<title>Exklusive Immobilien im gr\u00fcnen S\u00fcdwesten Berlins | Guenner Immobilien<\/title>\n<meta name=\"description\" content=\"Erleben Sie h\u00f6chste Lebensqualit\u00e4t in Berlins begehrtem Villenviertel. Mit unserem Rundum-Service f\u00fcr Zehlendorf und lokaler Expertise verkaufen erfolgreich.\" \/>\n<meta name=\"robots\" content=\"index, follow, max-snippet:-1, max-image-preview:large, max-video-preview:-1\" \/>\n<link rel=\"canonical\" href=\"https:\/\/www.guenner-immobilien.de\/einzugsgebiete\/zehlendorf\" \/>\n<meta property=\"og:locale\" content=\"fr_FR\" \/>\n<meta property=\"og:type\" content=\"article\" \/>\n<meta property=\"og:title\" content=\"Exklusive Immobilien im gr\u00fcnen S\u00fcdwesten Berlins | Guenner Immobilien\" \/>\n<meta property=\"og:description\" content=\"Erleben Sie h\u00f6chste Lebensqualit\u00e4t in Berlins begehrtem Villenviertel. Mit unserem Rundum-Service f\u00fcr Zehlendorf und lokaler Expertise verkaufen erfolgreich.\" \/>\n<meta property=\"og:url\" content=\"https:\/\/www.guenner-immobilien.de\/einzugsgebiete\/zehlendorf\" \/>\n<meta property=\"og:site_name\" content=\"Guenner Immobilien\" \/>\n<meta property=\"article:modified_time\" content=\"2024-09-26T06:31:39+00:00\" \/>\n<meta property=\"og:image\" content=\"https:\/\/guenner-immobilien.de\/wp-content\/uploads\/2024\/09\/zehlendorf-wohnhaus.jpg\" \/>\n\t<meta property=\"og:image:width\" content=\"1203\" \/>\n\t<meta property=\"og:image:height\" content=\"872\" \/>\n\t<meta property=\"og:image:type\" content=\"image\/jpeg\" \/>\n<meta name=\"twitter:card\" content=\"summary_large_image\" \/>\n<meta name=\"twitter:label1\" content=\"Dur\u00e9e de lecture estim\u00e9e\" \/>\n\t<meta name=\"twitter:data1\" content=\"5 minutes\" \/>\n<script type=\"application\/ld+json\" class=\"yoast-schema-graph\">{\"@context\":\"https:\/\/schema.org\",\"@graph\":[{\"@type\":\"WebPage\",\"@id\":\"https:\/\/guenner-immobilien.de\/einzugsgebiete\/zehlendorf\/\",\"url\":\"https:\/\/www.guenner-immobilien.de\/einzugsgebiete\/zehlendorf\",\"name\":\"Exklusive Immobilien im gr\u00fcnen S\u00fcdwesten Berlins | Guenner Immobilien\",\"isPartOf\":{\"@id\":\"https:\/\/guenner-immobilien.de\/#website\"},\"primaryImageOfPage\":{\"@id\":\"https:\/\/www.guenner-immobilien.de\/einzugsgebiete\/zehlendorf#primaryimage\"},\"image\":{\"@id\":\"https:\/\/www.guenner-immobilien.de\/einzugsgebiete\/zehlendorf#primaryimage\"},\"thumbnailUrl\":\"https:\/\/guenner-immobilien.de\/wp-content\/uploads\/2024\/09\/zehlendorf-wohnhaus.jpg\",\"datePublished\":\"2024-09-26T06:20:47+00:00\",\"dateModified\":\"2024-09-26T06:31:39+00:00\",\"description\":\"Erleben Sie h\u00f6chste Lebensqualit\u00e4t in Berlins begehrtem Villenviertel. Mit unserem Rundum-Service f\u00fcr Zehlendorf und lokaler Expertise verkaufen erfolgreich.\",\"breadcrumb\":{\"@id\":\"https:\/\/www.guenner-immobilien.de\/einzugsgebiete\/zehlendorf#breadcrumb\"},\"inLanguage\":\"fr-FR\",\"potentialAction\":[{\"@type\":\"ReadAction\",\"target\":[\"https:\/\/www.guenner-immobilien.de\/einzugsgebiete\/zehlendorf\"]}]},{\"@type\":\"ImageObject\",\"inLanguage\":\"fr-FR\",\"@id\":\"https:\/\/www.guenner-immobilien.de\/einzugsgebiete\/zehlendorf#primaryimage\",\"url\":\"https:\/\/guenner-immobilien.de\/wp-content\/uploads\/2024\/09\/zehlendorf-wohnhaus.jpg\",\"contentUrl\":\"https:\/\/guenner-immobilien.de\/wp-content\/uploads\/2024\/09\/zehlendorf-wohnhaus.jpg\",\"width\":1203,\"height\":872,\"caption\":\"Egal ob Villa oder Eigentumswohnung - wir sorgen f\u00fcr Ihren Wohntraum in Berlin!\"},{\"@type\":\"BreadcrumbList\",\"@id\":\"https:\/\/www.guenner-immobilien.de\/einzugsgebiete\/zehlendorf#breadcrumb\",\"itemListElement\":[{\"@type\":\"ListItem\",\"position\":1,\"name\":\"Startseite\",\"item\":\"https:\/\/guenner-immobilien.de\/\"},{\"@type\":\"ListItem\",\"position\":2,\"name\":\"Einzugsgebiete\",\"item\":\"https:\/\/guenner-immobilien.de\/einzugsgebiete\/\"},{\"@type\":\"ListItem\",\"position\":3,\"name\":\"Zehlendorf\"}]},{\"@type\":\"WebSite\",\"@id\":\"https:\/\/guenner-immobilien.de\/#website\",\"url\":\"https:\/\/guenner-immobilien.de\/\",\"name\":\"Guenner Immobilien\",\"description\":\"Immobilienmakler und Immobilien in Berlin und Umgebung\",\"potentialAction\":[{\"@type\":\"SearchAction\",\"target\":{\"@type\":\"EntryPoint\",\"urlTemplate\":\"https:\/\/guenner-immobilien.de\/?s={search_term_string}\"},\"query-input\":{\"@type\":\"PropertyValueSpecification\",\"valueRequired\":true,\"valueName\":\"search_term_string\"}}],\"inLanguage\":\"fr-FR\"}]}<\/script>\n<!-- \/ Yoast SEO plugin. -->","yoast_head_json":{"title":"Propri\u00e9t\u00e9s exclusives dans le sud-ouest vert de Berlin | Guenner Immobilier","description":"D\u00e9couvrez la plus haute qualit\u00e9 de vie dans le quartier r\u00e9sidentiel recherch\u00e9 de Berlin. Vendez avec succ\u00e8s gr\u00e2ce \u00e0 notre service complet pour Zehlendorf et \u00e0 notre expertise locale.","robots":{"index":"index","follow":"follow","max-snippet":"max-snippet:-1","max-image-preview":"max-image-preview:large","max-video-preview":"max-video-preview:-1"},"canonical":"https:\/\/www.guenner-immobilien.de\/einzugsgebiete\/zehlendorf","og_locale":"fr_FR","og_type":"article","og_title":"Exklusive Immobilien im gr\u00fcnen S\u00fcdwesten Berlins | Guenner Immobilien","og_description":"Erleben Sie h\u00f6chste Lebensqualit\u00e4t in Berlins begehrtem Villenviertel. Mit unserem Rundum-Service f\u00fcr Zehlendorf und lokaler Expertise verkaufen erfolgreich.","og_url":"https:\/\/www.guenner-immobilien.de\/einzugsgebiete\/zehlendorf","og_site_name":"Guenner Immobilien","article_modified_time":"2024-09-26T06:31:39+00:00","og_image":[{"width":1203,"height":872,"url":"https:\/\/guenner-immobilien.de\/wp-content\/uploads\/2024\/09\/zehlendorf-wohnhaus.jpg","type":"image\/jpeg"}],"twitter_card":"summary_large_image","twitter_misc":{"Dur\u00e9e de lecture estim\u00e9e":"5 minutes"},"schema":{"@context":"https:\/\/schema.org","@graph":[{"@type":"WebPage","@id":"https:\/\/guenner-immobilien.de\/einzugsgebiete\/zehlendorf\/","url":"https:\/\/www.guenner-immobilien.de\/einzugsgebiete\/zehlendorf","name":"Propri\u00e9t\u00e9s exclusives dans le sud-ouest vert de Berlin | Guenner Immobilier","isPartOf":{"@id":"https:\/\/guenner-immobilien.de\/#website"},"primaryImageOfPage":{"@id":"https:\/\/www.guenner-immobilien.de\/einzugsgebiete\/zehlendorf#primaryimage"},"image":{"@id":"https:\/\/www.guenner-immobilien.de\/einzugsgebiete\/zehlendorf#primaryimage"},"thumbnailUrl":"https:\/\/guenner-immobilien.de\/wp-content\/uploads\/2024\/09\/zehlendorf-wohnhaus.jpg","datePublished":"2024-09-26T06:20:47+00:00","dateModified":"2024-09-26T06:31:39+00:00","description":"D\u00e9couvrez la plus haute qualit\u00e9 de vie dans le quartier r\u00e9sidentiel recherch\u00e9 de Berlin. Vendez avec succ\u00e8s gr\u00e2ce \u00e0 notre service complet pour Zehlendorf et \u00e0 notre expertise locale.","breadcrumb":{"@id":"https:\/\/www.guenner-immobilien.de\/einzugsgebiete\/zehlendorf#breadcrumb"},"inLanguage":"fr-FR","potentialAction":[{"@type":"ReadAction","target":["https:\/\/www.guenner-immobilien.de\/einzugsgebiete\/zehlendorf"]}]},{"@type":"ImageObject","inLanguage":"fr-FR","@id":"https:\/\/www.guenner-immobilien.de\/einzugsgebiete\/zehlendorf#primaryimage","url":"https:\/\/guenner-immobilien.de\/wp-content\/uploads\/2024\/09\/zehlendorf-wohnhaus.jpg","contentUrl":"https:\/\/guenner-immobilien.de\/wp-content\/uploads\/2024\/09\/zehlendorf-wohnhaus.jpg","width":1203,"height":872,"caption":"Egal ob Villa oder Eigentumswohnung - wir sorgen f\u00fcr Ihren Wohntraum in Berlin!"},{"@type":"BreadcrumbList","@id":"https:\/\/www.guenner-immobilien.de\/einzugsgebiete\/zehlendorf#breadcrumb","itemListElement":[{"@type":"ListItem","position":1,"name":"Startseite","item":"https:\/\/guenner-immobilien.de\/"},{"@type":"ListItem","position":2,"name":"Einzugsgebiete","item":"https:\/\/guenner-immobilien.de\/einzugsgebiete\/"},{"@type":"ListItem","position":3,"name":"Zehlendorf"}]},{"@type":"WebSite","@id":"https:\/\/guenner-immobilien.de\/#website","url":"https:\/\/guenner-immobilien.de\/","name":"Guenner Immobilier","description":"Agents immobiliers et biens immobiliers \u00e0 Berlin et ses environs","potentialAction":[{"@type":"SearchAction","target":{"@type":"EntryPoint","urlTemplate":"https:\/\/guenner-immobilien.de\/?s={search_term_string}"},"query-input":{"@type":"PropertyValueSpecification","valueRequired":true,"valueName":"search_term_string"}}],"inLanguage":"fr-FR"}]}},"_links":{"self":[{"href":"https:\/\/guenner-immobilien.de\/fr\/wp-json\/wp\/v2\/pages\/1682","targetHints":{"allow":["GET"]}}],"collection":[{"href":"https:\/\/guenner-immobilien.de\/fr\/wp-json\/wp\/v2\/pages"}],"about":[{"href":"https:\/\/guenner-immobilien.de\/fr\/wp-json\/wp\/v2\/types\/page"}],"author":[{"embeddable":true,"href":"https:\/\/guenner-immobilien.de\/fr\/wp-json\/wp\/v2\/users\/4"}],"replies":[{"embeddable":true,"href":"https:\/\/guenner-immobilien.de\/fr\/wp-json\/wp\/v2\/comments?post=1682"}],"version-history":[{"count":13,"href":"https:\/\/guenner-immobilien.de\/fr\/wp-json\/wp\/v2\/pages\/1682\/revisions"}],"predecessor-version":[{"id":1698,"href":"https:\/\/guenner-immobilien.de\/fr\/wp-json\/wp\/v2\/pages\/1682\/revisions\/1698"}],"up":[{"embeddable":true,"href":"https:\/\/guenner-immobilien.de\/fr\/wp-json\/wp\/v2\/pages\/1375"}],"wp:featuredmedia":[{"embeddable":true,"href":"https:\/\/guenner-immobilien.de\/fr\/wp-json\/wp\/v2\/media\/1687"}],"wp:attachment":[{"href":"https:\/\/guenner-immobilien.de\/fr\/wp-json\/wp\/v2\/media?parent=1682"}],"curies":[{"name":"wp","href":"https:\/\/api.w.org\/{rel}","templated":true}]}}