{"id":1740,"date":"2024-09-27T18:53:23","date_gmt":"2024-09-27T18:53:23","guid":{"rendered":"https:\/\/guenner-immobilien.de\/?page_id=1740"},"modified":"2024-09-27T18:56:56","modified_gmt":"2024-09-27T18:56:56","slug":"grunewald","status":"publish","type":"page","link":"https:\/\/guenner-immobilien.de\/fr\/zones-de-chalandise\/grunewald\/","title":{"rendered":"Grunewald"},"content":{"rendered":"<section class=\"l-section wpb_row us_custom_989ac7e7 height_auto width_full\" id=\"bannerSubpage\"><div class=\"l-section-h i-cf\"><div class=\"g-cols vc_row via_flex valign_top type_default stacking_default\"><div class=\"vc_col-sm-12 wpb_column vc_column_container\"><div class=\"vc_column-inner\"><div class=\"wpb_wrapper\">\n\t<div class=\"wpb_raw_code wpb_raw_html wpb_content_element us_custom_909b2fd0\" >\n\t\t<div class=\"wpb_wrapper\">\n\t\t\t<div class=\"HeadlineWapper\"><h1><span>Grunewald<\/span><\/h1><\/div>\n\t\t<\/div>\n\t<\/div>\n<\/div><\/div><\/div><\/div><\/div><\/section><section class=\"l-section wpb_row height_medium\"><div class=\"l-section-h i-cf\"><div class=\"g-cols vc_row via_flex valign_top type_default stacking_default\"><div class=\"vc_col-sm-8 wpb_column vc_column_container\"><div class=\"vc_column-inner\"><div class=\"wpb_wrapper\"><div class=\"wpb_text_column\"><div class=\"wpb_wrapper\"><h2>Votre agent immobilier pour Berlin-Grunewald : un service complet et sans souci pour votre propri\u00e9t\u00e9<\/h2>\n<p>Berlin-Grunewald est l&#039;un des quartiers r\u00e9sidentiels les plus recherch\u00e9s de la capitale. Des villas exclusives, des avenues vertes et la proximit\u00e9 du lac Grunewald rendent ce quartier unique. En tant qu&#039;agents immobiliers exp\u00e9riment\u00e9s dans la r\u00e9gion, nous savons que les propri\u00e9taires d&#039;ici sont les plus exigeants en mati\u00e8re de soin de leur propri\u00e9t\u00e9. Notre promesse : un forfait complet et sans souci qui vous lib\u00e8re de tous les tracas.<\/p>\n<p>De l&#039;\u00e9valuation professionnelle de votre bien \u00e0 la commercialisation en passant par la coordination de tous les rendez-vous, il vous suffit de signer et de vous pr\u00e9senter aux rendez-vous chez le notaire. Nous nous occuperons de tout le reste pour vous. Vous pouvez donc vous asseoir et vous d\u00e9tendre pendant que nous n\u00e9gocions avec succ\u00e8s votre propri\u00e9t\u00e9.<\/p>\n<\/div><\/div><\/div><\/div><\/div><div class=\"vc_col-sm-4 wpb_column vc_column_container\"><div class=\"vc_column-inner\"><div class=\"wpb_wrapper\"><div class=\"w-image align_none\"><div class=\"w-image-h\"><img decoding=\"async\" width=\"629\" height=\"629\" src=\"https:\/\/guenner-immobilien.de\/wp-content\/uploads\/2024\/09\/home_reg_experte_h.cf421dc5.jpg\" class=\"attachment-large size-large\" alt=\"Portrait de David Gunner\" loading=\"lazy\" srcset=\"https:\/\/guenner-immobilien.de\/wp-content\/uploads\/2024\/09\/home_reg_experte_h.cf421dc5.jpg 629w, https:\/\/guenner-immobilien.de\/wp-content\/uploads\/2024\/09\/home_reg_experte_h.cf421dc5-300x300.jpg 300w, https:\/\/guenner-immobilien.de\/wp-content\/uploads\/2024\/09\/home_reg_experte_h.cf421dc5-150x150.jpg 150w, https:\/\/guenner-immobilien.de\/wp-content\/uploads\/2024\/09\/home_reg_experte_h.cf421dc5-600x600.jpg 600w\" sizes=\"auto, (max-width: 629px) 100vw, 629px\" \/><\/div><\/div><\/div><\/div><\/div><\/div><\/div><\/section><section class=\"l-section wpb_row us_custom_08af5949 height_medium\"><div class=\"l-section-h i-cf\"><div class=\"g-cols vc_row via_flex valign_top type_default stacking_default\"><div class=\"vc_col-sm-12 wpb_column vc_column_container\"><div class=\"vc_column-inner\"><div class=\"wpb_wrapper\"><div class=\"wpb_text_column\"><div class=\"wpb_wrapper\"><h2>De bonnes raisons pour un bien immobilier \u00e0 Berlin-Grunewald<\/h2>\n<p>Berlin-Grunewald est plus qu&#039;un simple quartier, c&#039;est une attitude face \u00e0 la vie. Ce quartier r\u00e9sidentiel exclusif est l&#039;un des quartiers les plus riches de Berlin et offre un environnement calme et verdoyant, id\u00e9al pour les familles et les acheteurs exigeants. La d\u00e9tente naturelle ici est incomparable ; Le Grunewaldsee \u00e0 proximit\u00e9 et de nombreux parcs vous invitent \u00e0 des promenades relaxantes et \u00e0 de nombreuses activit\u00e9s de loisirs.<\/p>\n<p>Qu&#039;il s&#039;agisse d&#039;\u00e9l\u00e9gantes villas ou d&#039;appartements modernes, vous trouverez une vari\u00e9t\u00e9 d&#039;offres immobili\u00e8res \u00e0 Grunewald. <a title=\"D\u00e9couvrez toutes les offres immobili\u00e8res \u00e0 Grunewald\" href=\"\/fr\/toutes-les-proprietes\/\">Ici vous trouverez la propri\u00e9t\u00e9 de vos r\u00eaves<\/a>. Le quartier offre \u00e9galement une diversit\u00e9 culturelle avec de nombreux mus\u00e9es, galeries et \u00e9v\u00e9nements qui enrichissent la vie ici. L&#039;excellente connexion avec le centre-ville de Berlin et l&#039;autoroute fait \u00e9galement de Grunewald un endroit id\u00e9al pour les navetteurs et les voyageurs d&#039;affaires.<\/p>\n<p>La qualit\u00e9 de vie \u00e9lev\u00e9e, caract\u00e9ris\u00e9e par des \u00e9coles de premier ordre, des soins m\u00e9dicaux et de nombreuses possibilit\u00e9s de loisirs, fait de Grunewald un lieu de vie de premier ordre. Convainquez-vous des avantages de cet emplacement unique. Visitez \u00e9galement le n\u00f4tre <a title=\"Nos r\u00e9f\u00e9rences et clients satisfaits\" href=\"\/fr\/references\/\">R\u00e9f\u00e9rences<\/a>pour voir comment nous avons aid\u00e9 d&#039;autres personnes \u00e0 trouver la maison de leurs r\u00eaves. Notre d\u00e9di\u00e9 <a title=\"Apprenez \u00e0 conna\u00eetre notre \u00e9quipe\" href=\"\/fr\/a-propos-de-nous\/\">\u00e9quipe<\/a> est toujours disponible pour r\u00e9pondre \u00e0 vos souhaits.<\/p>\n<p>Vous envisagez le Kauf ou le Verkauf d&#039;une propri\u00e9t\u00e9 \u00e0 Grunewald ? Laissez-nous vous aider\u00a0! Demandez-en un <a title=\"Faites estimer votre bien\" href=\"\/fr\/evaluer-la-propriete\/\">Valorisation de votre bien<\/a> ou cr\u00e9ez-en un <a title=\"Cr\u00e9ez votre profil de recherche individuel\" href=\"\/fr\/creer-un-profil-de-recherche\/\">Rechercher un profil<\/a>pour trouver la propri\u00e9t\u00e9 de vos r\u00eaves. Si vous avez des questions, vous pouvez nous contacter \u00e0 tout moment via notre <a title=\"Contactez-nous pour plus d&#039;informations\" href=\"\/fr\/contact\/\">Page de contact<\/a> atteindre.<\/p>\n<\/div><\/div><\/div><\/div><\/div><\/div><\/div><\/section><section class=\"l-section wpb_row us_custom_c70c97eb contentBorder height_medium\"><div class=\"l-section-h i-cf\"><div class=\"g-cols vc_row via_flex valign_top type_default stacking_default\"><div class=\"vc_col-sm-12 wpb_column vc_column_container\"><div class=\"vc_column-inner\"><div class=\"wpb_wrapper\">\n\t<div class=\"wpb_raw_code wpb_raw_html wpb_content_element us_custom_909b2fd0\" >\n\t\t<div class=\"wpb_wrapper\">\n\t\t\t<script src=\"https:\/\/static.elfsight.com\/platform\/platform.js\" data-use-service-core defer><\/script>\n<div class=\"elfsight-app-4affd119-c130-4a1d-824e-4b06cd228cf0\" data-elfsight-app-lazy><\/div>\n\t\t<\/div>\n\t<\/div>\n<\/div><\/div><\/div><\/div><\/div><\/section><section class=\"l-section wpb_row us_custom_08af5949 height_medium\"><div class=\"l-section-h i-cf\"><div class=\"g-cols vc_row via_flex valign_top type_default stacking_default\"><div class=\"vc_col-sm-12 wpb_column vc_column_container\"><div class=\"vc_column-inner\"><div class=\"wpb_wrapper\"><div class=\"wpb_text_column\"><div class=\"wpb_wrapper\"><h2>Pourquoi l\u2019immobilier \u00e0 Berlin et surtout \u00e0 Grunewald est-il si populaire ?<\/h2>\n<p>Berlin n&#039;est pas seulement la capitale dynamique de l&#039;Allemagne, mais aussi un p\u00f4le d&#039;attraction pour les investisseurs, les familles et les amateurs de culture. La ville allie un m\u00e9lange unique d\u2019histoire, de modernit\u00e9 et de diversit\u00e9 culturelle, ce qui en fait un lieu de vie attractif. La demande constante de surfaces habitables et la population croissante font que l&#039;immobilier \u00e0 Berlin est consid\u00e9r\u00e9 comme un investissement stable.<\/p>\n<p>Cette popularit\u00e9 est particuli\u00e8rement \u00e9vidente \u00e0 Grunewald. Ce quartier se caract\u00e9rise par sa situation r\u00e9sidentielle exclusive, ses propri\u00e9t\u00e9s spacieuses et son environnement calme et naturel. La combinaison de villas luxueuses et de concepts de vie modernes attire des acheteurs exigeants qui appr\u00e9cient la qualit\u00e9 de vie et l&#039;intimit\u00e9. La proximit\u00e9 de la nature, notamment du lac Grunewald et de nombreux parcs, offre non seulement de la d\u00e9tente mais aussi une qualit\u00e9 de vie \u00e9lev\u00e9e.<\/p>\n<p>Une autre raison de la popularit\u00e9 de l&#039;immobilier \u00e0 Grunewald est l&#039;excellente connexion au r\u00e9seau de transport berlinois. L&#039;accessibilit\u00e9 facile au centre-ville, associ\u00e9e \u00e0 l&#039;atmosph\u00e8re r\u00e9sidentielle calme, rend le quartier particuli\u00e8rement attractif pour les navetteurs. De plus, les \u00e9coles et les \u00e9tablissements de soins m\u00e9dicaux sont de grande qualit\u00e9, ce qui fait de Grunewald un endroit id\u00e9al pour les familles.<\/p>\n<p>La demande immobili\u00e8re \u00e0 Grunewald reste stable, ce qui est d\u00fb non seulement \u00e0 l&#039;emplacement de premier ordre, mais aussi au d\u00e9veloppement constant du quartier. Les investisseurs appr\u00e9cient le potentiel d&#039;appr\u00e9ciation dans ce domaine, ce qui accro\u00eet encore l&#039;attractivit\u00e9 de Grunewald en tant que lieu de vie. En bref, l&#039;immobilier \u00e0 Berlin et surtout \u00e0 Grunewald offre un m\u00e9lange parfait de luxe, de qualit\u00e9 de vie et de stabilit\u00e9 de valeur.<\/p>\n<\/div><\/div><\/div><\/div><\/div><\/div><\/div><\/section><section class=\"l-section wpb_row contentBorder height_medium\"><div class=\"l-section-h i-cf\"><div class=\"g-cols vc_row via_flex valign_top type_default stacking_default\"><div class=\"vc_col-sm-6 wpb_column vc_column_container\"><div class=\"vc_column-inner\"><div class=\"wpb_wrapper\"><div class=\"wpb_text_column\"><div class=\"wpb_wrapper\"><h2 class=\"gold\">Grunewald en chiffres<\/h2>\n<h2 class=\"goldSubline\">Ce qui d\u00e9finit Grunewald<\/h2>\n<\/div><\/div><\/div><\/div><\/div><div class=\"vc_col-sm-6 wpb_column vc_column_container\"><div class=\"vc_column-inner\"><div class=\"wpb_wrapper\"><div class=\"wpb_text_column\"><div class=\"wpb_wrapper\"><ul>\n<li>11213 habitants<\/li>\n<li>22,33 km\u00b2<\/li>\n<li>Villes environnantes : Dahlem, Zehlendorf, Wannsee<\/li>\n<\/ul>\n<\/div><\/div><\/div><\/div><\/div><\/div><\/div><\/section><section class=\"l-section wpb_row us_custom_08af5949 height_medium\"><div class=\"l-section-h i-cf\"><div class=\"g-cols vc_row via_flex valign_top type_default stacking_default\"><div class=\"vc_col-sm-12 wpb_column vc_column_container\"><div class=\"vc_column-inner\"><div class=\"wpb_wrapper\"><div class=\"wpb_text_column\"><div class=\"wpb_wrapper\"><h2>Pourquoi faire appel \u00e0 un agent pour g\u00e9rer votre propri\u00e9t\u00e9 ?<\/h2>\n<p>L&#039;achat d&#039;une propri\u00e9t\u00e9 est souvent l&#039;une des d\u00e9cisions les plus importantes de la vie, et un accompagnement appropri\u00e9 peut faire la diff\u00e9rence entre un processus sans stress et un d\u00e9fi qui prend du temps. Un agent immobilier exp\u00e9riment\u00e9 apporte non seulement une connaissance approfondie du march\u00e9, mais \u00e9galement de pr\u00e9cieux contacts qui peuvent grandement faciliter le processus de vente.<\/p>\n<p>Un agent immobilier conna\u00eet les conditions locales et peut r\u00e9aliser une \u00e9valuation boursi\u00e8re pr\u00e9cise afin de d\u00e9terminer le prix optimal pour votre bien. De plus, il assure une pr\u00e9sentation professionnelle de votre bien \u00e0 travers des photos de qualit\u00e9 et des descriptions attractives qui attirent les acheteurs potentiels. La commercialisation s&#039;effectue via de nombreux canaux, ce qui augmente consid\u00e9rablement la port\u00e9e et la visibilit\u00e9 de votre propri\u00e9t\u00e9.<\/p>\n<p>Un autre avantage d\u2019un courtier est l\u2019all\u00e9gement des t\u00e2ches administratives. De la cr\u00e9ation de l&#039;expos\u00e9 \u00e0 l&#039;organisation des rendez-vous de visite en passant par la n\u00e9gociation avec les parties int\u00e9ress\u00e9es, un courtier s&#039;occupe de tous les d\u00e9tails. Cela signifie que vous pouvez vous concentrer sur des choses plus importantes pendant que votre courtier m\u00e8ne les n\u00e9gociations et garde un \u0153il sur tous les aspects juridiques.<\/p>\n<p>En fin de compte, un courtier vous offre la s\u00e9curit\u00e9 que toutes les exigences et formalit\u00e9s l\u00e9gales sont correctement respect\u00e9es. Cela vous prot\u00e8ge des probl\u00e8mes potentiels et garantit un processus Verkauf fluide. En bref, embaucher un courtier est une d\u00e9cision judicieuse qui non seulement vous fait gagner du temps et vous \u00e9vite du stress, mais peut \u00e9galement conduire \u00e0 une meilleure affaire.<\/p>\n<\/div><\/div><\/div><\/div><\/div><\/div><\/div><\/section><section class=\"l-section wpb_row contentBorder height_auto width_full\"><div class=\"l-section-h i-cf\"><div class=\"g-cols vc_row via_flex valign_top type_default stacking_default\"><div class=\"vc_col-sm-12 wpb_column vc_column_container\"><div class=\"vc_column-inner\"><div class=\"wpb_wrapper\"><section class=\"l-section wpb_row guennerASP height_medium full_height valign_center with_img\"><div class=\"l-section-img\" role=\"img\" aria-label=\"Image\" data-img-width=\"2048\" data-img-height=\"1365\" style=\"background-image: url(https:\/\/guenner-immobilien.de\/wp-content\/uploads\/2024\/07\/guenner.jpg);background-position: center right;\"><\/div><div class=\"l-section-h i-cf\"><div class=\"g-cols vc_row via_flex valign_top type_default stacking_default\"><div class=\"vc_col-sm-6 wpb_column vc_column_container\"><div class=\"vc_column-inner\"><div class=\"wpb_wrapper\"><div class=\"wpb_text_column us_custom_c23a66ad\"><div class=\"wpb_wrapper\"><h2 class=\"gold\">VOUS AVONS-NOUS CONVAINCU ?<\/h2>\n<h2 class=\"goldSubline\">Prenez d\u00e8s maintenant un rendez-vous de consultation gratuit<\/h2>\n<\/div><\/div><div class=\"w-btn-wrapper align_none\"><a class=\"w-btn us-btn-style_1\" title=\"Entrer en contact!\" href=\"\/fr\/contact\/\"><span class=\"w-btn-label\">Fixer un rendez-vous de consultation<\/span><\/a><\/div><\/div><\/div><\/div><div class=\"vc_col-sm-6 wpb_column vc_column_container\"><div class=\"vc_column-inner\"><div class=\"wpb_wrapper\"><div class=\"w-grid type_grid layout_blog_1 hidden cols_2\" id=\"us_grid_1\" style=\"--columns:2;--gap:1.5rem;\"><style>@media (max-width:900px){#us_grid_1{--columns:1!important}}.layout_blog_1 .w-grid-item-h{}.layout_blog_1 .usg_post_image_1{margin-bottom:0.5rem!important}.layout_blog_1 .usg_post_title_1{font-size:1rem!important}<\/style><div class=\"w-grid-list\"><\/div><div class=\"w-grid-preloader\">\t<div class=\"g-preloader type_1\">\r\n\t\t<div><\/div>\r\n\t<\/div>\r\n\t<\/div>\t<div class=\"w-grid-json hidden\" onclick='return {&quot;action&quot;:&quot;us_ajax_grid&quot;,&quot;infinite_scroll&quot;:0,&quot;max_num_pages&quot;:0,&quot;pagination&quot;:&quot;none&quot;,&quot;template_vars&quot;:{&quot;columns&quot;:&quot;2&quot;,&quot;exclude_items&quot;:&quot;none&quot;,&quot;img_size&quot;:&quot;default&quot;,&quot;ignore_items_size&quot;:0,&quot;items_layout&quot;:&quot;blog_1&quot;,&quot;items_offset&quot;:&quot;1&quot;,&quot;load_animation&quot;:&quot;none&quot;,&quot;overriding_link&quot;:&quot;{\\&quot;url\\&quot;:\\&quot;\\&quot;}&quot;,&quot;post_id&quot;:1380,&quot;query_args&quot;:{&quot;posts_per_page&quot;:&quot;10&quot;},&quot;orderby_query_args&quot;:{&quot;orderby&quot;:{&quot;date&quot;:&quot;DESC&quot;}},&quot;type&quot;:&quot;grid&quot;,&quot;us_grid_post_type&quot;:&quot;ids_terms&quot;,&quot;us_grid_ajax_index&quot;:1,&quot;us_grid_filter_query_string&quot;:null,&quot;us_grid_index&quot;:1,&quot;page_args&quot;:[]}}'><\/div>\r\n\t<\/div><\/div><\/div><\/div><\/div><\/div><\/section>\n<\/div><\/div><\/div><\/div><\/div><\/section>","protected":false},"excerpt":{"rendered":"Grunewald Ihr Immobilienmakler f\u00fcr Berlin-Grunewald: Rundum-Sorglos-Service f\u00fcr Ihre Immobilie Berlin-Grunewald ist eine der begehrtesten Wohnlagen der Hauptstadt. Exklusive Villen, gr\u00fcne Alleen und die N\u00e4he zum Grunewaldsee machen diesen Stadtteil einzigartig. Als erfahrene Immobilienmakler f\u00fcr die Region wissen wir, dass Eigent\u00fcmer hier h\u00f6chste Anspr\u00fcche an die Betreuung ihrer Immobilie haben. Unser Versprechen: Ein Rundum-Sorglos-Paket, das Ihnen...","protected":false},"author":4,"featured_media":1743,"parent":1375,"menu_order":0,"comment_status":"closed","ping_status":"closed","template":"object-list.php","meta":{"footnotes":""},"class_list":["post-1740","page","type-page","status-publish","has-post-thumbnail","hentry"],"yoast_head":"<!-- This site is optimized with the Yoast SEO plugin v26.0 - https:\/\/yoast.com\/wordpress\/plugins\/seo\/ -->\n<title>Makler in Berlin-Grunewald: Zuverl\u00e4ssiger Service | Guenner Immobilien<\/title>\n<meta name=\"description\" content=\"Entdecken Sie die begehrten Immobilien in Grunewald. Erfahren Sie, warum dieser Stadtteil so beliebt ist. Lassen Sie sich von unserem erfahrenen Team beraten.\" \/>\n<meta name=\"robots\" content=\"index, follow, max-snippet:-1, max-image-preview:large, max-video-preview:-1\" \/>\n<link rel=\"canonical\" href=\"https:\/\/www.guenner-immobilien.de\/einzugsgebiete\/grunewald\" \/>\n<meta property=\"og:locale\" content=\"fr_FR\" \/>\n<meta property=\"og:type\" content=\"article\" \/>\n<meta property=\"og:title\" content=\"Makler in Berlin-Grunewald: Zuverl\u00e4ssiger Service | Guenner Immobilien\" \/>\n<meta property=\"og:description\" content=\"Entdecken Sie die begehrten Immobilien in Grunewald. Erfahren Sie, warum dieser Stadtteil so beliebt ist. Lassen Sie sich von unserem erfahrenen Team beraten.\" \/>\n<meta property=\"og:url\" content=\"https:\/\/www.guenner-immobilien.de\/einzugsgebiete\/grunewald\" \/>\n<meta property=\"og:site_name\" content=\"Guenner Immobilien\" \/>\n<meta property=\"article:modified_time\" content=\"2024-09-27T18:56:56+00:00\" \/>\n<meta property=\"og:image\" content=\"https:\/\/guenner-immobilien.de\/wp-content\/uploads\/2024\/09\/grunewald.jpg\" \/>\n\t<meta property=\"og:image:width\" content=\"1349\" \/>\n\t<meta property=\"og:image:height\" content=\"777\" \/>\n\t<meta property=\"og:image:type\" content=\"image\/jpeg\" \/>\n<meta name=\"twitter:card\" content=\"summary_large_image\" \/>\n<meta name=\"twitter:label1\" content=\"Dur\u00e9e de lecture estim\u00e9e\" \/>\n\t<meta name=\"twitter:data1\" content=\"5 minutes\" \/>\n<script type=\"application\/ld+json\" class=\"yoast-schema-graph\">{\"@context\":\"https:\/\/schema.org\",\"@graph\":[{\"@type\":\"WebPage\",\"@id\":\"https:\/\/guenner-immobilien.de\/einzugsgebiete\/grunewald\/\",\"url\":\"https:\/\/www.guenner-immobilien.de\/einzugsgebiete\/grunewald\",\"name\":\"Makler in Berlin-Grunewald: Zuverl\u00e4ssiger Service | Guenner Immobilien\",\"isPartOf\":{\"@id\":\"https:\/\/guenner-immobilien.de\/#website\"},\"primaryImageOfPage\":{\"@id\":\"https:\/\/www.guenner-immobilien.de\/einzugsgebiete\/grunewald#primaryimage\"},\"image\":{\"@id\":\"https:\/\/www.guenner-immobilien.de\/einzugsgebiete\/grunewald#primaryimage\"},\"thumbnailUrl\":\"https:\/\/guenner-immobilien.de\/wp-content\/uploads\/2024\/09\/grunewald.jpg\",\"datePublished\":\"2024-09-27T18:53:23+00:00\",\"dateModified\":\"2024-09-27T18:56:56+00:00\",\"description\":\"Entdecken Sie die begehrten Immobilien in Grunewald. Erfahren Sie, warum dieser Stadtteil so beliebt ist. Lassen Sie sich von unserem erfahrenen Team beraten.\",\"breadcrumb\":{\"@id\":\"https:\/\/www.guenner-immobilien.de\/einzugsgebiete\/grunewald#breadcrumb\"},\"inLanguage\":\"fr-FR\",\"potentialAction\":[{\"@type\":\"ReadAction\",\"target\":[\"https:\/\/www.guenner-immobilien.de\/einzugsgebiete\/grunewald\"]}]},{\"@type\":\"ImageObject\",\"inLanguage\":\"fr-FR\",\"@id\":\"https:\/\/www.guenner-immobilien.de\/einzugsgebiete\/grunewald#primaryimage\",\"url\":\"https:\/\/guenner-immobilien.de\/wp-content\/uploads\/2024\/09\/grunewald.jpg\",\"contentUrl\":\"https:\/\/guenner-immobilien.de\/wp-content\/uploads\/2024\/09\/grunewald.jpg\",\"width\":1349,\"height\":777,\"caption\":\"Wir beraten Sie umf\u00e4nglich um Ihr Immobiliengesch\u00e4ft in Berlin!\"},{\"@type\":\"BreadcrumbList\",\"@id\":\"https:\/\/www.guenner-immobilien.de\/einzugsgebiete\/grunewald#breadcrumb\",\"itemListElement\":[{\"@type\":\"ListItem\",\"position\":1,\"name\":\"Startseite\",\"item\":\"https:\/\/guenner-immobilien.de\/\"},{\"@type\":\"ListItem\",\"position\":2,\"name\":\"Einzugsgebiete\",\"item\":\"https:\/\/guenner-immobilien.de\/einzugsgebiete\/\"},{\"@type\":\"ListItem\",\"position\":3,\"name\":\"Grunewald\"}]},{\"@type\":\"WebSite\",\"@id\":\"https:\/\/guenner-immobilien.de\/#website\",\"url\":\"https:\/\/guenner-immobilien.de\/\",\"name\":\"Guenner Immobilien\",\"description\":\"Immobilienmakler und Immobilien in Berlin und Umgebung\",\"potentialAction\":[{\"@type\":\"SearchAction\",\"target\":{\"@type\":\"EntryPoint\",\"urlTemplate\":\"https:\/\/guenner-immobilien.de\/?s={search_term_string}\"},\"query-input\":{\"@type\":\"PropertyValueSpecification\",\"valueRequired\":true,\"valueName\":\"search_term_string\"}}],\"inLanguage\":\"fr-FR\"}]}<\/script>\n<!-- \/ Yoast SEO plugin. -->","yoast_head_json":{"title":"Agents immobiliers \u00e0 Berlin-Grunewald : service fiable | Guenner Immobilier","description":"D\u00e9couvrez les biens immobiliers recherch\u00e9s \u00e0 Grunewald. D\u00e9couvrez pourquoi ce quartier est si populaire. Laissez-vous conseiller par notre \u00e9quipe exp\u00e9riment\u00e9e.","robots":{"index":"index","follow":"follow","max-snippet":"max-snippet:-1","max-image-preview":"max-image-preview:large","max-video-preview":"max-video-preview:-1"},"canonical":"https:\/\/www.guenner-immobilien.de\/einzugsgebiete\/grunewald","og_locale":"fr_FR","og_type":"article","og_title":"Makler in Berlin-Grunewald: Zuverl\u00e4ssiger Service | Guenner Immobilien","og_description":"Entdecken Sie die begehrten Immobilien in Grunewald. Erfahren Sie, warum dieser Stadtteil so beliebt ist. Lassen Sie sich von unserem erfahrenen Team beraten.","og_url":"https:\/\/www.guenner-immobilien.de\/einzugsgebiete\/grunewald","og_site_name":"Guenner Immobilien","article_modified_time":"2024-09-27T18:56:56+00:00","og_image":[{"width":1349,"height":777,"url":"https:\/\/guenner-immobilien.de\/wp-content\/uploads\/2024\/09\/grunewald.jpg","type":"image\/jpeg"}],"twitter_card":"summary_large_image","twitter_misc":{"Dur\u00e9e de lecture estim\u00e9e":"5 minutes"},"schema":{"@context":"https:\/\/schema.org","@graph":[{"@type":"WebPage","@id":"https:\/\/guenner-immobilien.de\/einzugsgebiete\/grunewald\/","url":"https:\/\/www.guenner-immobilien.de\/einzugsgebiete\/grunewald","name":"Agents immobiliers \u00e0 Berlin-Grunewald : service fiable | Guenner Immobilier","isPartOf":{"@id":"https:\/\/guenner-immobilien.de\/#website"},"primaryImageOfPage":{"@id":"https:\/\/www.guenner-immobilien.de\/einzugsgebiete\/grunewald#primaryimage"},"image":{"@id":"https:\/\/www.guenner-immobilien.de\/einzugsgebiete\/grunewald#primaryimage"},"thumbnailUrl":"https:\/\/guenner-immobilien.de\/wp-content\/uploads\/2024\/09\/grunewald.jpg","datePublished":"2024-09-27T18:53:23+00:00","dateModified":"2024-09-27T18:56:56+00:00","description":"D\u00e9couvrez les biens immobiliers recherch\u00e9s \u00e0 Grunewald. D\u00e9couvrez pourquoi ce quartier est si populaire. Laissez-vous conseiller par notre \u00e9quipe exp\u00e9riment\u00e9e.","breadcrumb":{"@id":"https:\/\/www.guenner-immobilien.de\/einzugsgebiete\/grunewald#breadcrumb"},"inLanguage":"fr-FR","potentialAction":[{"@type":"ReadAction","target":["https:\/\/www.guenner-immobilien.de\/einzugsgebiete\/grunewald"]}]},{"@type":"ImageObject","inLanguage":"fr-FR","@id":"https:\/\/www.guenner-immobilien.de\/einzugsgebiete\/grunewald#primaryimage","url":"https:\/\/guenner-immobilien.de\/wp-content\/uploads\/2024\/09\/grunewald.jpg","contentUrl":"https:\/\/guenner-immobilien.de\/wp-content\/uploads\/2024\/09\/grunewald.jpg","width":1349,"height":777,"caption":"Wir beraten Sie umf\u00e4nglich um Ihr Immobiliengesch\u00e4ft in Berlin!"},{"@type":"BreadcrumbList","@id":"https:\/\/www.guenner-immobilien.de\/einzugsgebiete\/grunewald#breadcrumb","itemListElement":[{"@type":"ListItem","position":1,"name":"Startseite","item":"https:\/\/guenner-immobilien.de\/"},{"@type":"ListItem","position":2,"name":"Einzugsgebiete","item":"https:\/\/guenner-immobilien.de\/einzugsgebiete\/"},{"@type":"ListItem","position":3,"name":"Grunewald"}]},{"@type":"WebSite","@id":"https:\/\/guenner-immobilien.de\/#website","url":"https:\/\/guenner-immobilien.de\/","name":"Guenner Immobilier","description":"Agents immobiliers et biens immobiliers \u00e0 Berlin et ses environs","potentialAction":[{"@type":"SearchAction","target":{"@type":"EntryPoint","urlTemplate":"https:\/\/guenner-immobilien.de\/?s={search_term_string}"},"query-input":{"@type":"PropertyValueSpecification","valueRequired":true,"valueName":"search_term_string"}}],"inLanguage":"fr-FR"}]}},"_links":{"self":[{"href":"https:\/\/guenner-immobilien.de\/fr\/wp-json\/wp\/v2\/pages\/1740","targetHints":{"allow":["GET"]}}],"collection":[{"href":"https:\/\/guenner-immobilien.de\/fr\/wp-json\/wp\/v2\/pages"}],"about":[{"href":"https:\/\/guenner-immobilien.de\/fr\/wp-json\/wp\/v2\/types\/page"}],"author":[{"embeddable":true,"href":"https:\/\/guenner-immobilien.de\/fr\/wp-json\/wp\/v2\/users\/4"}],"replies":[{"embeddable":true,"href":"https:\/\/guenner-immobilien.de\/fr\/wp-json\/wp\/v2\/comments?post=1740"}],"version-history":[{"count":4,"href":"https:\/\/guenner-immobilien.de\/fr\/wp-json\/wp\/v2\/pages\/1740\/revisions"}],"predecessor-version":[{"id":1745,"href":"https:\/\/guenner-immobilien.de\/fr\/wp-json\/wp\/v2\/pages\/1740\/revisions\/1745"}],"up":[{"embeddable":true,"href":"https:\/\/guenner-immobilien.de\/fr\/wp-json\/wp\/v2\/pages\/1375"}],"wp:featuredmedia":[{"embeddable":true,"href":"https:\/\/guenner-immobilien.de\/fr\/wp-json\/wp\/v2\/media\/1743"}],"wp:attachment":[{"href":"https:\/\/guenner-immobilien.de\/fr\/wp-json\/wp\/v2\/media?parent=1740"}],"curies":[{"name":"wp","href":"https:\/\/api.w.org\/{rel}","templated":true}]}}