{"id":1889,"date":"2025-03-19T10:34:52","date_gmt":"2025-03-19T10:34:52","guid":{"rendered":"https:\/\/guenner-immobilien.de\/?page_id=1889"},"modified":"2025-03-19T10:34:52","modified_gmt":"2025-03-19T10:34:52","slug":"evaluer-un-appartement-en-ligne","status":"publish","type":"page","link":"https:\/\/guenner-immobilien.de\/fr\/evaluer-un-appartement-en-ligne\/","title":{"rendered":"\u00c9valuez votre appartement en ligne"},"content":{"rendered":"<section class=\"l-section wpb_row us_custom_8b0490a4 contentBorder height_auto\" id=\"immobewertung\"><div class=\"l-section-overlay\" style=\"background:rgba(247,241,228,0.50)\"><\/div><div class=\"l-section-h i-cf\"><div class=\"g-cols vc_row via_flex valign_top type_default stacking_default\"><div class=\"vc_col-sm-12 wpb_column vc_column_container\"><div class=\"vc_column-inner\"><div class=\"wpb_wrapper\"><div class=\"w-html us_custom_e6a8627b\"><div class=\"container\"> \n  <maklaro-valuation-slider id=\"maklaro-slider-widget\" data-partner-id=\"GUENNER\" data-language=\"DE\" data-type=\"evaluation\" data-primary-color=\"#800000\" data-lead-flow-code=\"GUENNER\" data-max-fullscreen-width=\"540\" data-hide-fullscreen-on-start=\"0\" > <\/maklaro-valuation-slider> \n  <script src=\"https:\/\/slider.maklaro.com\/main.js\"><\/script> \n<\/div>\n<\/div><\/div><\/div><\/div><\/div><\/div><\/section><section class=\"l-section wpb_row height_medium\"><div class=\"l-section-h i-cf\"><div class=\"g-cols vc_row via_flex valign_top type_default stacking_default\"><div class=\"vc_col-sm-12 wpb_column vc_column_container\"><div class=\"vc_column-inner\"><div class=\"wpb_wrapper\"><div class=\"wpb_text_column\"><div class=\"wpb_wrapper\"><h1>Obtenez la valeur de votre appartement en ligne<\/h1>\n<ul>\n<li>Cr\u00e9ez un avis rapidement et facilement<\/li>\n<li>Inklusive pers\u00f6nlicher Beratung<\/li>\n<li>100 % kostenfrei<\/li>\n<\/ul>\n<h2><em>Mit wenigen Eingaben und sofort<\/em> unverbindliche Preisindikation erhalten.<\/h2>\n<p>Mit wenigen Angaben zu Ihrer Wohnung, wie Wohnfl\u00e4che, Lage und Baujahr, erhalten Sie eine erste Einsch\u00e4tzung des Marktwertes. Die Bewertung basiert auf aktuellen Marktdaten und unserer professionellen Expertise f\u00fcr eine erste Einsch\u00e4tzung.<\/p>\n<\/div><\/div><\/div><\/div><\/div><\/div><\/div><\/section>","protected":false},"excerpt":{"rendered":"Erhalten Sie online den Wert Ihrer Wohnung Schnell &amp; einfach Bewertung erstellen Inklusive pers\u00f6nlicher Beratung 100 % kostenfrei Mit wenigen Eingaben und sofort unverbindliche Preisindikation erhalten. Mit wenigen Angaben zu Ihrer Wohnung, wie Wohnfl\u00e4che, Lage und Baujahr, erhalten Sie eine erste Einsch\u00e4tzung des Marktwertes. Die Bewertung basiert auf aktuellen Marktdaten und unserer professionellen Expertise f\u00fcr...","protected":false},"author":6,"featured_media":1360,"parent":0,"menu_order":0,"comment_status":"closed","ping_status":"closed","template":"","meta":{"footnotes":""},"class_list":["post-1889","page","type-page","status-publish","has-post-thumbnail","hentry"],"yoast_head":"<!-- This site is optimized with the Yoast SEO plugin v26.0 - https:\/\/yoast.com\/wordpress\/plugins\/seo\/ -->\n<title>Erhalten Sie online den Wert Ihrer Wohnung<\/title>\n<meta name=\"description\" content=\"Erhalten Sie eine kostenlose und unverbindliche Preisindikation f\u00fcr Ihre Wohnung. Geben Sie einfach Fl\u00e4che, Lage und Baujahr an und erfahren Sie den aktuellen Marktwert!\" \/>\n<meta name=\"robots\" content=\"noindex, follow\" \/>\n<meta property=\"og:locale\" content=\"fr_FR\" \/>\n<meta property=\"og:type\" content=\"article\" \/>\n<meta property=\"og:title\" content=\"Erhalten Sie online den Wert Ihrer Wohnung\" \/>\n<meta property=\"og:description\" content=\"Erhalten Sie eine kostenlose und unverbindliche Preisindikation f\u00fcr Ihre Wohnung. Geben Sie einfach Fl\u00e4che, Lage und Baujahr an und erfahren Sie den aktuellen Marktwert!\" \/>\n<meta property=\"og:url\" content=\"https:\/\/www.guenner-immobilien.de\/immobilie-bewerten\" \/>\n<meta property=\"og:site_name\" content=\"Guenner Immobilien\" \/>\n<meta property=\"og:image\" content=\"https:\/\/guenner-immobilien.de\/wp-content\/uploads\/2024\/09\/home_reg_experte_h.cf421dc5.jpg\" \/>\n\t<meta property=\"og:image:width\" content=\"629\" \/>\n\t<meta property=\"og:image:height\" content=\"629\" \/>\n\t<meta property=\"og:image:type\" content=\"image\/jpeg\" \/>\n<meta name=\"twitter:card\" content=\"summary_large_image\" \/>\n<meta name=\"twitter:label1\" content=\"Dur\u00e9e de lecture estim\u00e9e\" \/>\n\t<meta name=\"twitter:data1\" content=\"1 minute\" \/>\n<script type=\"application\/ld+json\" class=\"yoast-schema-graph\">{\"@context\":\"https:\/\/schema.org\",\"@graph\":[{\"@type\":\"WebPage\",\"@id\":\"https:\/\/guenner-immobilien.de\/wohnung-online-bewerten\/\",\"url\":\"https:\/\/www.guenner-immobilien.de\/immobilie-bewerten\",\"name\":\"Erhalten Sie online den Wert Ihrer Wohnung\",\"isPartOf\":{\"@id\":\"https:\/\/guenner-immobilien.de\/#website\"},\"primaryImageOfPage\":{\"@id\":\"https:\/\/www.guenner-immobilien.de\/immobilie-bewerten#primaryimage\"},\"image\":{\"@id\":\"https:\/\/www.guenner-immobilien.de\/immobilie-bewerten#primaryimage\"},\"thumbnailUrl\":\"https:\/\/guenner-immobilien.de\/wp-content\/uploads\/2024\/09\/home_reg_experte_h.cf421dc5.jpg\",\"datePublished\":\"2025-03-19T10:34:52+00:00\",\"description\":\"Erhalten Sie eine kostenlose und unverbindliche Preisindikation f\u00fcr Ihre Wohnung. Geben Sie einfach Fl\u00e4che, Lage und Baujahr an und erfahren Sie den aktuellen Marktwert!\",\"breadcrumb\":{\"@id\":\"https:\/\/www.guenner-immobilien.de\/immobilie-bewerten#breadcrumb\"},\"inLanguage\":\"fr-FR\",\"potentialAction\":[{\"@type\":\"ReadAction\",\"target\":[\"https:\/\/www.guenner-immobilien.de\/immobilie-bewerten\"]}]},{\"@type\":\"ImageObject\",\"inLanguage\":\"fr-FR\",\"@id\":\"https:\/\/www.guenner-immobilien.de\/immobilie-bewerten#primaryimage\",\"url\":\"https:\/\/guenner-immobilien.de\/wp-content\/uploads\/2024\/09\/home_reg_experte_h.cf421dc5.jpg\",\"contentUrl\":\"https:\/\/guenner-immobilien.de\/wp-content\/uploads\/2024\/09\/home_reg_experte_h.cf421dc5.jpg\",\"width\":629,\"height\":629,\"caption\":\"Vertrauen Sie auf mehr als 10 Jahre Erfahrung!\"},{\"@type\":\"BreadcrumbList\",\"@id\":\"https:\/\/www.guenner-immobilien.de\/immobilie-bewerten#breadcrumb\",\"itemListElement\":[{\"@type\":\"ListItem\",\"position\":1,\"name\":\"Startseite\",\"item\":\"https:\/\/guenner-immobilien.de\/\"},{\"@type\":\"ListItem\",\"position\":2,\"name\":\"Wohnung online bewerten\"}]},{\"@type\":\"WebSite\",\"@id\":\"https:\/\/guenner-immobilien.de\/#website\",\"url\":\"https:\/\/guenner-immobilien.de\/\",\"name\":\"Guenner Immobilien\",\"description\":\"Immobilienmakler und Immobilien in Berlin und Umgebung\",\"potentialAction\":[{\"@type\":\"SearchAction\",\"target\":{\"@type\":\"EntryPoint\",\"urlTemplate\":\"https:\/\/guenner-immobilien.de\/?s={search_term_string}\"},\"query-input\":{\"@type\":\"PropertyValueSpecification\",\"valueRequired\":true,\"valueName\":\"search_term_string\"}}],\"inLanguage\":\"fr-FR\"}]}<\/script>\n<!-- \/ Yoast SEO plugin. -->","yoast_head_json":{"title":"Obtenez la valeur de votre appartement en ligne","description":"Obtenez une estimation gratuite et sans engagement pour votre appartement. Indiquez simplement le quartier, l&#039;emplacement et l&#039;ann\u00e9e de construction pour conna\u00eetre la valeur marchande actuelle\u00a0!","robots":{"index":"noindex","follow":"follow"},"og_locale":"fr_FR","og_type":"article","og_title":"Erhalten Sie online den Wert Ihrer Wohnung","og_description":"Erhalten Sie eine kostenlose und unverbindliche Preisindikation f\u00fcr Ihre Wohnung. Geben Sie einfach Fl\u00e4che, Lage und Baujahr an und erfahren Sie den aktuellen Marktwert!","og_url":"https:\/\/www.guenner-immobilien.de\/immobilie-bewerten","og_site_name":"Guenner Immobilien","og_image":[{"width":629,"height":629,"url":"https:\/\/guenner-immobilien.de\/wp-content\/uploads\/2024\/09\/home_reg_experte_h.cf421dc5.jpg","type":"image\/jpeg"}],"twitter_card":"summary_large_image","twitter_misc":{"Dur\u00e9e de lecture estim\u00e9e":"1 minute"},"schema":{"@context":"https:\/\/schema.org","@graph":[{"@type":"WebPage","@id":"https:\/\/guenner-immobilien.de\/wohnung-online-bewerten\/","url":"https:\/\/www.guenner-immobilien.de\/immobilie-bewerten","name":"Obtenez la valeur de votre appartement en ligne","isPartOf":{"@id":"https:\/\/guenner-immobilien.de\/#website"},"primaryImageOfPage":{"@id":"https:\/\/www.guenner-immobilien.de\/immobilie-bewerten#primaryimage"},"image":{"@id":"https:\/\/www.guenner-immobilien.de\/immobilie-bewerten#primaryimage"},"thumbnailUrl":"https:\/\/guenner-immobilien.de\/wp-content\/uploads\/2024\/09\/home_reg_experte_h.cf421dc5.jpg","datePublished":"2025-03-19T10:34:52+00:00","description":"Obtenez une estimation gratuite et sans engagement pour votre appartement. Indiquez simplement le quartier, l&#039;emplacement et l&#039;ann\u00e9e de construction pour conna\u00eetre la valeur marchande actuelle\u00a0!","breadcrumb":{"@id":"https:\/\/www.guenner-immobilien.de\/immobilie-bewerten#breadcrumb"},"inLanguage":"fr-FR","potentialAction":[{"@type":"ReadAction","target":["https:\/\/www.guenner-immobilien.de\/immobilie-bewerten"]}]},{"@type":"ImageObject","inLanguage":"fr-FR","@id":"https:\/\/www.guenner-immobilien.de\/immobilie-bewerten#primaryimage","url":"https:\/\/guenner-immobilien.de\/wp-content\/uploads\/2024\/09\/home_reg_experte_h.cf421dc5.jpg","contentUrl":"https:\/\/guenner-immobilien.de\/wp-content\/uploads\/2024\/09\/home_reg_experte_h.cf421dc5.jpg","width":629,"height":629,"caption":"Vertrauen Sie auf mehr als 10 Jahre Erfahrung!"},{"@type":"BreadcrumbList","@id":"https:\/\/www.guenner-immobilien.de\/immobilie-bewerten#breadcrumb","itemListElement":[{"@type":"ListItem","position":1,"name":"Startseite","item":"https:\/\/guenner-immobilien.de\/"},{"@type":"ListItem","position":2,"name":"Wohnung online bewerten"}]},{"@type":"WebSite","@id":"https:\/\/guenner-immobilien.de\/#website","url":"https:\/\/guenner-immobilien.de\/","name":"Guenner Immobilier","description":"Agents immobiliers et biens immobiliers \u00e0 Berlin et ses environs","potentialAction":[{"@type":"SearchAction","target":{"@type":"EntryPoint","urlTemplate":"https:\/\/guenner-immobilien.de\/?s={search_term_string}"},"query-input":{"@type":"PropertyValueSpecification","valueRequired":true,"valueName":"search_term_string"}}],"inLanguage":"fr-FR"}]}},"_links":{"self":[{"href":"https:\/\/guenner-immobilien.de\/fr\/wp-json\/wp\/v2\/pages\/1889","targetHints":{"allow":["GET"]}}],"collection":[{"href":"https:\/\/guenner-immobilien.de\/fr\/wp-json\/wp\/v2\/pages"}],"about":[{"href":"https:\/\/guenner-immobilien.de\/fr\/wp-json\/wp\/v2\/types\/page"}],"author":[{"embeddable":true,"href":"https:\/\/guenner-immobilien.de\/fr\/wp-json\/wp\/v2\/users\/6"}],"replies":[{"embeddable":true,"href":"https:\/\/guenner-immobilien.de\/fr\/wp-json\/wp\/v2\/comments?post=1889"}],"version-history":[{"count":1,"href":"https:\/\/guenner-immobilien.de\/fr\/wp-json\/wp\/v2\/pages\/1889\/revisions"}],"predecessor-version":[{"id":1890,"href":"https:\/\/guenner-immobilien.de\/fr\/wp-json\/wp\/v2\/pages\/1889\/revisions\/1890"}],"wp:featuredmedia":[{"embeddable":true,"href":"https:\/\/guenner-immobilien.de\/fr\/wp-json\/wp\/v2\/media\/1360"}],"wp:attachment":[{"href":"https:\/\/guenner-immobilien.de\/fr\/wp-json\/wp\/v2\/media?parent=1889"}],"curies":[{"name":"wp","href":"https:\/\/api.w.org\/{rel}","templated":true}]}}