{"id":45,"date":"2023-02-22T19:47:01","date_gmt":"2023-02-22T19:47:01","guid":{"rendered":"https:\/\/maklertemplate.de\/?page_id=45"},"modified":"2025-03-11T11:08:19","modified_gmt":"2025-03-11T11:08:19","slug":"evaluer-la-propriete","status":"publish","type":"page","link":"https:\/\/guenner-immobilien.de\/fr\/evaluer-la-propriete\/","title":{"rendered":"\u00c9valuer la propri\u00e9t\u00e9"},"content":{"rendered":"<section class=\"l-section wpb_row us_custom_8b0490a4 contentBorder height_auto\" id=\"immobewertung\"><div class=\"l-section-overlay\" style=\"background:rgba(247,241,228,0.50)\"><\/div><div class=\"l-section-h i-cf\"><div class=\"g-cols vc_row via_flex valign_top type_default stacking_default\"><div class=\"vc_col-sm-6 wpb_column vc_column_container\"><div class=\"vc_column-inner\"><div class=\"wpb_wrapper\"><div class=\"wpb_text_column us_custom_239d8fba\"><div class=\"wpb_wrapper\"><h1>Ihr Spezialist f\u00fcr die kostenlose Bewertung Ihrer Immobilie.<\/h1>\n<\/div><\/div><div class=\"wpb_text_column hide_on_tablets hide_on_mobiles\" id=\"bewertungCheck\"><div class=\"wpb_wrapper\"><ul>\n<li>Cr\u00e9ez un avis rapidement et facilement<\/li>\n<li>Conseils de vente personnalis\u00e9s<\/li>\n<li>100% Gratuit<\/li>\n<\/ul>\n<\/div><\/div><div class=\"w-image pfeil hide_on_tablets hide_on_mobiles align_right\"><div class=\"w-image-h\"><img decoding=\"async\" width=\"1024\" height=\"1024\" src=\"https:\/\/guenner-immobilien.de\/wp-content\/uploads\/2024\/10\/pfeil-bewertung.svg\" class=\"attachment-large size-large\" alt=\"\" loading=\"lazy\" \/><\/div><\/div><\/div><\/div><\/div><div class=\"vc_col-sm-6 wpb_column vc_column_container\"><div class=\"vc_column-inner\"><div class=\"wpb_wrapper\"><div class=\"w-html us_custom_1ac7f556\"><div class=\"container\"> \n  <maklaro-valuation-slider id=\"maklaro-slider-widget\" data-partner-id=\"GUENNER\" data-language=\"DE\" data-type=\"evaluation\" data-primary-color=\"#800000\" data-lead-flow-code=\"GUENNER\" data-max-fullscreen-width=\"540\" data-hide-fullscreen-on-start=\"0\" > <\/maklaro-valuation-slider> \n  <script src=\"https:\/\/slider.maklaro.com\/main.js\"><\/script> \n<\/div>\n<\/div><\/div><\/div><\/div><\/div><\/div><\/section><section class=\"l-section wpb_row height_medium\"><div class=\"l-section-h i-cf\"><div class=\"g-cols vc_row via_flex valign_top type_default stacking_default\"><div class=\"vc_col-sm-12 wpb_column vc_column_container\"><div class=\"vc_column-inner\"><div class=\"wpb_wrapper\"><div class=\"wpb_text_column\"><div class=\"wpb_wrapper\"><h2>Vous envisagez de vendre votre propri\u00e9t\u00e9 ? \u00c9valuation gratuite de la valeur marchande !<\/h2>\n<p>Profitez de l&#039;opportunit\u00e9. Sur la base des donn\u00e9es actuelles du cadastre, du calendrier du contrat d&#039;achat et en tenant compte de l&#039;\u00e9volution actuelle du march\u00e9 immobilier, nous pouvons vous donner une estimation de la valeur marchande possible de votre bien \u00e0 Berlin et dans ses environs.<\/p>\n<\/div><\/div><\/div><\/div><\/div><\/div><\/div><\/section><section class=\"l-section wpb_row us_custom_0c4d7bdf height_medium\"><div class=\"l-section-h i-cf\"><div class=\"g-cols vc_row via_flex valign_top type_default stacking_default\"><div class=\"vc_col-sm-12 wpb_column vc_column_container\"><div class=\"vc_column-inner\"><div class=\"wpb_wrapper\"><div class=\"wpb_text_column\"><div class=\"wpb_wrapper\"><h2>Avantages de <span class=\"gold\">Estimation immobili\u00e8re en ligne<\/span><\/h2>\n<p>R\u00e9aliser une estimation immobili\u00e8re en ligne s&#039;est av\u00e9r\u00e9 \u00eatre le moyen le plus efficace pour d\u00e9terminer la valeur de votre bien rapidement et sans frais suppl\u00e9mentaires. \u00c0 l\u2019\u00e8re du num\u00e9rique, ces services offrent une solution simple et accessible de n\u2019importe o\u00f9. Dans le m\u00eame temps, vous \u00e9conomisez les co\u00fbts et le temps n\u00e9cessaires aux \u00e9valuations traditionnelles par un \u00e9valuateur.<\/p>\n<\/div><\/div><div class=\"g-cols wpb_row us_custom_f3f68ac4 via_flex valign_top type_default stacking_default\"><div class=\"vc_col-sm-4 wpb_column vc_column_container\"><div class=\"vc_column-inner\"><div class=\"wpb_wrapper\"><div class=\"wpb_text_column\"><div class=\"wpb_wrapper\"><ul>\n<li>R\u00e9sultat fond\u00e9<\/li>\n<li>Gratuitement<\/li>\n<li>Sans engagement<\/li>\n<\/ul>\n<\/div><\/div><\/div><\/div><\/div><div class=\"vc_col-sm-4 wpb_column vc_column_container\"><div class=\"vc_column-inner\"><div class=\"wpb_wrapper\"><div class=\"wpb_text_column\"><div class=\"wpb_wrapper\"><ul>\n<li>Estimations objectives<\/li>\n<li>Efficace<\/li>\n<li>Bas\u00e9 sur les donn\u00e9es<\/li>\n<\/ul>\n<\/div><\/div><\/div><\/div><\/div><div class=\"vc_col-sm-4 wpb_column vc_column_container\"><div class=\"vc_column-inner\"><div class=\"wpb_wrapper\"><div class=\"wpb_text_column\"><div class=\"wpb_wrapper\"><ul>\n<li>Aper\u00e7u g\u00e9n\u00e9ral du march\u00e9<\/li>\n<\/ul>\n<\/div><\/div><\/div><\/div><\/div><\/div><\/div><\/div><\/div><\/div><\/div><\/section><section class=\"l-section wpb_row height_medium\"><div class=\"l-section-h i-cf\"><div class=\"g-cols vc_row via_flex valign_top type_default stacking_default\"><div class=\"vc_col-sm-12 wpb_column vc_column_container\"><div class=\"vc_column-inner\"><div class=\"wpb_wrapper\"><div class=\"wpb_text_column\"><div class=\"wpb_wrapper\"><h2>Avec seulement quelques entr\u00e9es et clics. <span class=\"gold\">100 % gratuits.<\/span><\/h2>\n<h3>Recevez imm\u00e9diatement une indication de prix sans engagement<\/h3>\n<p>Avec quelques d\u00e9tails sur votre bien, comme la surface habitable, la localisation et l&#039;ann\u00e9e de construction, vous recevrez une premi\u00e8re estimation de la valeur marchande. La valorisation est bas\u00e9e sur les donn\u00e9es actuelles du march\u00e9 et plus professionnelles <a title=\"En savoir plus sur notre expertise\" href=\"\/fr\/a-propos-de-nous\/\">Comp\u00e9tence<\/a>, pour une estimation approximative.<\/p>\n<\/div><\/div><\/div><\/div><\/div><\/div><\/div><\/section><section class=\"l-section wpb_row us_custom_c70c97eb contentBorder height_medium\"><div class=\"l-section-h i-cf\"><div class=\"g-cols vc_row via_flex valign_top type_default stacking_default\"><div class=\"vc_col-sm-12 wpb_column vc_column_container\"><div class=\"vc_column-inner\"><div class=\"wpb_wrapper\"><div class=\"wpb_text_column us_custom_92b2762d\"><div class=\"wpb_wrapper\"><h2>T\u00e9moignages<\/h2>\n<h3><span class=\"gold\">Clients fid\u00e8les<\/span> Non seulement ils reviennent, mais ils nous recommandent \u00e0 d&#039;autres<\/h3>\n<\/div><\/div>\n\t<div class=\"wpb_raw_code wpb_raw_html wpb_content_element us_custom_909b2fd0\" >\n\t\t<div class=\"wpb_wrapper\">\n\t\t\t<script src=\"https:\/\/static.elfsight.com\/platform\/platform.js\" data-use-service-core defer><\/script>\n<div class=\"elfsight-app-4affd119-c130-4a1d-824e-4b06cd228cf0\" data-elfsight-app-lazy><\/div>\n\t\t<\/div>\n\t<\/div>\n<\/div><\/div><\/div><\/div><\/div><\/section><section class=\"l-section wpb_row height_medium\"><div class=\"l-section-h i-cf\"><div class=\"g-cols vc_row via_flex valign_top type_default stacking_default\"><div class=\"vc_col-sm-12 wpb_column vc_column_container\"><div class=\"vc_column-inner\"><div class=\"wpb_wrapper\"><div class=\"wpb_text_column\"><div class=\"wpb_wrapper\"><h2 class=\"h2\">D\u00e9terminez la valeur maintenant \u2013 Obtenez-en une <span class=\"gold\">indication de prix sans engagement<\/span><\/h2>\n<p>Vendre une propri\u00e9t\u00e9 peut prendre beaucoup de temps et \u00eatre tr\u00e8s exigeant. \u00c0 un <a title=\"Nos offres immobili\u00e8res\" href=\"\/fr\/toutes-les-proprietes\/\">Maison<\/a>Afin de r\u00e9ussir la vente d\u2019un appartement ou d\u2019une propri\u00e9t\u00e9, de nombreux \u00e9l\u00e9ments doivent \u00eatre pris en compte et de nombreuses questions doivent \u00eatre r\u00e9pondues. Nous aidons <a title=\"En savoir plus sur nos services\" href=\"\/fr\/a-propos-de-nous\/\">propri\u00e9taires<\/a>pour prendre les bonnes d\u00e9cisions lors de la vente de votre propri\u00e9t\u00e9. J&#039;esp\u00e8re que vous pourrez obtenir le produit des ventes le plus \u00e9lev\u00e9 possible.<\/p>\n<\/div><\/div><\/div><\/div><\/div><\/div><\/div><\/section><section class=\"l-section wpb_row us_custom_adaa8e22 height_medium\"><div class=\"l-section-h i-cf\"><div class=\"g-cols vc_row via_flex valign_top type_default stacking_default\"><div class=\"vc_col-sm-12 wpb_column vc_column_container\"><div class=\"vc_column-inner\"><div class=\"wpb_wrapper\"><div class=\"wpb_text_column\"><div class=\"wpb_wrapper\"><h2 class=\"h2\">Questions fr\u00e9quemment pos\u00e9es<\/h2>\n<h3>Vendre un bien immobilier : voici comment fonctionne une vente immobili\u00e8re r\u00e9ussie<\/h3>\n<\/div><\/div><div class=\"w-tabs us_custom_cdf14ffd style_default switch_click accordion\" style=\"--sections-title-size:inherit\"><div class=\"w-tabs-sections titles-align_none icon_chevron cpos_right\"><div class=\"w-tabs-section\" id=\"g425\" itemscope itemprop=\"mainEntity\" itemtype=\"https:\/\/schema.org\/Question\"><button class=\"w-tabs-section-header\" aria-controls=\"content-g425\" aria-expanded=\"false\"><div class=\"w-tabs-section-title\" itemprop=\"name\">Que dois-je faire si je souhaite vendre une propri\u00e9t\u00e9 \u00e0 Berlin ?<\/div><div class=\"w-tabs-section-control\"><\/div><\/button><div  class=\"w-tabs-section-content\" id=\"content-g425\" itemscope itemprop=\"acceptedAnswer\" itemtype=\"https:\/\/schema.org\/Answer\"><div class=\"w-tabs-section-content-h i-cf\" itemprop=\"text\"><div class=\"wpb_text_column\"><div class=\"wpb_wrapper\"><p>Des documents doivent \u00eatre obtenus et un expos\u00e9 cr\u00e9\u00e9. La propri\u00e9t\u00e9 doit \u00eatre annonc\u00e9e, communiqu\u00e9e aux parties int\u00e9ress\u00e9es et des visites doivent \u00eatre effectu\u00e9es. Le prix d&#039;achat doit ensuite \u00eatre n\u00e9goci\u00e9, le contrat d&#039;achat r\u00e9dig\u00e9 et notari\u00e9.<\/p>\n<\/div><\/div><\/div><\/div><\/div><div class=\"w-tabs-section\" id=\"g61f\" itemscope itemprop=\"mainEntity\" itemtype=\"https:\/\/schema.org\/Question\"><button class=\"w-tabs-section-header\" aria-controls=\"content-g61f\" aria-expanded=\"false\"><div class=\"w-tabs-section-title\" itemprop=\"name\">Quelle est la meilleure fa\u00e7on de vendre une propri\u00e9t\u00e9 \u00e0 Berlin ?<\/div><div class=\"w-tabs-section-control\"><\/div><\/button><div  class=\"w-tabs-section-content\" id=\"content-g61f\" itemscope itemprop=\"acceptedAnswer\" itemtype=\"https:\/\/schema.org\/Answer\"><div class=\"w-tabs-section-content-h i-cf\" itemprop=\"text\"><div class=\"wpb_text_column\"><div class=\"wpb_wrapper\"><p>Si vous souhaitez vendre une propri\u00e9t\u00e9 en Allemagne, le contrat d&#039;achat doit \u00eatre certifi\u00e9 par un notaire. Les d\u00e9tails exacts de la vente et tous les accords doivent \u00eatre consign\u00e9s dans le contrat.<\/p>\n<p>Pour ce faire, vous aurez besoin de divers documents, comme un extrait du registre foncier en vigueur, un certificat \u00e9nerg\u00e9tique, des plans d&#039;\u00e9tage, une description du b\u00e2timent, etc.<\/p>\n<p>Afin de d\u00e9terminer le prix de vente, il faut d\u00e9terminer la valeur du bien. Des facteurs tels que l\u2019emplacement, le type, la taille et l\u2019ann\u00e9e de construction, ainsi que l\u2019efficacit\u00e9 \u00e9nerg\u00e9tique, l\u2019\u00e9tat et l\u2019\u00e9quipement sont cruciaux.<\/p>\n<\/div><\/div><\/div><\/div><\/div><div class=\"w-tabs-section\" id=\"j7fb\" itemscope itemprop=\"mainEntity\" itemtype=\"https:\/\/schema.org\/Question\"><button class=\"w-tabs-section-header\" aria-controls=\"content-j7fb\" aria-expanded=\"false\"><div class=\"w-tabs-section-title\" itemprop=\"name\">Pourquoi ne devriez-vous pas vendre votre propri\u00e9t\u00e9 \u00e0 Berlin sans agent ?<\/div><div class=\"w-tabs-section-control\"><\/div><\/button><div  class=\"w-tabs-section-content\" id=\"content-j7fb\" itemscope itemprop=\"acceptedAnswer\" itemtype=\"https:\/\/schema.org\/Answer\"><div class=\"w-tabs-section-content-h i-cf\" itemprop=\"text\"><div class=\"wpb_text_column\"><div class=\"wpb_wrapper\"><p>Si vous n\u2019avez pas suffisamment de connaissances, vous n\u2019aurez aucune s\u00e9curit\u00e9 juridique lors de la vente de votre propri\u00e9t\u00e9. Dans de nombreux cas, en tant que vendeur, vous n\u2019obtenez pas le meilleur prix possible.<\/p>\n<\/div><\/div><\/div><\/div><\/div><div class=\"w-tabs-section\" id=\"b9c0\" itemscope itemprop=\"mainEntity\" itemtype=\"https:\/\/schema.org\/Question\"><button class=\"w-tabs-section-header\" aria-controls=\"content-b9c0\" aria-expanded=\"false\"><div class=\"w-tabs-section-title\" itemprop=\"name\">Pourquoi vendre avec un agent \u00e0 Berlin ?<\/div><div class=\"w-tabs-section-control\"><\/div><\/button><div  class=\"w-tabs-section-content\" id=\"content-b9c0\" itemscope itemprop=\"acceptedAnswer\" itemtype=\"https:\/\/schema.org\/Answer\"><div class=\"w-tabs-section-content-h i-cf\" itemprop=\"text\"><div class=\"wpb_text_column\"><div class=\"wpb_wrapper\"><p>Un courtier a l&#039;avantage de conna\u00eetre tr\u00e8s bien le march\u00e9 immobilier local, c&#039;est-\u00e0-dire \u00e0 la fois la demande et les biens immobiliers les moins demand\u00e9s. En tant qu&#039;expert immobilier, il peut juger quels prix sont r\u00e9alistes et lesquels ne le sont pas. Id\u00e9alement, il pourra atteindre un prix de vente encore plus \u00e9lev\u00e9 que pr\u00e9vu.<\/p>\n<\/div><\/div><\/div><\/div><\/div><div class=\"w-tabs-section\" id=\"mbad\" itemscope itemprop=\"mainEntity\" itemtype=\"https:\/\/schema.org\/Question\"><button class=\"w-tabs-section-header\" aria-controls=\"content-mbad\" aria-expanded=\"false\"><div class=\"w-tabs-section-title\" itemprop=\"name\">A combien s&#039;\u00e9l\u00e8ve la taxe sur la vente d&#039;un bien immobilier ?<\/div><div class=\"w-tabs-section-control\"><\/div><\/button><div  class=\"w-tabs-section-content\" id=\"content-mbad\" itemscope itemprop=\"acceptedAnswer\" itemtype=\"https:\/\/schema.org\/Answer\"><div class=\"w-tabs-section-content-h i-cf\" itemprop=\"text\"><div class=\"wpb_text_column\"><div class=\"wpb_wrapper\"><p>Lors de la vente d\u2019un bien immobilier, l\u2019acheteur doit payer les droits de mutation immobili\u00e8re au bureau des imp\u00f4ts. Le taux d&#039;imposition varie selon les L\u00e4nder et s&#039;\u00e9chelonne de 3,5 % \u00e0 6,5 % du prix d&#039;achat.<\/p>\n<\/div><\/div><\/div><\/div><\/div><\/div><\/div><\/div><\/div><\/div><\/div><\/div><\/section><section class=\"l-section wpb_row guennerASP height_medium full_height valign_center with_img\"><div class=\"l-section-img\" role=\"img\" aria-label=\"Image\" data-img-width=\"2048\" data-img-height=\"1365\" style=\"background-image: url(https:\/\/guenner-immobilien.de\/wp-content\/uploads\/2024\/07\/guenner.jpg);background-position: center right;background-repeat: no-repeat;\"><\/div><div class=\"l-section-h i-cf\"><div class=\"g-cols vc_row via_flex valign_top type_default stacking_default\"><div class=\"vc_col-sm-6 wpb_column vc_column_container\"><div class=\"vc_column-inner\"><div class=\"wpb_wrapper\"><div class=\"wpb_text_column us_custom_4f24afa8\"><div class=\"wpb_wrapper\"><h2 class=\"gold\">VOUS AVONS-NOUS CONVAINCU ?<\/h2>\n<h2 class=\"goldSubline\">Prenez d\u00e8s maintenant un rendez-vous de consultation gratuit<\/h2>\n<\/div><\/div><div class=\"w-btn-wrapper align_none\"><a class=\"w-btn us-btn-style_1\" title=\"Contactez-nous maintenant\u00a0!\" href=\"https:\/\/guenner-immobilien.de\/fr\/contact\/\"><span class=\"w-btn-label\">Fixer un rendez-vous de consultation<\/span><\/a><\/div><\/div><\/div><\/div><div class=\"vc_col-sm-6 wpb_column vc_column_container\"><div class=\"vc_column-inner\"><div class=\"wpb_wrapper\"><div class=\"w-grid type_grid layout_blog_1 hidden cols_2\" id=\"us_grid_1\" style=\"--columns:2;--gap:1.5rem;\"><style>@media (max-width:900px){#us_grid_1{--columns:1!important}}.layout_blog_1 .w-grid-item-h{}.layout_blog_1 .usg_post_image_1{margin-bottom:0.5rem!important}.layout_blog_1 .usg_post_title_1{font-size:1rem!important}<\/style><div class=\"w-grid-list\"><\/div><div class=\"w-grid-preloader\">\t<div class=\"g-preloader type_1\">\r\n\t\t<div><\/div>\r\n\t<\/div>\r\n\t<\/div>\t<div class=\"w-grid-json hidden\" onclick='return {&quot;action&quot;:&quot;us_ajax_grid&quot;,&quot;infinite_scroll&quot;:0,&quot;max_num_pages&quot;:0,&quot;pagination&quot;:&quot;none&quot;,&quot;template_vars&quot;:{&quot;columns&quot;:&quot;2&quot;,&quot;exclude_items&quot;:&quot;none&quot;,&quot;img_size&quot;:&quot;default&quot;,&quot;ignore_items_size&quot;:0,&quot;items_layout&quot;:&quot;blog_1&quot;,&quot;items_offset&quot;:&quot;1&quot;,&quot;load_animation&quot;:&quot;none&quot;,&quot;overriding_link&quot;:&quot;{\\&quot;url\\&quot;:\\&quot;\\&quot;}&quot;,&quot;post_id&quot;:0,&quot;query_args&quot;:{&quot;posts_per_page&quot;:&quot;10&quot;},&quot;orderby_query_args&quot;:{&quot;orderby&quot;:{&quot;date&quot;:&quot;DESC&quot;}},&quot;type&quot;:&quot;grid&quot;,&quot;us_grid_post_type&quot;:&quot;ids_terms&quot;,&quot;us_grid_ajax_index&quot;:1,&quot;us_grid_filter_query_string&quot;:null,&quot;us_grid_index&quot;:1,&quot;page_args&quot;:[]}}'><\/div>\r\n\t<\/div><\/div><\/div><\/div><\/div><\/div><\/section>","protected":false},"excerpt":{"rendered":"Ihr Spezialist f\u00fcr die kostenlose Bewertung Ihrer Immobilie. Schnell &amp; einfach Bewertung erstellen Pers\u00f6nliche Verkaufsberatung 100% Kostenfrei Sie \u00fcberlegen Ihre Immobilie zu verkaufen? Kostenlose Marktwert-Einsch\u00e4tzung! Nutzen Sie die M\u00f6glichkeit. Basierend auf aktuellen Grundbuchsdaten, dem Kaufvertragsspiegel und unter Ber\u00fccksichtigung der aktuellen Entwicklungen am Immobilienmarkt k\u00f6nnen Ihnen eine Einsch\u00e4tzung hinsichtlich eines m\u00f6glichen Marktwertes f\u00fcr Ihre Immobilie in...","protected":false},"author":2,"featured_media":1360,"parent":0,"menu_order":0,"comment_status":"closed","ping_status":"closed","template":"","meta":{"footnotes":""},"class_list":["post-45","page","type-page","status-publish","has-post-thumbnail","hentry"],"yoast_head":"<!-- This site is optimized with the Yoast SEO plugin v26.0 - https:\/\/yoast.com\/wordpress\/plugins\/seo\/ -->\n<title>Unverbindliche Preisindikation f\u00fcr Ihre Immobilie | Guenner Immobilien<\/title>\n<meta name=\"description\" content=\"Erhalten Sie eine kostenlose und unverbindliche Preisindikation f\u00fcr Ihre Immobilie. Geben Sie einfach Fl\u00e4che, Lage und Baujahr an und erfahren Sie den aktuellen Marktwert!\" \/>\n<meta name=\"robots\" content=\"index, follow, max-snippet:-1, max-image-preview:large, max-video-preview:-1\" \/>\n<link rel=\"canonical\" href=\"https:\/\/www.guenner-immobilien.de\/immobilie-bewerten\" \/>\n<meta property=\"og:locale\" content=\"fr_FR\" \/>\n<meta property=\"og:type\" content=\"article\" \/>\n<meta property=\"og:title\" content=\"Unverbindliche Preisindikation f\u00fcr Ihre Immobilie | Guenner Immobilien\" \/>\n<meta property=\"og:description\" content=\"Erhalten Sie eine kostenlose und unverbindliche Preisindikation f\u00fcr Ihre Immobilie. Geben Sie einfach Fl\u00e4che, Lage und Baujahr an und erfahren Sie den aktuellen Marktwert!\" \/>\n<meta property=\"og:url\" content=\"https:\/\/www.guenner-immobilien.de\/immobilie-bewerten\" \/>\n<meta property=\"og:site_name\" content=\"Guenner Immobilien\" \/>\n<meta property=\"article:modified_time\" content=\"2025-03-11T11:08:19+00:00\" \/>\n<meta property=\"og:image\" content=\"https:\/\/guenner-immobilien.de\/wp-content\/uploads\/2024\/09\/home_reg_experte_h.cf421dc5.jpg\" \/>\n\t<meta property=\"og:image:width\" content=\"629\" \/>\n\t<meta property=\"og:image:height\" content=\"629\" \/>\n\t<meta property=\"og:image:type\" content=\"image\/jpeg\" \/>\n<meta name=\"twitter:card\" content=\"summary_large_image\" \/>\n<meta name=\"twitter:label1\" content=\"Dur\u00e9e de lecture estim\u00e9e\" \/>\n\t<meta name=\"twitter:data1\" content=\"4 minutes\" \/>\n<script type=\"application\/ld+json\" class=\"yoast-schema-graph\">{\"@context\":\"https:\/\/schema.org\",\"@graph\":[{\"@type\":\"WebPage\",\"@id\":\"https:\/\/guenner-immobilien.de\/immobilie-bewerten\/\",\"url\":\"https:\/\/www.guenner-immobilien.de\/immobilie-bewerten\",\"name\":\"Unverbindliche Preisindikation f\u00fcr Ihre Immobilie | Guenner Immobilien\",\"isPartOf\":{\"@id\":\"https:\/\/guenner-immobilien.de\/#website\"},\"primaryImageOfPage\":{\"@id\":\"https:\/\/www.guenner-immobilien.de\/immobilie-bewerten#primaryimage\"},\"image\":{\"@id\":\"https:\/\/www.guenner-immobilien.de\/immobilie-bewerten#primaryimage\"},\"thumbnailUrl\":\"https:\/\/guenner-immobilien.de\/wp-content\/uploads\/2024\/09\/home_reg_experte_h.cf421dc5.jpg\",\"datePublished\":\"2023-02-22T19:47:01+00:00\",\"dateModified\":\"2025-03-11T11:08:19+00:00\",\"description\":\"Erhalten Sie eine kostenlose und unverbindliche Preisindikation f\u00fcr Ihre Immobilie. Geben Sie einfach Fl\u00e4che, Lage und Baujahr an und erfahren Sie den aktuellen Marktwert!\",\"breadcrumb\":{\"@id\":\"https:\/\/www.guenner-immobilien.de\/immobilie-bewerten#breadcrumb\"},\"inLanguage\":\"fr-FR\",\"potentialAction\":[{\"@type\":\"ReadAction\",\"target\":[\"https:\/\/www.guenner-immobilien.de\/immobilie-bewerten\"]}]},{\"@type\":\"ImageObject\",\"inLanguage\":\"fr-FR\",\"@id\":\"https:\/\/www.guenner-immobilien.de\/immobilie-bewerten#primaryimage\",\"url\":\"https:\/\/guenner-immobilien.de\/wp-content\/uploads\/2024\/09\/home_reg_experte_h.cf421dc5.jpg\",\"contentUrl\":\"https:\/\/guenner-immobilien.de\/wp-content\/uploads\/2024\/09\/home_reg_experte_h.cf421dc5.jpg\",\"width\":629,\"height\":629,\"caption\":\"Vertrauen Sie auf mehr als 10 Jahre Erfahrung!\"},{\"@type\":\"BreadcrumbList\",\"@id\":\"https:\/\/www.guenner-immobilien.de\/immobilie-bewerten#breadcrumb\",\"itemListElement\":[{\"@type\":\"ListItem\",\"position\":1,\"name\":\"Startseite\",\"item\":\"https:\/\/guenner-immobilien.de\/\"},{\"@type\":\"ListItem\",\"position\":2,\"name\":\"Immobilie bewerten\"}]},{\"@type\":\"WebSite\",\"@id\":\"https:\/\/guenner-immobilien.de\/#website\",\"url\":\"https:\/\/guenner-immobilien.de\/\",\"name\":\"Guenner Immobilien\",\"description\":\"Immobilienmakler und Immobilien in Berlin und Umgebung\",\"potentialAction\":[{\"@type\":\"SearchAction\",\"target\":{\"@type\":\"EntryPoint\",\"urlTemplate\":\"https:\/\/guenner-immobilien.de\/?s={search_term_string}\"},\"query-input\":{\"@type\":\"PropertyValueSpecification\",\"valueRequired\":true,\"valueName\":\"search_term_string\"}}],\"inLanguage\":\"fr-FR\"}]}<\/script>\n<!-- \/ Yoast SEO plugin. -->","yoast_head_json":{"title":"Indication de prix sans engagement pour votre bien | Guenner Immobilier","description":"Recevez une indication de prix gratuite et sans engagement pour votre bien. Entrez simplement la superficie, le lieu et l&#039;ann\u00e9e de construction et d\u00e9couvrez la valeur marchande actuelle !","robots":{"index":"index","follow":"follow","max-snippet":"max-snippet:-1","max-image-preview":"max-image-preview:large","max-video-preview":"max-video-preview:-1"},"canonical":"https:\/\/www.guenner-immobilien.de\/immobilie-bewerten","og_locale":"fr_FR","og_type":"article","og_title":"Unverbindliche Preisindikation f\u00fcr Ihre Immobilie | Guenner Immobilien","og_description":"Erhalten Sie eine kostenlose und unverbindliche Preisindikation f\u00fcr Ihre Immobilie. Geben Sie einfach Fl\u00e4che, Lage und Baujahr an und erfahren Sie den aktuellen Marktwert!","og_url":"https:\/\/www.guenner-immobilien.de\/immobilie-bewerten","og_site_name":"Guenner Immobilien","article_modified_time":"2025-03-11T11:08:19+00:00","og_image":[{"width":629,"height":629,"url":"https:\/\/guenner-immobilien.de\/wp-content\/uploads\/2024\/09\/home_reg_experte_h.cf421dc5.jpg","type":"image\/jpeg"}],"twitter_card":"summary_large_image","twitter_misc":{"Dur\u00e9e de lecture estim\u00e9e":"4 minutes"},"schema":{"@context":"https:\/\/schema.org","@graph":[{"@type":"WebPage","@id":"https:\/\/guenner-immobilien.de\/immobilie-bewerten\/","url":"https:\/\/www.guenner-immobilien.de\/immobilie-bewerten","name":"Indication de prix sans engagement pour votre bien | Guenner Immobilier","isPartOf":{"@id":"https:\/\/guenner-immobilien.de\/#website"},"primaryImageOfPage":{"@id":"https:\/\/www.guenner-immobilien.de\/immobilie-bewerten#primaryimage"},"image":{"@id":"https:\/\/www.guenner-immobilien.de\/immobilie-bewerten#primaryimage"},"thumbnailUrl":"https:\/\/guenner-immobilien.de\/wp-content\/uploads\/2024\/09\/home_reg_experte_h.cf421dc5.jpg","datePublished":"2023-02-22T19:47:01+00:00","dateModified":"2025-03-11T11:08:19+00:00","description":"Recevez une indication de prix gratuite et sans engagement pour votre bien. Entrez simplement la superficie, le lieu et l&#039;ann\u00e9e de construction et d\u00e9couvrez la valeur marchande actuelle !","breadcrumb":{"@id":"https:\/\/www.guenner-immobilien.de\/immobilie-bewerten#breadcrumb"},"inLanguage":"fr-FR","potentialAction":[{"@type":"ReadAction","target":["https:\/\/www.guenner-immobilien.de\/immobilie-bewerten"]}]},{"@type":"ImageObject","inLanguage":"fr-FR","@id":"https:\/\/www.guenner-immobilien.de\/immobilie-bewerten#primaryimage","url":"https:\/\/guenner-immobilien.de\/wp-content\/uploads\/2024\/09\/home_reg_experte_h.cf421dc5.jpg","contentUrl":"https:\/\/guenner-immobilien.de\/wp-content\/uploads\/2024\/09\/home_reg_experte_h.cf421dc5.jpg","width":629,"height":629,"caption":"Vertrauen Sie auf mehr als 10 Jahre Erfahrung!"},{"@type":"BreadcrumbList","@id":"https:\/\/www.guenner-immobilien.de\/immobilie-bewerten#breadcrumb","itemListElement":[{"@type":"ListItem","position":1,"name":"Startseite","item":"https:\/\/guenner-immobilien.de\/"},{"@type":"ListItem","position":2,"name":"Immobilie bewerten"}]},{"@type":"WebSite","@id":"https:\/\/guenner-immobilien.de\/#website","url":"https:\/\/guenner-immobilien.de\/","name":"Guenner Immobilier","description":"Agents immobiliers et biens immobiliers \u00e0 Berlin et ses environs","potentialAction":[{"@type":"SearchAction","target":{"@type":"EntryPoint","urlTemplate":"https:\/\/guenner-immobilien.de\/?s={search_term_string}"},"query-input":{"@type":"PropertyValueSpecification","valueRequired":true,"valueName":"search_term_string"}}],"inLanguage":"fr-FR"}]}},"_links":{"self":[{"href":"https:\/\/guenner-immobilien.de\/fr\/wp-json\/wp\/v2\/pages\/45","targetHints":{"allow":["GET"]}}],"collection":[{"href":"https:\/\/guenner-immobilien.de\/fr\/wp-json\/wp\/v2\/pages"}],"about":[{"href":"https:\/\/guenner-immobilien.de\/fr\/wp-json\/wp\/v2\/types\/page"}],"author":[{"embeddable":true,"href":"https:\/\/guenner-immobilien.de\/fr\/wp-json\/wp\/v2\/users\/2"}],"replies":[{"embeddable":true,"href":"https:\/\/guenner-immobilien.de\/fr\/wp-json\/wp\/v2\/comments?post=45"}],"version-history":[{"count":47,"href":"https:\/\/guenner-immobilien.de\/fr\/wp-json\/wp\/v2\/pages\/45\/revisions"}],"predecessor-version":[{"id":1878,"href":"https:\/\/guenner-immobilien.de\/fr\/wp-json\/wp\/v2\/pages\/45\/revisions\/1878"}],"wp:featuredmedia":[{"embeddable":true,"href":"https:\/\/guenner-immobilien.de\/fr\/wp-json\/wp\/v2\/media\/1360"}],"wp:attachment":[{"href":"https:\/\/guenner-immobilien.de\/fr\/wp-json\/wp\/v2\/media?parent=45"}],"curies":[{"name":"wp","href":"https:\/\/api.w.org\/{rel}","templated":true}]}}